{"id":16294,"date":"2023-10-31T09:10:09","date_gmt":"2023-10-31T08:10:09","guid":{"rendered":"https:\/\/baralivres.ma\/?post_type=product&#038;p=16294"},"modified":"2023-10-31T09:10:09","modified_gmt":"2023-10-31T08:10:09","slug":"apres-toi-le-deluge","status":"publish","type":"product","link":"https:\/\/baralivres.ma\/?product=apres-toi-le-deluge","title":{"rendered":"Apr\u00e8s toi le d\u00e9luge"},"content":{"rendered":"<p>Avant l&rsquo;Ind\u00e9pendance, Tanger \u00e9tait surnomm\u00e9e \u00ab\u00a0la blanche\u00a0\u00bb. Un jour, Nelson Dyar d\u00e9cide de quitter son emploi s\u00e9curis\u00e9 de banquier \u00e0 New York pour s&rsquo;aventurer dans cette ville. Il y retrouve Wilcox, celui qui l&rsquo;a incit\u00e9 \u00e0 venir, et se lance dans des activit\u00e9s commerciales douteuses. C&rsquo;est l\u00e0 qu&rsquo;il croise la route de Thami, un Marocain \u00e0 la fois guide et contrebandier, chaleureux mais \u00e9nigmatique, capable de naviguer entre le monde hupp\u00e9 de la zone internationale et l&rsquo;effervescence des quartiers d\u00e9favoris\u00e9s de la ville.<\/p>\n","protected":false},"excerpt":{"rendered":"<p>Tanger pr\u00e9-ind\u00e9pendance : Nelson quitte New York pour affaires louches, rencontre Thami, naviguant entre mondes contrast\u00e9s.<\/p>\n","protected":false},"featured_media":16296,"comment_status":"open","ping_status":"closed","template":"","meta":{"inline_featured_image":false},"product_cat":[204,143],"product_tag":[],"class_list":{"0":"post-16294","1":"product","2":"type-product","3":"status-publish","4":"has-post-thumbnail","6":"product_cat-francais","7":"product_cat-roman","8":"pa_auteurs-paul-bowles","10":"first","11":"instock","12":"shipping-taxable","13":"purchasable","14":"product-type-simple"},"_links":{"self":[{"href":"https:\/\/baralivres.ma\/index.php?rest_route=\/wp\/v2\/product\/16294","targetHints":{"allow":["GET"]}}],"collection":[{"href":"https:\/\/baralivres.ma\/index.php?rest_route=\/wp\/v2\/product"}],"about":[{"href":"https:\/\/baralivres.ma\/index.php?rest_route=\/wp\/v2\/types\/product"}],"replies":[{"embeddable":true,"href":"https:\/\/baralivres.ma\/index.php?rest_route=%2Fwp%2Fv2%2Fcomments&post=16294"}],"version-history":[{"count":1,"href":"https:\/\/baralivres.ma\/index.php?rest_route=\/wp\/v2\/product\/16294\/revisions"}],"predecessor-version":[{"id":16297,"href":"https:\/\/baralivres.ma\/index.php?rest_route=\/wp\/v2\/product\/16294\/revisions\/16297"}],"wp:featuredmedia":[{"embeddable":true,"href":"https:\/\/baralivres.ma\/index.php?rest_route=\/wp\/v2\/media\/16296"}],"wp:attachment":[{"href":"https:\/\/baralivres.ma\/index.php?rest_route=%2Fwp%2Fv2%2Fmedia&parent=16294"}],"wp:term":[{"taxonomy":"product_cat","embeddable":true,"href":"https:\/\/baralivres.ma\/index.php?rest_route=%2Fwp%2Fv2%2Fproduct_cat&post=16294"},{"taxonomy":"product_tag","embeddable":true,"href":"https:\/\/baralivres.ma\/index.php?rest_route=%2Fwp%2Fv2%2Fproduct_tag&post=16294"}],"curies":[{"name":"wp","href":"https:\/\/api.w.org\/{rel}","templated":true}]}}