{"id":16290,"date":"2023-10-30T17:34:21","date_gmt":"2023-10-30T16:34:21","guid":{"rendered":"https:\/\/baralivres.ma\/?post_type=product&#038;p=16290"},"modified":"2023-10-30T17:34:21","modified_gmt":"2023-10-30T16:34:21","slug":"au-coeur-des-tenebres","status":"publish","type":"product","link":"https:\/\/baralivres.ma\/?product=au-coeur-des-tenebres","title":{"rendered":"Au coeur des t\u00e9n\u00e8bres"},"content":{"rendered":"<p>\u00ab\u00a0Alors que le soleil disparaissait et plongeait le fleuve dans l&rsquo;ombre, des lueurs apparaissaient le long de ses rives. Le phare de Chapman, perch\u00e9 sur ses trois jambes au-dessus de la boue, rayonnait d&rsquo;une luminosit\u00e9 \u00e9clatante. Des feux de navires scintillaient dans le passage, une agitation de lanternes mouvantes. Plus loin \u00e0 l&rsquo;ouest, bien en amont, les contours de la ville immense laissaient une marque sinistre dans le ciel ; son \u00e9paisseur sombre sous le soleil \u00e9tait devenue, sous le ciel \u00e9toil\u00e9, une \u00e9norme lueur p\u00e2le. &lsquo;Cet endroit aussi&rsquo;, dit subitement Marlow, &lsquo;a \u00e9t\u00e9 l&rsquo;un des recoins les plus sombres de la terre.'\u00a0\u00bb<\/p>\n<p>\u00ab\u00a0Au c\u0153ur des t\u00e9n\u00e8bres\u00a0\u00bb narre le p\u00e9riple de Charlie Marlow, un jeune officier de la marine marchande britannique, remontant le cours d&rsquo;un fleuve au sein de l&rsquo;Afrique noire. Ce voyage se pr\u00e9sente comme une graduelle s\u00e9paration de la civilisation et de l&rsquo;humanit\u00e9 vers les aspects les plus sauvages et primitifs de l&rsquo;homme. Francis Ford Coppola a adapt\u00e9 cette histoire dans le contexte de la guerre du Vietnam avec le film \u00ab\u00a0Apocalypse Now\u00a0\u00bb (1979).<\/p>\n","protected":false},"excerpt":{"rendered":"<div class=\"flex-shrink-0 flex flex-col relative items-end\">\n<div>\n<div class=\"relative p-1 rounded-sm h-9 w-9 text-white flex items-center justify-center\">Voyage fluvial en Afrique explore l&rsquo;obscurit\u00e9 humaine; adaptation en guerre du Vietnam.<\/div>\n<\/div>\n<\/div>\n","protected":false},"featured_media":16291,"comment_status":"open","ping_status":"closed","template":"","meta":{"inline_featured_image":false},"product_cat":[204,143],"product_tag":[],"class_list":{"0":"post-16290","1":"product","2":"type-product","3":"status-publish","4":"has-post-thumbnail","6":"product_cat-francais","7":"product_cat-roman","8":"pa_auteurs-joseph-conrad","10":"first","11":"instock","12":"shipping-taxable","13":"purchasable","14":"product-type-simple"},"_links":{"self":[{"href":"https:\/\/baralivres.ma\/index.php?rest_route=\/wp\/v2\/product\/16290","targetHints":{"allow":["GET"]}}],"collection":[{"href":"https:\/\/baralivres.ma\/index.php?rest_route=\/wp\/v2\/product"}],"about":[{"href":"https:\/\/baralivres.ma\/index.php?rest_route=\/wp\/v2\/types\/product"}],"replies":[{"embeddable":true,"href":"https:\/\/baralivres.ma\/index.php?rest_route=%2Fwp%2Fv2%2Fcomments&post=16290"}],"version-history":[{"count":1,"href":"https:\/\/baralivres.ma\/index.php?rest_route=\/wp\/v2\/product\/16290\/revisions"}],"predecessor-version":[{"id":16292,"href":"https:\/\/baralivres.ma\/index.php?rest_route=\/wp\/v2\/product\/16290\/revisions\/16292"}],"wp:featuredmedia":[{"embeddable":true,"href":"https:\/\/baralivres.ma\/index.php?rest_route=\/wp\/v2\/media\/16291"}],"wp:attachment":[{"href":"https:\/\/baralivres.ma\/index.php?rest_route=%2Fwp%2Fv2%2Fmedia&parent=16290"}],"wp:term":[{"taxonomy":"product_cat","embeddable":true,"href":"https:\/\/baralivres.ma\/index.php?rest_route=%2Fwp%2Fv2%2Fproduct_cat&post=16290"},{"taxonomy":"product_tag","embeddable":true,"href":"https:\/\/baralivres.ma\/index.php?rest_route=%2Fwp%2Fv2%2Fproduct_tag&post=16290"}],"curies":[{"name":"wp","href":"https:\/\/api.w.org\/{rel}","templated":true}]}}