{"id":16286,"date":"2023-10-30T17:28:27","date_gmt":"2023-10-30T16:28:27","guid":{"rendered":"https:\/\/baralivres.ma\/?post_type=product&#038;p=16286"},"modified":"2023-10-30T17:28:28","modified_gmt":"2023-10-30T16:28:28","slug":"reveillon-a-tanger","status":"publish","type":"product","link":"https:\/\/baralivres.ma\/?product=reveillon-a-tanger","title":{"rendered":"R\u00e9veillon \u00e0 Tanger"},"content":{"rendered":"<p>\u00ab\u00a0Un individu qui passait ses nuits \u00e0 dormir dans des caf\u00e9s, sous les arbres, ou tout endroit propice au repos, se promenait le matin dans les rues de la ville. Un jour, il arriva sur la place du march\u00e9 o\u00f9 un vieux voyant en guenilles divertissait la foule en d\u00e9clamant \u00e0 haute voix. Intrigu\u00e9, il observa la sc\u00e8ne jusqu&rsquo;\u00e0 ce que le vieux termine sa performance et rassemble les dons g\u00e9n\u00e9reusement offerts par les passants. Surpris par la somme d&rsquo;argent r\u00e9colt\u00e9e par cet excentrique, et n&rsquo;ayant rien de mieux \u00e0 faire, il d\u00e9cida de le suivre.\u00a0\u00bb Dans ses r\u00e9cits, Paul Bowles dresse le portrait de personnages hauts en couleur, happ\u00e9s par les m\u00e9andres de leur destin. Ces nouvelles, \u00e0 la fois surprenantes et empreintes d&rsquo;humour, se d\u00e9roulent dans des d\u00e9cors vari\u00e9s, du Maghreb \u00e0 l&rsquo;Extr\u00eame-Orient. Selon Gore Vidal, ces histoires sont parmi les meilleures jamais \u00e9crites par un auteur am\u00e9ricain. Elles mettent en lumi\u00e8re le talent narratif de Bowles, qui se pr\u00e9sente comme un observateur attentif de l&rsquo;\u00e2me humaine.<\/p>\n","protected":false},"excerpt":{"rendered":"<p>Bowles d\u00e9peint des destins humains captivants dans des d\u00e9cors exotiques, offrant des r\u00e9cits surprenants.<\/p>\n","protected":false},"featured_media":16287,"comment_status":"open","ping_status":"closed","template":"","meta":{"inline_featured_image":false},"product_cat":[204,143],"product_tag":[],"class_list":{"0":"post-16286","1":"product","2":"type-product","3":"status-publish","4":"has-post-thumbnail","6":"product_cat-francais","7":"product_cat-roman","8":"pa_auteurs-paul-bowles","10":"first","11":"instock","12":"shipping-taxable","13":"purchasable","14":"product-type-simple"},"_links":{"self":[{"href":"https:\/\/baralivres.ma\/index.php?rest_route=\/wp\/v2\/product\/16286","targetHints":{"allow":["GET"]}}],"collection":[{"href":"https:\/\/baralivres.ma\/index.php?rest_route=\/wp\/v2\/product"}],"about":[{"href":"https:\/\/baralivres.ma\/index.php?rest_route=\/wp\/v2\/types\/product"}],"replies":[{"embeddable":true,"href":"https:\/\/baralivres.ma\/index.php?rest_route=%2Fwp%2Fv2%2Fcomments&post=16286"}],"version-history":[{"count":1,"href":"https:\/\/baralivres.ma\/index.php?rest_route=\/wp\/v2\/product\/16286\/revisions"}],"predecessor-version":[{"id":16288,"href":"https:\/\/baralivres.ma\/index.php?rest_route=\/wp\/v2\/product\/16286\/revisions\/16288"}],"wp:featuredmedia":[{"embeddable":true,"href":"https:\/\/baralivres.ma\/index.php?rest_route=\/wp\/v2\/media\/16287"}],"wp:attachment":[{"href":"https:\/\/baralivres.ma\/index.php?rest_route=%2Fwp%2Fv2%2Fmedia&parent=16286"}],"wp:term":[{"taxonomy":"product_cat","embeddable":true,"href":"https:\/\/baralivres.ma\/index.php?rest_route=%2Fwp%2Fv2%2Fproduct_cat&post=16286"},{"taxonomy":"product_tag","embeddable":true,"href":"https:\/\/baralivres.ma\/index.php?rest_route=%2Fwp%2Fv2%2Fproduct_tag&post=16286"}],"curies":[{"name":"wp","href":"https:\/\/api.w.org\/{rel}","templated":true}]}}