{"id":16281,"date":"2023-10-30T17:19:29","date_gmt":"2023-10-30T16:19:29","guid":{"rendered":"https:\/\/baralivres.ma\/?post_type=product&#038;p=16281"},"modified":"2023-10-30T17:19:30","modified_gmt":"2023-10-30T16:19:30","slug":"un-the-au-sahara","status":"publish","type":"product","link":"https:\/\/baralivres.ma\/?product=un-the-au-sahara","title":{"rendered":"Un th\u00e9 au Sahara"},"content":{"rendered":"<header class=\"sticky top-0 z-10 w-full bg-white dark:bg-gray-800\" data-projection-id=\"46\">\n<div class=\"relative z-20 flex min-h-[60px] flex-wrap items-center justify-between gap-3 border-b border-black\/10 bg-white p-2 text-gray-500 dark:border-gray-900\/50 dark:bg-gray-800 dark:text-gray-300\"><\/div>\n<\/header>\n<div class=\"group w-full text-token-text-primary border-b border-black\/10 gizmo:border-0 dark:border-gray-900\/50 gizmo:dark:border-0 gizmo:bg-transparent dark:bg-gray-800 gizmo:dark:bg-transparent\" data-testid=\"conversation-turn-2\">\n<div class=\"p-4 gizmo:py-2 justify-center text-base md:gap-6 md:py-6 m-auto\">\n<div class=\"flex flex-1 gap-4 text-base mx-auto md:gap-6 gizmo:gap-3 gizmo:md:px-5 gizmo:lg:px-1 gizmo:xl:px-5 md:max-w-2xl lg:max-w-[38rem] gizmo:md:max-w-3xl gizmo:lg:max-w-[40rem] gizmo:xl:max-w-[48rem] xl:max-w-3xl }\">\n<div class=\"flex-shrink-0 flex flex-col relative items-end\">\n<div class=\"text-xs flex items-center justify-center gap-1 absolute left-0 top-2 -ml-4 -translate-x-full gizmo:top-1 gizmo:-ml-6 group:hover-visible visible\"><\/div>\n<\/div>\n<\/div>\n<\/div>\n<\/div>\n<div class=\"group w-full text-token-text-primary border-b border-black\/10 gizmo:border-0 dark:border-gray-900\/50 gizmo:dark:border-0 bg-gray-50 gizmo:bg-transparent dark:bg-[#444654] gizmo:dark:bg-transparent\" data-testid=\"conversation-turn-3\">\n<div class=\"p-4 gizmo:py-2 justify-center text-base md:gap-6 md:py-6 m-auto\">\n<div class=\"flex flex-1 gap-4 text-base mx-auto md:gap-6 gizmo:gap-3 gizmo:md:px-5 gizmo:lg:px-1 gizmo:xl:px-5 md:max-w-2xl lg:max-w-[38rem] gizmo:md:max-w-3xl gizmo:lg:max-w-[40rem] gizmo:xl:max-w-[48rem] xl:max-w-3xl }\">\n<div class=\"flex-shrink-0 flex flex-col relative items-end\">\n<div class=\"text-xs flex items-center justify-center gap-1 absolute left-0 top-2 -ml-4 -translate-x-full gizmo:top-1 gizmo:-ml-6 invisible\"><\/div>\n<\/div>\n<div class=\"relative flex w-[calc(100%-50px)] flex-col gizmo:w-full lg:w-[calc(100%-115px)] agent-turn\">\n<div class=\"flex-col gap-1 md:gap-3\">\n<div class=\"flex flex-grow flex-col gap-3 max-w-full\">\n<div class=\"min-h-[20px] flex flex-col items-start gap-3 whitespace-pre-wrap break-words overflow-x-auto\" data-message-author-role=\"assistant\" data-message-id=\"9cf8ff7b-03ad-4bbf-b8b8-b6a1b03e1f0a\">\n<div class=\"markdown prose w-full break-words dark:prose-invert light\">\n<p>Alors qu&rsquo;il observait le paysage se d\u00e9rouler sous l&rsquo;ardeur du soleil, il eut un bref aper\u00e7u du r\u00eave qui le tourmentait depuis un certain temps. Presque imm\u00e9diatement, un sourire s&rsquo;esquissa sur son visage ; il venait de le saisir. Le train, acc\u00e9l\u00e9rant toujours, n&rsquo;\u00e9tait qu&rsquo;une m\u00e9taphore de la vie elle-m\u00eame. L&rsquo;oscillation entre le \u00ab\u00a0oui\u00a0\u00bb et le \u00ab\u00a0non\u00a0\u00bb repr\u00e9sentait l&rsquo;attitude in\u00e9vitable de celui qui cherche \u00e0 \u00e9valuer le sens de cette existence, l&rsquo;ind\u00e9cision traduisant instinctivement un refus de s&rsquo;y engager. Il s&rsquo;\u00e9tonna de sa propre \u00e9motion ; c&rsquo;\u00e9tait un r\u00eave classique. Tous ses \u00e9l\u00e9ments lui \u00e9taient clairs. Leur signification sp\u00e9cifique \u00e0 son \u00e9gard importait peu. Depuis un moment d\u00e9j\u00e0, pour \u00e9viter de s&#8217;embrouiller dans des valeurs relatives, il avait refus\u00e9 \u00e0 tout \u00e9v\u00e9nement de la vie toute notion de dessein &#8211; c&rsquo;\u00e9tait plus simple et r\u00e9confortant.<\/p>\n<p>Juste apr\u00e8s la Seconde Guerre mondiale, un couple fortun\u00e9 d&rsquo;Am\u00e9ricains d\u00e9barque dans un port du nord de l&rsquo;Afrique avec pour objectif de rejoindre le Sahara, esp\u00e9rant ainsi donner un nouvel \u00e9lan \u00e0 leur mariage de onze ans. Tunner, un dramaturge et ami du couple, se joint \u00e0 cette aventure qui se transforme en un v\u00e9ritable cauchemar. Peu pr\u00e9par\u00e9s, ignorants des r\u00e9alit\u00e9s locales, le trio se retrouve confront\u00e9 aux chocs du d\u00e9paysement : maladies, solitude, tromperie et folie.<\/p>\n<p>Paul Bowles excelle \u00e0 d\u00e9peindre le d\u00e9senchantement de l&rsquo;\u00e2me humaine et ses intrications de mani\u00e8re captivante.<\/p>\n<\/div>\n<\/div>\n<\/div>\n<\/div>\n<\/div>\n<\/div>\n<\/div>\n<\/div>\n","protected":false},"excerpt":{"rendered":"<p>Voyage au Sahara, couple en crise, d\u00e9paysement, d\u00e9sillusion, d\u00e9couverte de soi, complexit\u00e9s humaines saisies.<\/p>\n","protected":false},"featured_media":16284,"comment_status":"open","ping_status":"closed","template":"","meta":{"inline_featured_image":false},"product_cat":[204,143],"product_tag":[],"class_list":{"0":"post-16281","1":"product","2":"type-product","3":"status-publish","4":"has-post-thumbnail","6":"product_cat-francais","7":"product_cat-roman","8":"pa_auteurs-paul-bowles","10":"first","11":"instock","12":"shipping-taxable","13":"purchasable","14":"product-type-simple"},"_links":{"self":[{"href":"https:\/\/baralivres.ma\/index.php?rest_route=\/wp\/v2\/product\/16281","targetHints":{"allow":["GET"]}}],"collection":[{"href":"https:\/\/baralivres.ma\/index.php?rest_route=\/wp\/v2\/product"}],"about":[{"href":"https:\/\/baralivres.ma\/index.php?rest_route=\/wp\/v2\/types\/product"}],"replies":[{"embeddable":true,"href":"https:\/\/baralivres.ma\/index.php?rest_route=%2Fwp%2Fv2%2Fcomments&post=16281"}],"version-history":[{"count":1,"href":"https:\/\/baralivres.ma\/index.php?rest_route=\/wp\/v2\/product\/16281\/revisions"}],"predecessor-version":[{"id":16285,"href":"https:\/\/baralivres.ma\/index.php?rest_route=\/wp\/v2\/product\/16281\/revisions\/16285"}],"wp:featuredmedia":[{"embeddable":true,"href":"https:\/\/baralivres.ma\/index.php?rest_route=\/wp\/v2\/media\/16284"}],"wp:attachment":[{"href":"https:\/\/baralivres.ma\/index.php?rest_route=%2Fwp%2Fv2%2Fmedia&parent=16281"}],"wp:term":[{"taxonomy":"product_cat","embeddable":true,"href":"https:\/\/baralivres.ma\/index.php?rest_route=%2Fwp%2Fv2%2Fproduct_cat&post=16281"},{"taxonomy":"product_tag","embeddable":true,"href":"https:\/\/baralivres.ma\/index.php?rest_route=%2Fwp%2Fv2%2Fproduct_tag&post=16281"}],"curies":[{"name":"wp","href":"https:\/\/api.w.org\/{rel}","templated":true}]}}