{"id":16273,"date":"2023-10-30T17:12:07","date_gmt":"2023-10-30T16:12:07","guid":{"rendered":"https:\/\/baralivres.ma\/?post_type=product&#038;p=16273"},"modified":"2023-10-31T09:40:05","modified_gmt":"2023-10-31T08:40:05","slug":"lobstacle-est-le-chemin","status":"publish","type":"product","link":"https:\/\/baralivres.ma\/?product=lobstacle-est-le-chemin","title":{"rendered":"L&rsquo;OBSTACLE EST LE CHEMIN"},"content":{"rendered":"<p>Il existe de nombreuses m\u00e9thodes qui se penchent sur les cl\u00e9s du succ\u00e8s, mais rares sont celles qui se consacrent \u00e0 l&rsquo;art de surmonter l&rsquo;\u00e9chec. Ryan Holiday, dans son livre, nous introduit \u00e0 la philosophie sto\u00efcienne qui, il y a plus de 2000 ans, enseignait comment les obstacles pouvaient devenir de v\u00e9ritables opportunit\u00e9s. \u00c0 travers des figures historiques telles que Marc Aur\u00e8le, Steve Jobs, Montaigne, Thomas Jefferson, George Washington, John D. Rockefeller, et Bill Clinton, Holiday illustre comment de grands individus \u00e0 travers l&rsquo;histoire ont tir\u00e9 profit des principes sto\u00efciens pour faire face \u00e0 l&rsquo;adversit\u00e9. Dans un style actuel et captivant, il nous apprend \u00e0 r\u00e9agir face aux obstacles et \u00e0 transformer l&rsquo;adversit\u00e9 en moteur de r\u00e9ussite. Le livre est salu\u00e9 comme un guide essentiel pour ceux qui aspirent au leadership, en fournissant des conseils pertinents pour surmonter les d\u00e9fis de la vie.<\/p>\n","protected":false},"excerpt":{"rendered":"<p>La plupart des m\u00e9thodes se concentrent sur la r\u00e9ussite, mais rares sont celles qui enseignent comment surmonter l&rsquo;\u00e9chec. Ryan Holiday explore les principes sto\u00efciens pour transformer les obstacles en opportunit\u00e9s de r\u00e9ussite, avec des exemples de figures influentes.<\/p>\n","protected":false},"featured_media":16276,"comment_status":"open","ping_status":"closed","template":"","meta":{"inline_featured_image":false},"product_cat":[204,91],"product_tag":[],"class_list":{"0":"post-16273","1":"product","2":"type-product","3":"status-publish","4":"has-post-thumbnail","6":"product_cat-francais","7":"product_cat-developpement","8":"pa_auteurs-ryan-hiliday","10":"first","11":"instock","12":"shipping-taxable","13":"purchasable","14":"product-type-simple"},"_links":{"self":[{"href":"https:\/\/baralivres.ma\/index.php?rest_route=\/wp\/v2\/product\/16273","targetHints":{"allow":["GET"]}}],"collection":[{"href":"https:\/\/baralivres.ma\/index.php?rest_route=\/wp\/v2\/product"}],"about":[{"href":"https:\/\/baralivres.ma\/index.php?rest_route=\/wp\/v2\/types\/product"}],"replies":[{"embeddable":true,"href":"https:\/\/baralivres.ma\/index.php?rest_route=%2Fwp%2Fv2%2Fcomments&post=16273"}],"version-history":[{"count":1,"href":"https:\/\/baralivres.ma\/index.php?rest_route=\/wp\/v2\/product\/16273\/revisions"}],"predecessor-version":[{"id":16277,"href":"https:\/\/baralivres.ma\/index.php?rest_route=\/wp\/v2\/product\/16273\/revisions\/16277"}],"wp:featuredmedia":[{"embeddable":true,"href":"https:\/\/baralivres.ma\/index.php?rest_route=\/wp\/v2\/media\/16276"}],"wp:attachment":[{"href":"https:\/\/baralivres.ma\/index.php?rest_route=%2Fwp%2Fv2%2Fmedia&parent=16273"}],"wp:term":[{"taxonomy":"product_cat","embeddable":true,"href":"https:\/\/baralivres.ma\/index.php?rest_route=%2Fwp%2Fv2%2Fproduct_cat&post=16273"},{"taxonomy":"product_tag","embeddable":true,"href":"https:\/\/baralivres.ma\/index.php?rest_route=%2Fwp%2Fv2%2Fproduct_tag&post=16273"}],"curies":[{"name":"wp","href":"https:\/\/api.w.org\/{rel}","templated":true}]}}