{"id":16268,"date":"2023-10-30T17:07:14","date_gmt":"2023-10-30T16:07:14","guid":{"rendered":"https:\/\/baralivres.ma\/?post_type=product&#038;p=16268"},"modified":"2023-10-30T17:07:15","modified_gmt":"2023-10-30T16:07:15","slug":"les-mots","status":"publish","type":"product","link":"https:\/\/baralivres.ma\/?product=les-mots","title":{"rendered":"Les mots"},"content":{"rendered":"<p>\u00ab\u00a0Ma vie a d\u00e9but\u00e9 et semble devoir se conclure au c\u0153ur d&rsquo;une biblioth\u00e8que. D\u00e8s mes premiers pas, je me suis trouv\u00e9 entour\u00e9 de livres dans le bureau de mon grand-p\u00e8re. Ils \u00e9taient omnipr\u00e9sents, interdits d&rsquo;\u00eatre d\u00e9poussi\u00e9r\u00e9s sauf une fois par an, juste avant le mois d&rsquo;octobre. \u00c0 cette \u00e9poque, je ne savais pas encore lire, mais je les consid\u00e9rais avec un respect profond, ces t\u00e9moins muets : rang\u00e9s en colonnes serr\u00e9es comme des briques sur les \u00e9tag\u00e8res de la biblioth\u00e8que, ou soigneusement dispos\u00e9s en une procession de menhirs. Je pressentais que la prosp\u00e9rit\u00e9 de notre famille \u00e9tait li\u00e9e \u00e0 eux.\u00a0\u00bb<\/p>\n","protected":false},"excerpt":{"rendered":"<p>\u00ab\u00a0Vie entour\u00e9e de livres d\u00e8s le d\u00e9but, symbolisant la prosp\u00e9rit\u00e9 familiale et le respect profond.\u00a0\u00bb<\/p>\n","protected":false},"featured_media":16271,"comment_status":"open","ping_status":"closed","template":"","meta":{"inline_featured_image":false},"product_cat":[204,143],"product_tag":[],"class_list":{"0":"post-16268","1":"product","2":"type-product","3":"status-publish","4":"has-post-thumbnail","6":"product_cat-francais","7":"product_cat-roman","8":"pa_auteurs-jean-paul-sartre","10":"first","11":"instock","12":"shipping-taxable","13":"purchasable","14":"product-type-simple"},"_links":{"self":[{"href":"https:\/\/baralivres.ma\/index.php?rest_route=\/wp\/v2\/product\/16268","targetHints":{"allow":["GET"]}}],"collection":[{"href":"https:\/\/baralivres.ma\/index.php?rest_route=\/wp\/v2\/product"}],"about":[{"href":"https:\/\/baralivres.ma\/index.php?rest_route=\/wp\/v2\/types\/product"}],"replies":[{"embeddable":true,"href":"https:\/\/baralivres.ma\/index.php?rest_route=%2Fwp%2Fv2%2Fcomments&post=16268"}],"version-history":[{"count":2,"href":"https:\/\/baralivres.ma\/index.php?rest_route=\/wp\/v2\/product\/16268\/revisions"}],"predecessor-version":[{"id":16274,"href":"https:\/\/baralivres.ma\/index.php?rest_route=\/wp\/v2\/product\/16268\/revisions\/16274"}],"wp:featuredmedia":[{"embeddable":true,"href":"https:\/\/baralivres.ma\/index.php?rest_route=\/wp\/v2\/media\/16271"}],"wp:attachment":[{"href":"https:\/\/baralivres.ma\/index.php?rest_route=%2Fwp%2Fv2%2Fmedia&parent=16268"}],"wp:term":[{"taxonomy":"product_cat","embeddable":true,"href":"https:\/\/baralivres.ma\/index.php?rest_route=%2Fwp%2Fv2%2Fproduct_cat&post=16268"},{"taxonomy":"product_tag","embeddable":true,"href":"https:\/\/baralivres.ma\/index.php?rest_route=%2Fwp%2Fv2%2Fproduct_tag&post=16268"}],"curies":[{"name":"wp","href":"https:\/\/api.w.org\/{rel}","templated":true}]}}