{"id":16267,"date":"2023-10-30T17:07:05","date_gmt":"2023-10-30T16:07:05","guid":{"rendered":"https:\/\/baralivres.ma\/?post_type=product&#038;p=16267"},"modified":"2023-10-31T09:40:40","modified_gmt":"2023-10-31T08:40:40","slug":"le-guide-des-ecrits-web-percutants","status":"publish","type":"product","link":"https:\/\/baralivres.ma\/?product=le-guide-des-ecrits-web-percutants","title":{"rendered":"LE GUIDE DES ECRITS WEB PERCUTANTS"},"content":{"rendered":"<p>D\u00e9couvrez 72 astuces d&rsquo;une professionnelle en r\u00e9daction web pour am\u00e9liorer vos contenus, engager votre audience et \u00e9largir votre impact en ligne. Ce guide ludique vous d\u00e9voile des conseils pratiques applicables sur diverses plateformes de communication, vous permettant de cr\u00e9er des \u00e9crits efficaces et percutants pour votre entreprise ou activit\u00e9. Ces r\u00e8gles sont applicables aux pages web, blogs, e-mails, m\u00e9dias sociaux, et plus encore. Une ressource incontournable pour ma\u00eetriser l&rsquo;art de l&rsquo;\u00e9criture web.<\/p>\n","protected":false},"excerpt":{"rendered":"<p>72 astuces de r\u00e9daction web pour am\u00e9liorer l&rsquo;impact, l&rsquo;engagement et la port\u00e9e de vos contenus en ligne.<\/p>\n","protected":false},"featured_media":16269,"comment_status":"open","ping_status":"closed","template":"","meta":{"inline_featured_image":false},"product_cat":[204,91],"product_tag":[],"class_list":{"0":"post-16267","1":"product","2":"type-product","3":"status-publish","4":"has-post-thumbnail","6":"product_cat-francais","7":"product_cat-developpement","8":"pa_auteurs-ann-handley","10":"first","11":"instock","12":"shipping-taxable","13":"purchasable","14":"product-type-simple"},"_links":{"self":[{"href":"https:\/\/baralivres.ma\/index.php?rest_route=\/wp\/v2\/product\/16267","targetHints":{"allow":["GET"]}}],"collection":[{"href":"https:\/\/baralivres.ma\/index.php?rest_route=\/wp\/v2\/product"}],"about":[{"href":"https:\/\/baralivres.ma\/index.php?rest_route=\/wp\/v2\/types\/product"}],"replies":[{"embeddable":true,"href":"https:\/\/baralivres.ma\/index.php?rest_route=%2Fwp%2Fv2%2Fcomments&post=16267"}],"version-history":[{"count":1,"href":"https:\/\/baralivres.ma\/index.php?rest_route=\/wp\/v2\/product\/16267\/revisions"}],"predecessor-version":[{"id":16270,"href":"https:\/\/baralivres.ma\/index.php?rest_route=\/wp\/v2\/product\/16267\/revisions\/16270"}],"wp:featuredmedia":[{"embeddable":true,"href":"https:\/\/baralivres.ma\/index.php?rest_route=\/wp\/v2\/media\/16269"}],"wp:attachment":[{"href":"https:\/\/baralivres.ma\/index.php?rest_route=%2Fwp%2Fv2%2Fmedia&parent=16267"}],"wp:term":[{"taxonomy":"product_cat","embeddable":true,"href":"https:\/\/baralivres.ma\/index.php?rest_route=%2Fwp%2Fv2%2Fproduct_cat&post=16267"},{"taxonomy":"product_tag","embeddable":true,"href":"https:\/\/baralivres.ma\/index.php?rest_route=%2Fwp%2Fv2%2Fproduct_tag&post=16267"}],"curies":[{"name":"wp","href":"https:\/\/api.w.org\/{rel}","templated":true}]}}