{"id":16258,"date":"2023-10-30T16:54:15","date_gmt":"2023-10-30T15:54:15","guid":{"rendered":"https:\/\/baralivres.ma\/?post_type=product&#038;p=16258"},"modified":"2023-10-30T16:54:15","modified_gmt":"2023-10-30T15:54:15","slug":"des-souris-et-des-hommes","status":"publish","type":"product","link":"https:\/\/baralivres.ma\/?product=des-souris-et-des-hommes","title":{"rendered":"Des souris et des hommes"},"content":{"rendered":"<p>Lennie agrippa ses doigts et saisit fermement les cheveux. \u00ab\u00a0L\u00e2che-moi !\u00a0\u00bb cria-t-elle de toutes ses forces. \u00ab\u00a0L\u00e2che-moi, je te dis !\u00a0\u00bb Dans un \u00e9tat de panique, Lennie avait le visage crisp\u00e9. Elle commen\u00e7a \u00e0 crier, et il tenta de la faire taire en lui couvrant la bouche et le nez de son autre main.<\/p>\n<p>\u00ab\u00a0Non, s&rsquo;il vous pla\u00eet,\u00a0\u00bb implora-t-il. \u00ab\u00a0Oh, je vous en prie, ne faites pas \u00e7a. George va se mettre en col\u00e8re.\u00a0\u00bb Elle se d\u00e9battait \u00e9nergiquement pour se lib\u00e9rer de son emprise.<\/p>\n<p>\u00ab\u00a0Je vous en supplie, ne faites pas \u00e7a,\u00a0\u00bb r\u00e9p\u00e9ta-t-il avec insistance. \u00ab\u00a0George dira que j&rsquo;ai encore fait une b\u00eatise. Il ne me laissera plus m&rsquo;occuper des lapins.\u00a0\u00bb<\/p>\n","protected":false},"excerpt":{"rendered":"<p>Lennie saisit et effraie une femme, cherchant d\u00e9sesp\u00e9r\u00e9ment \u00e0 \u00e9viter la col\u00e8re de George.<\/p>\n","protected":false},"featured_media":16263,"comment_status":"open","ping_status":"closed","template":"","meta":{"inline_featured_image":false},"product_cat":[204,143],"product_tag":[],"class_list":{"0":"post-16258","1":"product","2":"type-product","3":"status-publish","4":"has-post-thumbnail","6":"product_cat-francais","7":"product_cat-roman","8":"pa_auteurs-john-steinbeck","10":"first","11":"instock","12":"shipping-taxable","13":"purchasable","14":"product-type-simple"},"_links":{"self":[{"href":"https:\/\/baralivres.ma\/index.php?rest_route=\/wp\/v2\/product\/16258","targetHints":{"allow":["GET"]}}],"collection":[{"href":"https:\/\/baralivres.ma\/index.php?rest_route=\/wp\/v2\/product"}],"about":[{"href":"https:\/\/baralivres.ma\/index.php?rest_route=\/wp\/v2\/types\/product"}],"replies":[{"embeddable":true,"href":"https:\/\/baralivres.ma\/index.php?rest_route=%2Fwp%2Fv2%2Fcomments&post=16258"}],"version-history":[{"count":1,"href":"https:\/\/baralivres.ma\/index.php?rest_route=\/wp\/v2\/product\/16258\/revisions"}],"predecessor-version":[{"id":16264,"href":"https:\/\/baralivres.ma\/index.php?rest_route=\/wp\/v2\/product\/16258\/revisions\/16264"}],"wp:featuredmedia":[{"embeddable":true,"href":"https:\/\/baralivres.ma\/index.php?rest_route=\/wp\/v2\/media\/16263"}],"wp:attachment":[{"href":"https:\/\/baralivres.ma\/index.php?rest_route=%2Fwp%2Fv2%2Fmedia&parent=16258"}],"wp:term":[{"taxonomy":"product_cat","embeddable":true,"href":"https:\/\/baralivres.ma\/index.php?rest_route=%2Fwp%2Fv2%2Fproduct_cat&post=16258"},{"taxonomy":"product_tag","embeddable":true,"href":"https:\/\/baralivres.ma\/index.php?rest_route=%2Fwp%2Fv2%2Fproduct_tag&post=16258"}],"curies":[{"name":"wp","href":"https:\/\/api.w.org\/{rel}","templated":true}]}}