{"id":16250,"date":"2023-10-30T16:48:38","date_gmt":"2023-10-30T15:48:38","guid":{"rendered":"https:\/\/baralivres.ma\/?post_type=product&#038;p=16250"},"modified":"2023-10-31T09:42:06","modified_gmt":"2023-10-31T08:42:06","slug":"16250","status":"publish","type":"product","link":"https:\/\/baralivres.ma\/?product=16250","title":{"rendered":"LA FORCE DES DISCRETS"},"content":{"rendered":"<p>L&rsquo;auteure, Susan Cain, examine l&rsquo;ascension de la personnalit\u00e9 extravertie dans le monde moderne et explique comment cela a \u00e9clips\u00e9 la valeur des introvertis. Elle aborde l&rsquo;histoire et les raisons de cette domination, en passant d&rsquo;une \u00ab\u00a0culture de caract\u00e8re\u00a0\u00bb \u00e0 une \u00ab\u00a0culture de personnalit\u00e9\u00a0\u00bb. En utilisant des exemples d&rsquo;individus c\u00e9l\u00e8bres, des avanc\u00e9es de la psychologie, de l&rsquo;anthropologie et de la sociologie, elle d\u00e9montre comment la cr\u00e9ativit\u00e9 des introvertis influence les entreprises, les arts et la politique. L&rsquo;auteure r\u00e9fute les id\u00e9es pr\u00e9con\u00e7ues, comme l&rsquo;efficacit\u00e9 sup\u00e9rieure du brainstorming par rapport au travail solitaire, et explique que les introvertis ont un r\u00f4le essentiel \u00e0 jouer. Elle donne \u00e9galement des conseils aux parents et aux enseignants sur la mani\u00e8re de soutenir les enfants introvertis. Enfin, elle estime que 30 \u00e0 50 % de la population occidentale est introvertie et vise \u00e0 les aider \u00e0 \u00eatre mieux compris.<\/p>\n","protected":false},"excerpt":{"rendered":"<p>L&rsquo;ouvrage explore comment les introvertis sont souvent n\u00e9glig\u00e9s dans une culture de l&rsquo;extraversion, mais souligne leur importance et leur cr\u00e9ativit\u00e9.<\/p>\n","protected":false},"featured_media":16253,"comment_status":"open","ping_status":"closed","template":"","meta":{"inline_featured_image":false},"product_cat":[204,91],"product_tag":[],"class_list":{"0":"post-16250","1":"product","2":"type-product","3":"status-publish","4":"has-post-thumbnail","6":"product_cat-francais","7":"product_cat-developpement","8":"pa_auteurs-susan-cain","10":"first","11":"instock","12":"shipping-taxable","13":"purchasable","14":"product-type-simple"},"_links":{"self":[{"href":"https:\/\/baralivres.ma\/index.php?rest_route=\/wp\/v2\/product\/16250","targetHints":{"allow":["GET"]}}],"collection":[{"href":"https:\/\/baralivres.ma\/index.php?rest_route=\/wp\/v2\/product"}],"about":[{"href":"https:\/\/baralivres.ma\/index.php?rest_route=\/wp\/v2\/types\/product"}],"replies":[{"embeddable":true,"href":"https:\/\/baralivres.ma\/index.php?rest_route=%2Fwp%2Fv2%2Fcomments&post=16250"}],"version-history":[{"count":3,"href":"https:\/\/baralivres.ma\/index.php?rest_route=\/wp\/v2\/product\/16250\/revisions"}],"predecessor-version":[{"id":16256,"href":"https:\/\/baralivres.ma\/index.php?rest_route=\/wp\/v2\/product\/16250\/revisions\/16256"}],"wp:featuredmedia":[{"embeddable":true,"href":"https:\/\/baralivres.ma\/index.php?rest_route=\/wp\/v2\/media\/16253"}],"wp:attachment":[{"href":"https:\/\/baralivres.ma\/index.php?rest_route=%2Fwp%2Fv2%2Fmedia&parent=16250"}],"wp:term":[{"taxonomy":"product_cat","embeddable":true,"href":"https:\/\/baralivres.ma\/index.php?rest_route=%2Fwp%2Fv2%2Fproduct_cat&post=16250"},{"taxonomy":"product_tag","embeddable":true,"href":"https:\/\/baralivres.ma\/index.php?rest_route=%2Fwp%2Fv2%2Fproduct_tag&post=16250"}],"curies":[{"name":"wp","href":"https:\/\/api.w.org\/{rel}","templated":true}]}}