{"id":16249,"date":"2023-10-30T16:55:41","date_gmt":"2023-10-30T15:55:41","guid":{"rendered":"https:\/\/baralivres.ma\/?post_type=product&#038;p=16249"},"modified":"2023-10-30T16:55:42","modified_gmt":"2023-10-30T15:55:42","slug":"lutopie","status":"publish","type":"product","link":"https:\/\/baralivres.ma\/?product=lutopie","title":{"rendered":"L&rsquo;Utopie"},"content":{"rendered":"<p>\u00c9crit en 1516, L&rsquo;Utopie de Thomas More est un ouvrage qui, sous forme de fiction, explore la question de la meilleure forme de gouvernement. Le r\u00e9cit prend la forme d&rsquo;un voyage vers l&rsquo;\u00eele imaginaire d&rsquo;Utopie, inspir\u00e9e par les r\u00e9centes d\u00e9couvertes du Nouveau Monde. \u00c0 la mani\u00e8re de La R\u00e9publique de Platon, More offre un \u00e9loge paradoxal de l&rsquo;humanisme. Il nous encourage \u00e0 jeter un regard neuf sur l&rsquo;Ancien Monde depuis l&rsquo;\u00eele d&rsquo;Utopie, un lieu qui symbolise la r\u00e9conciliation de diverses oppositions, telles que la nature et la raison, la sauvagerie et l&rsquo;artifice.<\/p>\n<p>L&rsquo;Utopie est ainsi pr\u00e9sent\u00e9e comme un mod\u00e8le de bonheur, de sagesse et de justice sociale, dont les Europ\u00e9ens pourraient s&rsquo;inspirer. Pourtant, ce texte \u00e9sot\u00e9rique dissimule son sens \u00e0 travers divers artifices. Le r\u00e9cit de voyage camoufle en r\u00e9alit\u00e9 un trait\u00e9 politique, et la carte de l&rsquo;\u00eele d&rsquo;Utopie renferme des \u00e9l\u00e9ments all\u00e9goriques. Dans l&rsquo;ensemble, l&rsquo;\u0153uvre de More repr\u00e9sente une critique radicale de la soci\u00e9t\u00e9 de son \u00e9poque, tout en offrant une perspective r\u00e9aliste sur les enjeux politiques de son temps.<\/p>\n","protected":false},"excerpt":{"rendered":"<p>L&rsquo;Utopie (1516) de Thomas More explore la politique via un voyage fictif, pr\u00f4nant bonheur, sagesse et justice.<\/p>\n","protected":false},"featured_media":16261,"comment_status":"open","ping_status":"closed","template":"","meta":{"inline_featured_image":false},"product_cat":[204,143],"product_tag":[],"class_list":{"0":"post-16249","1":"product","2":"type-product","3":"status-publish","4":"has-post-thumbnail","6":"product_cat-francais","7":"product_cat-roman","8":"pa_auteurs-thomas-more","10":"first","11":"instock","12":"shipping-taxable","13":"purchasable","14":"product-type-simple"},"_links":{"self":[{"href":"https:\/\/baralivres.ma\/index.php?rest_route=\/wp\/v2\/product\/16249","targetHints":{"allow":["GET"]}}],"collection":[{"href":"https:\/\/baralivres.ma\/index.php?rest_route=\/wp\/v2\/product"}],"about":[{"href":"https:\/\/baralivres.ma\/index.php?rest_route=\/wp\/v2\/types\/product"}],"replies":[{"embeddable":true,"href":"https:\/\/baralivres.ma\/index.php?rest_route=%2Fwp%2Fv2%2Fcomments&post=16249"}],"version-history":[{"count":1,"href":"https:\/\/baralivres.ma\/index.php?rest_route=\/wp\/v2\/product\/16249\/revisions"}],"predecessor-version":[{"id":16266,"href":"https:\/\/baralivres.ma\/index.php?rest_route=\/wp\/v2\/product\/16249\/revisions\/16266"}],"wp:featuredmedia":[{"embeddable":true,"href":"https:\/\/baralivres.ma\/index.php?rest_route=\/wp\/v2\/media\/16261"}],"wp:attachment":[{"href":"https:\/\/baralivres.ma\/index.php?rest_route=%2Fwp%2Fv2%2Fmedia&parent=16249"}],"wp:term":[{"taxonomy":"product_cat","embeddable":true,"href":"https:\/\/baralivres.ma\/index.php?rest_route=%2Fwp%2Fv2%2Fproduct_cat&post=16249"},{"taxonomy":"product_tag","embeddable":true,"href":"https:\/\/baralivres.ma\/index.php?rest_route=%2Fwp%2Fv2%2Fproduct_tag&post=16249"}],"curies":[{"name":"wp","href":"https:\/\/api.w.org\/{rel}","templated":true}]}}