{"id":16245,"date":"2023-10-30T16:46:55","date_gmt":"2023-10-30T15:46:55","guid":{"rendered":"https:\/\/baralivres.ma\/?post_type=product&#038;p=16245"},"modified":"2025-02-20T12:00:53","modified_gmt":"2025-02-20T11:00:53","slug":"juifs-et-musulmans-au-maroc","status":"publish","type":"product","link":"https:\/\/baralivres.ma\/?product=juifs-et-musulmans-au-maroc","title":{"rendered":"Juifs et musulmans au Maroc"},"content":{"rendered":"<p>Jusqu&rsquo;\u00e0 la premi\u00e8re moiti\u00e9 du XXe si\u00e8cle, les communaut\u00e9s juives au Maroc comptaient 250 000 membres vivant aux c\u00f4t\u00e9s de dix millions de musulmans. Actuellement, ces communaut\u00e9s ne regroupent plus que 3 000 individus. L&rsquo;auteur examine de mani\u00e8re critique leur pr\u00e9sence mill\u00e9naire dans le pays.<\/p>\n<p>Mohammed Kenbib met en lumi\u00e8re l&rsquo;apport essentiel de ces communaut\u00e9s \u00e0 l&rsquo;histoire, \u00e0 la culture, au patrimoine, \u00e0 l&rsquo;\u00e9conomie et \u00e0 la diplomatie du Maroc. Il se penche sur l&rsquo;\u00e9tude des bases de leurs relations avec les autres groupes, malgr\u00e9 les fluctuations et les p\u00e9riodes agit\u00e9es, depuis l&rsquo;\u00e8re de la pr\u00e9sence europ\u00e9enne jusqu&rsquo;\u00e0 la Seconde Guerre mondiale et le conflit au Moyen-Orient. Enfin, l&rsquo;auteur aborde la situation actuelle des Juifs au Maroc, mettant en \u00e9vidence les liens maintenus avec ce pays par pr\u00e8s d&rsquo;un million de membres de leur communaut\u00e9 d&rsquo;origine marocaine r\u00e9sidant en Isra\u00ebl, en France, au Canada et ailleurs dans le monde.<\/p>\n","protected":false},"excerpt":{"rendered":"<p>Histoire des communaut\u00e9s juives marocaines : contribution, relations, impact et diaspora mondiale contemporaine.<\/p>\n","protected":false},"featured_media":16251,"comment_status":"open","ping_status":"closed","template":"","meta":{"inline_featured_image":false},"product_cat":[3725,3862,4214],"product_tag":[],"class_list":{"0":"post-16245","1":"product","2":"type-product","3":"status-publish","4":"has-post-thumbnail","6":"product_cat-litterature-religieuse","7":"product_cat-spiritualite","8":"product_cat-voyage-spirituel-pendant-le-ramadan","9":"pa_auteurs-mohammed-kenbib","11":"first","12":"instock","13":"shipping-taxable","14":"purchasable","15":"product-type-simple"},"_links":{"self":[{"href":"https:\/\/baralivres.ma\/index.php?rest_route=\/wp\/v2\/product\/16245","targetHints":{"allow":["GET"]}}],"collection":[{"href":"https:\/\/baralivres.ma\/index.php?rest_route=\/wp\/v2\/product"}],"about":[{"href":"https:\/\/baralivres.ma\/index.php?rest_route=\/wp\/v2\/types\/product"}],"replies":[{"embeddable":true,"href":"https:\/\/baralivres.ma\/index.php?rest_route=%2Fwp%2Fv2%2Fcomments&post=16245"}],"version-history":[{"count":1,"href":"https:\/\/baralivres.ma\/index.php?rest_route=\/wp\/v2\/product\/16245\/revisions"}],"predecessor-version":[{"id":16252,"href":"https:\/\/baralivres.ma\/index.php?rest_route=\/wp\/v2\/product\/16245\/revisions\/16252"}],"wp:featuredmedia":[{"embeddable":true,"href":"https:\/\/baralivres.ma\/index.php?rest_route=\/wp\/v2\/media\/16251"}],"wp:attachment":[{"href":"https:\/\/baralivres.ma\/index.php?rest_route=%2Fwp%2Fv2%2Fmedia&parent=16245"}],"wp:term":[{"taxonomy":"product_cat","embeddable":true,"href":"https:\/\/baralivres.ma\/index.php?rest_route=%2Fwp%2Fv2%2Fproduct_cat&post=16245"},{"taxonomy":"product_tag","embeddable":true,"href":"https:\/\/baralivres.ma\/index.php?rest_route=%2Fwp%2Fv2%2Fproduct_tag&post=16245"}],"curies":[{"name":"wp","href":"https:\/\/api.w.org\/{rel}","templated":true}]}}