{"id":16237,"date":"2023-10-30T16:41:34","date_gmt":"2023-10-30T15:41:34","guid":{"rendered":"https:\/\/baralivres.ma\/?post_type=product&#038;p=16237"},"modified":"2023-10-30T16:41:34","modified_gmt":"2023-10-30T15:41:34","slug":"le-cid-2","status":"publish","type":"product","link":"https:\/\/baralivres.ma\/?product=le-cid-2","title":{"rendered":"Le Cid"},"content":{"rendered":"<p>Il est imp\u00e9ratif de d\u00e9couvrir la premi\u00e8re version du Cid, datant de 1637, qui \u00e9clate comme un coup de tonnerre avec la fougue de la jeunesse, l&rsquo;ardeur du sang, et les trompettes de la victoire. Dans ces quelques heures parmi les plus intenses du th\u00e9\u00e2tre, on assiste \u00e0 une passionnante confrontation entre les \u00e9motions br\u00fblantes et les imp\u00e9ratifs moraux et politiques. La pi\u00e8ce offre une libert\u00e9 de ton et une audace formelle que Corneille, dans son souci de se conformer aux conventions d&rsquo;une dramaturgie classique en pleine \u00e9volution, cherchera ult\u00e9rieurement \u00e0 adoucir. Cependant, cette \u00e9dition nous permet de retrouver l&rsquo;\u00e9clat du texte original.<\/p>\n","protected":false},"excerpt":{"rendered":"<p>D\u00e9couvrez la premi\u00e8re version passionn\u00e9e et audacieuse du Cid de 1637, un conflit entre amour et devoir.<\/p>\n","protected":false},"featured_media":16238,"comment_status":"open","ping_status":"closed","template":"","meta":{"inline_featured_image":false},"product_cat":[204,143],"product_tag":[],"class_list":{"0":"post-16237","1":"product","2":"type-product","3":"status-publish","4":"has-post-thumbnail","6":"product_cat-francais","7":"product_cat-roman","8":"pa_auteurs-pierre-corneille","10":"first","11":"instock","12":"shipping-taxable","13":"purchasable","14":"product-type-simple"},"_links":{"self":[{"href":"https:\/\/baralivres.ma\/index.php?rest_route=\/wp\/v2\/product\/16237","targetHints":{"allow":["GET"]}}],"collection":[{"href":"https:\/\/baralivres.ma\/index.php?rest_route=\/wp\/v2\/product"}],"about":[{"href":"https:\/\/baralivres.ma\/index.php?rest_route=\/wp\/v2\/types\/product"}],"replies":[{"embeddable":true,"href":"https:\/\/baralivres.ma\/index.php?rest_route=%2Fwp%2Fv2%2Fcomments&post=16237"}],"version-history":[{"count":1,"href":"https:\/\/baralivres.ma\/index.php?rest_route=\/wp\/v2\/product\/16237\/revisions"}],"predecessor-version":[{"id":16239,"href":"https:\/\/baralivres.ma\/index.php?rest_route=\/wp\/v2\/product\/16237\/revisions\/16239"}],"wp:featuredmedia":[{"embeddable":true,"href":"https:\/\/baralivres.ma\/index.php?rest_route=\/wp\/v2\/media\/16238"}],"wp:attachment":[{"href":"https:\/\/baralivres.ma\/index.php?rest_route=%2Fwp%2Fv2%2Fmedia&parent=16237"}],"wp:term":[{"taxonomy":"product_cat","embeddable":true,"href":"https:\/\/baralivres.ma\/index.php?rest_route=%2Fwp%2Fv2%2Fproduct_cat&post=16237"},{"taxonomy":"product_tag","embeddable":true,"href":"https:\/\/baralivres.ma\/index.php?rest_route=%2Fwp%2Fv2%2Fproduct_tag&post=16237"}],"curies":[{"name":"wp","href":"https:\/\/api.w.org\/{rel}","templated":true}]}}