{"id":16235,"date":"2023-10-30T16:43:06","date_gmt":"2023-10-30T15:43:06","guid":{"rendered":"https:\/\/baralivres.ma\/?post_type=product&#038;p=16235"},"modified":"2023-10-30T16:43:06","modified_gmt":"2023-10-30T15:43:06","slug":"vivre-te-soit-bonheur","status":"publish","type":"product","link":"https:\/\/baralivres.ma\/?product=vivre-te-soit-bonheur","title":{"rendered":"Vivre te soit bonheur !"},"content":{"rendered":"<p>\u00ab\u00a0Pendant notre jeunesse, nous aspirions \u00e0 la connaissance, trouvant satisfaction dans notre savoir. Mais \u00e0 pr\u00e9sent, \u00e9coute, cher ami des pr\u00e9cisions : voici l&rsquo;essence de la vie &#8211; l&rsquo;eau qui coule et le vent !\u00a0\u00bb C&rsquo;est ainsi qu&rsquo;un grand po\u00e8te persan m\u00e9di\u00e9val, dans un langage simple et magnifique, nous invite \u00e0 savourer l&rsquo;instant pr\u00e9sent avec une modernit\u00e9 \u00e9tonnante.<\/p>\n","protected":false},"excerpt":{"rendered":"<p>Enfance aspired knowledge, found content; cherish present&rsquo;s essence &#8211; flowing water, blowing wind.<\/p>\n","protected":false},"featured_media":16242,"comment_status":"open","ping_status":"closed","template":"","meta":{"inline_featured_image":false},"product_cat":[204,143],"product_tag":[],"class_list":{"0":"post-16235","1":"product","2":"type-product","3":"status-publish","4":"has-post-thumbnail","6":"product_cat-francais","7":"product_cat-roman","8":"pa_auteurs-omar-khayyam-2","10":"first","11":"instock","12":"shipping-taxable","13":"purchasable","14":"product-type-simple"},"_links":{"self":[{"href":"https:\/\/baralivres.ma\/index.php?rest_route=\/wp\/v2\/product\/16235","targetHints":{"allow":["GET"]}}],"collection":[{"href":"https:\/\/baralivres.ma\/index.php?rest_route=\/wp\/v2\/product"}],"about":[{"href":"https:\/\/baralivres.ma\/index.php?rest_route=\/wp\/v2\/types\/product"}],"replies":[{"embeddable":true,"href":"https:\/\/baralivres.ma\/index.php?rest_route=%2Fwp%2Fv2%2Fcomments&post=16235"}],"version-history":[{"count":1,"href":"https:\/\/baralivres.ma\/index.php?rest_route=\/wp\/v2\/product\/16235\/revisions"}],"predecessor-version":[{"id":16243,"href":"https:\/\/baralivres.ma\/index.php?rest_route=\/wp\/v2\/product\/16235\/revisions\/16243"}],"wp:featuredmedia":[{"embeddable":true,"href":"https:\/\/baralivres.ma\/index.php?rest_route=\/wp\/v2\/media\/16242"}],"wp:attachment":[{"href":"https:\/\/baralivres.ma\/index.php?rest_route=%2Fwp%2Fv2%2Fmedia&parent=16235"}],"wp:term":[{"taxonomy":"product_cat","embeddable":true,"href":"https:\/\/baralivres.ma\/index.php?rest_route=%2Fwp%2Fv2%2Fproduct_cat&post=16235"},{"taxonomy":"product_tag","embeddable":true,"href":"https:\/\/baralivres.ma\/index.php?rest_route=%2Fwp%2Fv2%2Fproduct_tag&post=16235"}],"curies":[{"name":"wp","href":"https:\/\/api.w.org\/{rel}","templated":true}]}}