{"id":16204,"date":"2023-10-30T16:30:03","date_gmt":"2023-10-30T15:30:03","guid":{"rendered":"https:\/\/baralivres.ma\/?post_type=product&#038;p=16204"},"modified":"2023-10-31T09:44:22","modified_gmt":"2023-10-31T08:44:22","slug":"16204","status":"publish","type":"product","link":"https:\/\/baralivres.ma\/?product=16204","title":{"rendered":"MANAGEMENT (11E. ED.)"},"content":{"rendered":"<div class=\"group w-full text-token-text-primary border-b border-black\/10 gizmo:border-0 dark:border-gray-900\/50 gizmo:dark:border-0 bg-gray-50 gizmo:bg-transparent dark:bg-[#444654] gizmo:dark:bg-transparent\" data-testid=\"conversation-turn-59\">\n<div class=\"p-4 gizmo:py-2 justify-center text-base md:gap-6 md:py-6 m-auto\">\n<div class=\"flex flex-1 gap-4 text-base mx-auto md:gap-6 gizmo:gap-3 gizmo:md:px-5 gizmo:lg:px-1 gizmo:xl:px-5 md:max-w-2xl lg:max-w-[38rem] gizmo:md:max-w-3xl gizmo:lg:max-w-[40rem] gizmo:xl:max-w-[48rem] xl:max-w-3xl }\">\n<div class=\"relative flex w-[calc(100%-50px)] flex-col gizmo:w-full lg:w-[calc(100%-115px)] agent-turn\">\n<div class=\"flex-col gap-1 md:gap-3\">\n<div class=\"flex flex-grow flex-col gap-3 max-w-full\">\n<div class=\"min-h-[20px] flex flex-col items-start gap-3 whitespace-pre-wrap break-words overflow-x-auto\" data-message-author-role=\"assistant\" data-message-id=\"2234587f-6843-40b1-a1f3-d479bc3b530b\">\n<div class=\"markdown prose w-full break-words dark:prose-invert light\">\n<p>\u00ab\u00a0Ce manuel, \u00e9labor\u00e9 par l&rsquo;auteur mondialement reconnu d&rsquo;Organizational Behavior, propose une introduction compl\u00e8te et globale au domaine du management. Il explore en profondeur les concepts cl\u00e9s de cette discipline, en mettant un fort accent sur leur application pratique. L&rsquo;un de ses points forts r\u00e9side dans sa capacit\u00e9 \u00e0 ne pas se limiter aux applications destin\u00e9es aux cadres sup\u00e9rieurs des grandes entreprises multinationales, mais \u00e0 englober tous les acteurs des organisations, du personnel de terrain aux dirigeants de soci\u00e9t\u00e9s, tout en prenant en compte divers types d&rsquo;organisations, notamment les PME et les associations \u00e0 but non lucratif.<\/p>\n<p>\u00c0 la fin de chaque chapitre, des exercices et des questions ont \u00e9t\u00e9 int\u00e9gr\u00e9s pour renforcer l&rsquo;assimilation des notions abord\u00e9es et \u00e9valuer les comp\u00e9tences d&rsquo;analyse, de travail en groupe et de recherche des lecteurs. Ces activit\u00e9s sont structur\u00e9es autour de comp\u00e9tences sp\u00e9cifiques. Les encadr\u00e9s intitul\u00e9s \u00ab comp\u00e9tences \u00bb qui jalonnent le livre, tels que \u00ab comment \u00eatre cr\u00e9atif ? \u00bb, sont \u00e9galement li\u00e9s aux activit\u00e9s de fin de chapitre, renfor\u00e7ant ainsi l&rsquo;approche p\u00e9dagogique compl\u00e8te de cet ouvrage.\u00a0\u00bb<\/p>\n<p>Note: La reformulation a \u00e9t\u00e9 effectu\u00e9e en conservant l&rsquo;essentiel des informations tout en simplifiant la structure et en supprimant des d\u00e9tails sp\u00e9cifiques.<\/p>\n<\/div>\n<\/div>\n<\/div>\n<div class=\"flex justify-between empty:hidden gizmo:justify-start gizmo:gap-3 lg:block gizmo:lg:flex\">\n<div class=\"text-gray-400 flex self-end lg:self-center justify-center gizmo:lg:justify-start mt-2 gizmo:mt-0 visible lg:gap-1 lg:absolute lg:top-0 lg:translate-x-full lg:right-0 lg:mt-0 lg:pl-2 gap-2 md:gap-3\">\n<p>&nbsp;<\/p>\n<div class=\"flex gap-1\"><\/div>\n<\/div>\n<\/div>\n<\/div>\n<\/div>\n<\/div>\n<\/div>\n<\/div>\n","protected":false},"excerpt":{"rendered":"<p>\u00ab\u00a0Introduction globale au management, couvrant concepts cl\u00e9s, mettant l&rsquo;accent sur la pratique, divers types d&rsquo;organisations, avec exercices.\u00a0\u00bb<\/p>\n","protected":false},"featured_media":16212,"comment_status":"open","ping_status":"closed","template":"","meta":{"inline_featured_image":false},"product_cat":[204,91],"product_tag":[],"class_list":{"0":"post-16204","1":"product","2":"type-product","3":"status-publish","4":"has-post-thumbnail","6":"product_cat-francais","7":"product_cat-developpement","8":"pa_auteurs-stephen-robbins","10":"first","11":"instock","12":"shipping-taxable","13":"purchasable","14":"product-type-simple"},"_links":{"self":[{"href":"https:\/\/baralivres.ma\/index.php?rest_route=\/wp\/v2\/product\/16204","targetHints":{"allow":["GET"]}}],"collection":[{"href":"https:\/\/baralivres.ma\/index.php?rest_route=\/wp\/v2\/product"}],"about":[{"href":"https:\/\/baralivres.ma\/index.php?rest_route=\/wp\/v2\/types\/product"}],"replies":[{"embeddable":true,"href":"https:\/\/baralivres.ma\/index.php?rest_route=%2Fwp%2Fv2%2Fcomments&post=16204"}],"version-history":[{"count":2,"href":"https:\/\/baralivres.ma\/index.php?rest_route=\/wp\/v2\/product\/16204\/revisions"}],"predecessor-version":[{"id":16217,"href":"https:\/\/baralivres.ma\/index.php?rest_route=\/wp\/v2\/product\/16204\/revisions\/16217"}],"wp:featuredmedia":[{"embeddable":true,"href":"https:\/\/baralivres.ma\/index.php?rest_route=\/wp\/v2\/media\/16212"}],"wp:attachment":[{"href":"https:\/\/baralivres.ma\/index.php?rest_route=%2Fwp%2Fv2%2Fmedia&parent=16204"}],"wp:term":[{"taxonomy":"product_cat","embeddable":true,"href":"https:\/\/baralivres.ma\/index.php?rest_route=%2Fwp%2Fv2%2Fproduct_cat&post=16204"},{"taxonomy":"product_tag","embeddable":true,"href":"https:\/\/baralivres.ma\/index.php?rest_route=%2Fwp%2Fv2%2Fproduct_tag&post=16204"}],"curies":[{"name":"wp","href":"https:\/\/api.w.org\/{rel}","templated":true}]}}