{"id":16203,"date":"2023-10-30T16:27:13","date_gmt":"2023-10-30T15:27:13","guid":{"rendered":"https:\/\/baralivres.ma\/?post_type=product&#038;p=16203"},"modified":"2023-10-30T16:27:13","modified_gmt":"2023-10-30T15:27:13","slug":"par-dela-bien-et-mal","status":"publish","type":"product","link":"https:\/\/baralivres.ma\/?product=par-dela-bien-et-mal","title":{"rendered":"Par-del\u00e0 bien et mal"},"content":{"rendered":"<p>Peut-\u00eatre approchons-nous d&rsquo;une \u00e9poque o\u00f9 nous r\u00e9aliserons que les fondements des grands \u00e9difices de pens\u00e9e \u00e9rig\u00e9s par les philosophes dogmatiques n&rsquo;\u00e9taient, au fond, que des croyances issues de superstitions anciennes, telles que la superstition de l&rsquo;\u00e2me, devenue la superstition du moi, continuant \u00e0 semer le trouble de nos jours. Ces \u00e9difices reposaient peut-\u00eatre sur des jeux de mots, des suggestions linguistiques \u00e9tranges, voire des g\u00e9n\u00e9ralisations risqu\u00e9es provenant d&rsquo;exp\u00e9riences limit\u00e9es et tr\u00e8s humaines, trop humaines.<\/p>\n<p>Il semble que pour impr\u00e9gner durablement le c\u0153ur de l&rsquo;humanit\u00e9, toutes les grandes id\u00e9es doivent d&rsquo;abord errer dans le monde sous des formes monstrueuses et effrayantes. La philosophie dogmatique, telle que l&rsquo;invention platonicienne de l&rsquo;esprit pur et du Bien en soi, fut l&rsquo;un de ces masques. Aujourd&rsquo;hui, alors que nous nous lib\u00e9rons de ces illusions, que l&rsquo;Europe respire et se lib\u00e8re de ce cauchemar, nous, responsables de rester vigilants, h\u00e9ritons de l&rsquo;\u00e9nergie forg\u00e9e dans la lutte contre ces erreurs.<\/p>\n","protected":false},"excerpt":{"rendered":"<p>Les \u00e9difices dogmatiques de pens\u00e9e \u00e9taient des superstitions, \u00e9mergeant comme masques avant l&rsquo;\u00e9veil.<\/p>\n","protected":false},"featured_media":16206,"comment_status":"open","ping_status":"closed","template":"","meta":{"inline_featured_image":false},"product_cat":[204,143],"product_tag":[],"class_list":{"0":"post-16203","1":"product","2":"type-product","3":"status-publish","4":"has-post-thumbnail","6":"product_cat-francais","7":"product_cat-roman","8":"pa_auteurs-friedrich-nietzsche","10":"first","11":"instock","12":"shipping-taxable","13":"purchasable","14":"product-type-simple"},"_links":{"self":[{"href":"https:\/\/baralivres.ma\/index.php?rest_route=\/wp\/v2\/product\/16203","targetHints":{"allow":["GET"]}}],"collection":[{"href":"https:\/\/baralivres.ma\/index.php?rest_route=\/wp\/v2\/product"}],"about":[{"href":"https:\/\/baralivres.ma\/index.php?rest_route=\/wp\/v2\/types\/product"}],"replies":[{"embeddable":true,"href":"https:\/\/baralivres.ma\/index.php?rest_route=%2Fwp%2Fv2%2Fcomments&post=16203"}],"version-history":[{"count":1,"href":"https:\/\/baralivres.ma\/index.php?rest_route=\/wp\/v2\/product\/16203\/revisions"}],"predecessor-version":[{"id":16207,"href":"https:\/\/baralivres.ma\/index.php?rest_route=\/wp\/v2\/product\/16203\/revisions\/16207"}],"wp:featuredmedia":[{"embeddable":true,"href":"https:\/\/baralivres.ma\/index.php?rest_route=\/wp\/v2\/media\/16206"}],"wp:attachment":[{"href":"https:\/\/baralivres.ma\/index.php?rest_route=%2Fwp%2Fv2%2Fmedia&parent=16203"}],"wp:term":[{"taxonomy":"product_cat","embeddable":true,"href":"https:\/\/baralivres.ma\/index.php?rest_route=%2Fwp%2Fv2%2Fproduct_cat&post=16203"},{"taxonomy":"product_tag","embeddable":true,"href":"https:\/\/baralivres.ma\/index.php?rest_route=%2Fwp%2Fv2%2Fproduct_tag&post=16203"}],"curies":[{"name":"wp","href":"https:\/\/api.w.org\/{rel}","templated":true}]}}