{"id":16199,"date":"2023-10-30T16:27:50","date_gmt":"2023-10-30T15:27:50","guid":{"rendered":"https:\/\/baralivres.ma\/?post_type=product&#038;p=16199"},"modified":"2024-04-26T11:02:59","modified_gmt":"2024-04-26T10:02:59","slug":"le-coran-2","status":"publish","type":"product","link":"https:\/\/baralivres.ma\/?product=le-coran-2","title":{"rendered":"Le Coran"},"content":{"rendered":"<p>Bien que le Coran soit riche en mouvements, riche en images et envo\u00fbtant par ses sonorit\u00e9s arabes, son langage demeure toujours clair. C&rsquo;est pourquoi, malgr\u00e9 son caract\u00e8re intraduisible, il est possible d&rsquo;essayer de le traduire. Ces traductions permettent au moins de communiquer le sens de la pr\u00e9dication \u00e9tonnante de Mahomet (570-632). Pendant des si\u00e8cles, il n&rsquo;y avait plus eu de r\u00e9v\u00e9lations majeures qui r\u00e9veillent l&rsquo;humanit\u00e9, et apr\u00e8s Mahomet, il n&rsquo;y en aura plus. \u00ab\u00a0Dieu seul est Dieu\u00a0\u00bb.<\/p>\n","protected":false},"excerpt":{"rendered":"<p>Le Coran, bien qu&rsquo;intraduisible, peut \u00eatre traduit pour transmettre le sens de la pr\u00e9dication de Mahomet.<\/p>\n","protected":false},"featured_media":16205,"comment_status":"open","ping_status":"closed","template":"","meta":{"inline_featured_image":false},"product_cat":[3725,204,143],"product_tag":[],"class_list":{"0":"post-16199","1":"product","2":"type-product","3":"status-publish","4":"has-post-thumbnail","6":"product_cat-litterature-religieuse","7":"product_cat-francais","8":"product_cat-roman","9":"pa_auteurs-anonyme","11":"first","12":"instock","13":"shipping-taxable","14":"purchasable","15":"product-type-simple"},"_links":{"self":[{"href":"https:\/\/baralivres.ma\/index.php?rest_route=\/wp\/v2\/product\/16199","targetHints":{"allow":["GET"]}}],"collection":[{"href":"https:\/\/baralivres.ma\/index.php?rest_route=\/wp\/v2\/product"}],"about":[{"href":"https:\/\/baralivres.ma\/index.php?rest_route=\/wp\/v2\/types\/product"}],"replies":[{"embeddable":true,"href":"https:\/\/baralivres.ma\/index.php?rest_route=%2Fwp%2Fv2%2Fcomments&post=16199"}],"version-history":[{"count":1,"href":"https:\/\/baralivres.ma\/index.php?rest_route=\/wp\/v2\/product\/16199\/revisions"}],"predecessor-version":[{"id":16208,"href":"https:\/\/baralivres.ma\/index.php?rest_route=\/wp\/v2\/product\/16199\/revisions\/16208"}],"wp:featuredmedia":[{"embeddable":true,"href":"https:\/\/baralivres.ma\/index.php?rest_route=\/wp\/v2\/media\/16205"}],"wp:attachment":[{"href":"https:\/\/baralivres.ma\/index.php?rest_route=%2Fwp%2Fv2%2Fmedia&parent=16199"}],"wp:term":[{"taxonomy":"product_cat","embeddable":true,"href":"https:\/\/baralivres.ma\/index.php?rest_route=%2Fwp%2Fv2%2Fproduct_cat&post=16199"},{"taxonomy":"product_tag","embeddable":true,"href":"https:\/\/baralivres.ma\/index.php?rest_route=%2Fwp%2Fv2%2Fproduct_tag&post=16199"}],"curies":[{"name":"wp","href":"https:\/\/api.w.org\/{rel}","templated":true}]}}