{"id":16188,"date":"2023-10-30T16:18:50","date_gmt":"2023-10-30T15:18:50","guid":{"rendered":"https:\/\/baralivres.ma\/?post_type=product&#038;p=16188"},"modified":"2023-10-30T16:18:51","modified_gmt":"2023-10-30T15:18:51","slug":"critique-de-la-raison-pratique","status":"publish","type":"product","link":"https:\/\/baralivres.ma\/?product=critique-de-la-raison-pratique","title":{"rendered":"Critique de la raison pratique"},"content":{"rendered":"<p>Deux \u00e9l\u00e9ments suscitent en moi une admiration et un respect perp\u00e9tuellement renouvel\u00e9s et grandissants d\u00e8s lors que la r\u00e9flexion s&rsquo;y attache et s&rsquo;y concentre : le firmament \u00e9toil\u00e9 au-dessus de moi et la loi morale en moi. Ces deux r\u00e9alit\u00e9s s&rsquo;offrent \u00e0 ma perception, et je les relie directement \u00e0 ma conscience individuelle. Le premier \u00e9l\u00e9ment d\u00e9bute l\u00e0 o\u00f9 je me situe dans le monde palpable des sens, \u00e9largissant le lien dans lequel je me trouve \u00e0 l&rsquo;immensit\u00e9 de l&rsquo;espace, avec ses innombrables astres, syst\u00e8mes et cycles temporels infinis de leurs commencements et dur\u00e9es. Le second \u00e9l\u00e9ment prend racine dans mon int\u00e9riorit\u00e9 invisible, dans ma singularit\u00e9, et me pr\u00e9sente un monde qui d\u00e9tient une infinie v\u00e9ritable, accessible uniquement par la pens\u00e9e, et auquel je me sens li\u00e9 par une connexion universelle et indispensable. La premi\u00e8re perception amoindrit presque mon importance en tant qu&rsquo;entit\u00e9 animale destin\u00e9e \u00e0 retourner la mati\u00e8re dont elle est issue vers la plan\u00e8te, apr\u00e8s avoir \u00e9t\u00e9 temporairement investie de vitalit\u00e9. La seconde perception, en revanche, \u00e9l\u00e8ve ma valeur en tant qu&rsquo;\u00eatre pensant, gr\u00e2ce \u00e0 ma personnalit\u00e9 o\u00f9 la loi morale r\u00e9v\u00e8le une existence ind\u00e9pendante de l&rsquo;aspect animal et m\u00eame de tout ce qui est perceptible par les sens.<\/p>\n","protected":false},"excerpt":{"rendered":"<p>Admiration pour ciel \u00e9toil\u00e9 et loi morale, reliant l&rsquo;immensit\u00e9 et la moralit\u00e9 individuelle essentielle.<\/p>\n","protected":false},"featured_media":16196,"comment_status":"open","ping_status":"closed","template":"","meta":{"inline_featured_image":false},"product_cat":[204,143],"product_tag":[],"class_list":{"0":"post-16188","1":"product","2":"type-product","3":"status-publish","4":"has-post-thumbnail","6":"product_cat-francais","7":"product_cat-roman","8":"pa_auteurs-emmanuel-kant","10":"first","11":"instock","12":"shipping-taxable","13":"purchasable","14":"product-type-simple"},"_links":{"self":[{"href":"https:\/\/baralivres.ma\/index.php?rest_route=\/wp\/v2\/product\/16188","targetHints":{"allow":["GET"]}}],"collection":[{"href":"https:\/\/baralivres.ma\/index.php?rest_route=\/wp\/v2\/product"}],"about":[{"href":"https:\/\/baralivres.ma\/index.php?rest_route=\/wp\/v2\/types\/product"}],"replies":[{"embeddable":true,"href":"https:\/\/baralivres.ma\/index.php?rest_route=%2Fwp%2Fv2%2Fcomments&post=16188"}],"version-history":[{"count":1,"href":"https:\/\/baralivres.ma\/index.php?rest_route=\/wp\/v2\/product\/16188\/revisions"}],"predecessor-version":[{"id":16197,"href":"https:\/\/baralivres.ma\/index.php?rest_route=\/wp\/v2\/product\/16188\/revisions\/16197"}],"wp:featuredmedia":[{"embeddable":true,"href":"https:\/\/baralivres.ma\/index.php?rest_route=\/wp\/v2\/media\/16196"}],"wp:attachment":[{"href":"https:\/\/baralivres.ma\/index.php?rest_route=%2Fwp%2Fv2%2Fmedia&parent=16188"}],"wp:term":[{"taxonomy":"product_cat","embeddable":true,"href":"https:\/\/baralivres.ma\/index.php?rest_route=%2Fwp%2Fv2%2Fproduct_cat&post=16188"},{"taxonomy":"product_tag","embeddable":true,"href":"https:\/\/baralivres.ma\/index.php?rest_route=%2Fwp%2Fv2%2Fproduct_tag&post=16188"}],"curies":[{"name":"wp","href":"https:\/\/api.w.org\/{rel}","templated":true}]}}