{"id":16184,"date":"2023-10-30T16:17:08","date_gmt":"2023-10-30T15:17:08","guid":{"rendered":"https:\/\/baralivres.ma\/?post_type=product&#038;p=16184"},"modified":"2023-10-31T09:44:48","modified_gmt":"2023-10-31T08:44:48","slug":"macroeconomie-8e-ed","status":"publish","type":"product","link":"https:\/\/baralivres.ma\/?product=macroeconomie-8e-ed","title":{"rendered":"MACROECONOMIE (8E. ED.)"},"content":{"rendered":"<p>\u00ab\u00a0Introduction \u00e0 la micro\u00e9conomie de Hal R. Varian offre une approche claire, moderne et analytique des concepts fondamentaux. Le livre se concentre sur la pr\u00e9paration des \u00e9tudiants en \u00e9conomie et gestion \u00e0 l&rsquo;analyse micro\u00e9conomique, en mettant l&rsquo;accent sur l&rsquo;autonomie de compr\u00e9hension. Cette neuvi\u00e8me \u00e9dition introduit un nouveau chapitre sur la mesure et explore des th\u00e8mes li\u00e9s aux entreprises de la Silicon Valley, renfor\u00e7ant la pertinence pratique. Chaque chapitre est concis et aborde des sujets g\u00e9n\u00e9ralement r\u00e9serv\u00e9s \u00e0 des ouvrages sp\u00e9cialis\u00e9s, tels que la th\u00e9orie des jeux, l&rsquo;\u00e9conomie comportementale et les ventes aux ench\u00e8res.\u00a0\u00bb<\/p>\n","protected":false},"excerpt":{"rendered":"<p>\u00ab\u00a0Introduction \u00e0 la micro\u00e9conomie de Hal R. Varian offre une approche claire et moderne des concepts fondamentaux.\u00a0\u00bb<\/p>\n","protected":false},"featured_media":16193,"comment_status":"open","ping_status":"closed","template":"","meta":{"inline_featured_image":false},"product_cat":[204,91],"product_tag":[],"class_list":{"0":"post-16184","1":"product","2":"type-product","3":"status-publish","4":"has-post-thumbnail","6":"product_cat-francais","7":"product_cat-developpement","8":"pa_auteurs-n-gregory-mankiw","10":"first","11":"instock","12":"shipping-taxable","13":"purchasable","14":"product-type-simple"},"_links":{"self":[{"href":"https:\/\/baralivres.ma\/index.php?rest_route=\/wp\/v2\/product\/16184","targetHints":{"allow":["GET"]}}],"collection":[{"href":"https:\/\/baralivres.ma\/index.php?rest_route=\/wp\/v2\/product"}],"about":[{"href":"https:\/\/baralivres.ma\/index.php?rest_route=\/wp\/v2\/types\/product"}],"replies":[{"embeddable":true,"href":"https:\/\/baralivres.ma\/index.php?rest_route=%2Fwp%2Fv2%2Fcomments&post=16184"}],"version-history":[{"count":1,"href":"https:\/\/baralivres.ma\/index.php?rest_route=\/wp\/v2\/product\/16184\/revisions"}],"predecessor-version":[{"id":16194,"href":"https:\/\/baralivres.ma\/index.php?rest_route=\/wp\/v2\/product\/16184\/revisions\/16194"}],"wp:featuredmedia":[{"embeddable":true,"href":"https:\/\/baralivres.ma\/index.php?rest_route=\/wp\/v2\/media\/16193"}],"wp:attachment":[{"href":"https:\/\/baralivres.ma\/index.php?rest_route=%2Fwp%2Fv2%2Fmedia&parent=16184"}],"wp:term":[{"taxonomy":"product_cat","embeddable":true,"href":"https:\/\/baralivres.ma\/index.php?rest_route=%2Fwp%2Fv2%2Fproduct_cat&post=16184"},{"taxonomy":"product_tag","embeddable":true,"href":"https:\/\/baralivres.ma\/index.php?rest_route=%2Fwp%2Fv2%2Fproduct_tag&post=16184"}],"curies":[{"name":"wp","href":"https:\/\/api.w.org\/{rel}","templated":true}]}}