{"id":16180,"date":"2023-10-30T16:14:42","date_gmt":"2023-10-30T15:14:42","guid":{"rendered":"https:\/\/baralivres.ma\/?post_type=product&#038;p=16180"},"modified":"2023-10-30T16:14:43","modified_gmt":"2023-10-30T15:14:43","slug":"critique-de-la-raison-pure","status":"publish","type":"product","link":"https:\/\/baralivres.ma\/?product=critique-de-la-raison-pure","title":{"rendered":"Critique de la raison pure"},"content":{"rendered":"<p>La nature m\u00eame de la raison humaine lui r\u00e9serve un destin singulier au sein de certaines de ses connaissances : elle se trouve constamment assaillie par des questions auxquelles elle ne peut apporter de r\u00e9ponses d\u00e9finitives. Ces questions \u00e9manent des caract\u00e9ristiques intrins\u00e8ques de la raison, mais demeurent hors de port\u00e9e de ses capacit\u00e9s. Ce n&rsquo;est en aucun cas une lacune de sa part, car elle op\u00e8re \u00e0 partir de principes indispensables dans le cours de l&rsquo;exp\u00e9rience, solidement appuy\u00e9s par celle-ci. Guid\u00e9e par ces principes, la raison s&rsquo;efforce continuellement de s&rsquo;\u00e9lever vers des sph\u00e8res plus \u00e9loign\u00e9es, conform\u00e9ment \u00e0 sa nature. Toutefois, elle r\u00e9alise que cet ascensionnement sans fin rend son \u0153uvre inachev\u00e9e, car de nouvelles questions surgissent en permanence.<\/p>\n<p>Ainsi, contrainte par cette r\u00e9alit\u00e9, la raison se r\u00e9fugie dans des principes qui transcendent les fronti\u00e8res de l&rsquo;exp\u00e9rience, bien que ces principes soient largement accept\u00e9s, m\u00eame par la raison humaine commune. Ce faisant, elle plonge dans un ab\u00eeme d&rsquo;obscurit\u00e9 et de contradictions, d&rsquo;o\u00f9 elle inf\u00e8re qu&rsquo;il doit exister des erreurs dissimul\u00e9es, sans pour autant pouvoir les d\u00e9celer. Cela survient parce que les principes qu&rsquo;elle utilise, \u00e9tant au-del\u00e0 des limites de l&rsquo;exp\u00e9rience, ne peuvent \u00eatre \u00e9valu\u00e9s par des r\u00e9f\u00e9rences issues de l&rsquo;exp\u00e9rience.<\/p>\n<p>Ce th\u00e9\u00e2tre de conflits incessants, o\u00f9 la raison est confront\u00e9e \u00e0 des \u00e9nigmes insolubles, constitue ce que l&rsquo;on appelle la M\u00e9taphysique.<\/p>\n","protected":false},"excerpt":{"rendered":"<p>La raison humaine confront\u00e9e \u00e0 des questions insolubles, transcende l&rsquo;exp\u00e9rience, aboutit \u00e0 la M\u00e9taphysique.<\/p>\n","protected":false},"featured_media":16185,"comment_status":"open","ping_status":"closed","template":"","meta":{"inline_featured_image":false},"product_cat":[204,143],"product_tag":[],"class_list":{"0":"post-16180","1":"product","2":"type-product","3":"status-publish","4":"has-post-thumbnail","6":"product_cat-francais","7":"product_cat-roman","8":"pa_auteurs-emmanuel-kant","10":"first","11":"instock","12":"shipping-taxable","13":"purchasable","14":"product-type-simple"},"_links":{"self":[{"href":"https:\/\/baralivres.ma\/index.php?rest_route=\/wp\/v2\/product\/16180","targetHints":{"allow":["GET"]}}],"collection":[{"href":"https:\/\/baralivres.ma\/index.php?rest_route=\/wp\/v2\/product"}],"about":[{"href":"https:\/\/baralivres.ma\/index.php?rest_route=\/wp\/v2\/types\/product"}],"replies":[{"embeddable":true,"href":"https:\/\/baralivres.ma\/index.php?rest_route=%2Fwp%2Fv2%2Fcomments&post=16180"}],"version-history":[{"count":1,"href":"https:\/\/baralivres.ma\/index.php?rest_route=\/wp\/v2\/product\/16180\/revisions"}],"predecessor-version":[{"id":16186,"href":"https:\/\/baralivres.ma\/index.php?rest_route=\/wp\/v2\/product\/16180\/revisions\/16186"}],"wp:featuredmedia":[{"embeddable":true,"href":"https:\/\/baralivres.ma\/index.php?rest_route=\/wp\/v2\/media\/16185"}],"wp:attachment":[{"href":"https:\/\/baralivres.ma\/index.php?rest_route=%2Fwp%2Fv2%2Fmedia&parent=16180"}],"wp:term":[{"taxonomy":"product_cat","embeddable":true,"href":"https:\/\/baralivres.ma\/index.php?rest_route=%2Fwp%2Fv2%2Fproduct_cat&post=16180"},{"taxonomy":"product_tag","embeddable":true,"href":"https:\/\/baralivres.ma\/index.php?rest_route=%2Fwp%2Fv2%2Fproduct_tag&post=16180"}],"curies":[{"name":"wp","href":"https:\/\/api.w.org\/{rel}","templated":true}]}}