{"id":16178,"date":"2023-10-30T16:16:40","date_gmt":"2023-10-30T15:16:40","guid":{"rendered":"https:\/\/baralivres.ma\/?post_type=product&#038;p=16178"},"modified":"2023-10-30T16:16:41","modified_gmt":"2023-10-30T15:16:41","slug":"mrs-dalloway","status":"publish","type":"product","link":"https:\/\/baralivres.ma\/?product=mrs-dalloway","title":{"rendered":"Mrs Dalloway"},"content":{"rendered":"<p>Une journ\u00e9e dans la vie d&rsquo;une femme vivant au sein de l&rsquo;aristocratie britannique apr\u00e8s la Premi\u00e8re Guerre mondiale. Notre protagoniste se questionne sur les d\u00e9cisions qu&rsquo;elle a prises &#8211; pourquoi n&rsquo;a-t-elle pas \u00e9pous\u00e9 l&rsquo;homme qu&rsquo;elle aimait r\u00e9ellement, et pourquoi ce dernier lui rend-il visite ce jour-l\u00e0 ? Elle revisite ses souvenirs et confronte ses inqui\u00e9tudes, notamment sa forte r\u00e9action \u00e0 la mort d&rsquo;un ancien combattant traumatis\u00e9 par la guerre, un \u00e9tranger pour elle. Cette crise existentielle la pousse presque \u00e0 la folie, la plongeant dans un \u00e9tat de d\u00e9doublement de personnalit\u00e9. \u00c0 travers ce monologue int\u00e9rieur, le roman explore la complexit\u00e9 de la connexion entre soi et les autres, le pr\u00e9sent et le pass\u00e9, le langage et le silence, ainsi que la recherche de son identit\u00e9. Il s&rsquo;interroge sur la mani\u00e8re de se lib\u00e9rer des contraintes sociales et d&rsquo;assumer pleinement qui l&rsquo;on est. Publi\u00e9 en 1925, Mrs Dalloway est l&rsquo;\u0153uvre majeure de Virginia Woolf et une pi\u00e8ce ma\u00eetresse de la litt\u00e9rature du XXe si\u00e8cle. Dans ce roman po\u00e9tique, impr\u00e9gn\u00e9 de prose musicale et d&rsquo;une narration incisive, les impressions de la protagoniste se transforment en v\u00e9ritables aventures.<\/p>\n","protected":false},"excerpt":{"rendered":"<p>Journ\u00e9e d&rsquo;une femme anglaise de la haute soci\u00e9t\u00e9 apr\u00e8s la Grande Guerre, questionnements int\u00e9rieurs, identit\u00e9, et \u00e9mancipation sociale.<\/p>\n","protected":false},"featured_media":16187,"comment_status":"open","ping_status":"closed","template":"","meta":{"inline_featured_image":false},"product_cat":[204,143],"product_tag":[],"class_list":{"0":"post-16178","1":"product","2":"type-product","3":"status-publish","4":"has-post-thumbnail","6":"product_cat-francais","7":"product_cat-roman","8":"pa_auteurs-virginia-woolf","10":"first","11":"instock","12":"shipping-taxable","13":"purchasable","14":"product-type-simple"},"_links":{"self":[{"href":"https:\/\/baralivres.ma\/index.php?rest_route=\/wp\/v2\/product\/16178","targetHints":{"allow":["GET"]}}],"collection":[{"href":"https:\/\/baralivres.ma\/index.php?rest_route=\/wp\/v2\/product"}],"about":[{"href":"https:\/\/baralivres.ma\/index.php?rest_route=\/wp\/v2\/types\/product"}],"replies":[{"embeddable":true,"href":"https:\/\/baralivres.ma\/index.php?rest_route=%2Fwp%2Fv2%2Fcomments&post=16178"}],"version-history":[{"count":1,"href":"https:\/\/baralivres.ma\/index.php?rest_route=\/wp\/v2\/product\/16178\/revisions"}],"predecessor-version":[{"id":16191,"href":"https:\/\/baralivres.ma\/index.php?rest_route=\/wp\/v2\/product\/16178\/revisions\/16191"}],"wp:featuredmedia":[{"embeddable":true,"href":"https:\/\/baralivres.ma\/index.php?rest_route=\/wp\/v2\/media\/16187"}],"wp:attachment":[{"href":"https:\/\/baralivres.ma\/index.php?rest_route=%2Fwp%2Fv2%2Fmedia&parent=16178"}],"wp:term":[{"taxonomy":"product_cat","embeddable":true,"href":"https:\/\/baralivres.ma\/index.php?rest_route=%2Fwp%2Fv2%2Fproduct_cat&post=16178"},{"taxonomy":"product_tag","embeddable":true,"href":"https:\/\/baralivres.ma\/index.php?rest_route=%2Fwp%2Fv2%2Fproduct_tag&post=16178"}],"curies":[{"name":"wp","href":"https:\/\/api.w.org\/{rel}","templated":true}]}}