{"id":16173,"date":"2023-10-30T16:12:55","date_gmt":"2023-10-30T15:12:55","guid":{"rendered":"https:\/\/baralivres.ma\/?post_type=product&#038;p=16173"},"modified":"2023-12-04T11:47:09","modified_gmt":"2023-12-04T10:47:09","slug":"vers-la-revolution-interieure","status":"publish","type":"product","link":"https:\/\/baralivres.ma\/?product=vers-la-revolution-interieure","title":{"rendered":"Vers la r\u00e9volution int\u00e9rieure"},"content":{"rendered":"<p>Dans son nouvel ouvrage empreint de r\u00e9flexions philosophiques et spirituelles, Jiddu Krishnamurti aborde la question de la transformation personnelle en vue d&rsquo;influencer le monde ou de trouver un \u00e9quilibre dans un monde tumultueux. Il r\u00e9affirme les fondements de sa philosophie : l&rsquo;apprentissage par l&rsquo;exp\u00e9rience directe. Selon lui, c&rsquo;est en scrutant le fonctionnement de notre esprit que nous pouvons provoquer des changements significatifs dans notre vie et dans l&rsquo;humanit\u00e9. Ce livre r\u00e9volutionnaire propose une voie profonde vers la r\u00e9volution int\u00e9rieure : changer soi-m\u00eame.<\/p>\n","protected":false},"excerpt":{"rendered":"<p>Krishnamurti explore la transformation personnelle par l&rsquo;observation de l&rsquo;esprit pour impacter le monde et mener une vie saine.<\/p>\n","protected":false},"featured_media":16181,"comment_status":"open","ping_status":"closed","template":"","meta":{"inline_featured_image":false},"product_cat":[3673],"product_tag":[],"class_list":{"0":"post-16173","1":"product","2":"type-product","3":"status-publish","4":"has-post-thumbnail","6":"product_cat-aventire-secrete","7":"pa_auteurs-jiddu-krishnamurti","9":"first","10":"instock","11":"shipping-taxable","12":"purchasable","13":"product-type-simple"},"_links":{"self":[{"href":"https:\/\/baralivres.ma\/index.php?rest_route=\/wp\/v2\/product\/16173","targetHints":{"allow":["GET"]}}],"collection":[{"href":"https:\/\/baralivres.ma\/index.php?rest_route=\/wp\/v2\/product"}],"about":[{"href":"https:\/\/baralivres.ma\/index.php?rest_route=\/wp\/v2\/types\/product"}],"replies":[{"embeddable":true,"href":"https:\/\/baralivres.ma\/index.php?rest_route=%2Fwp%2Fv2%2Fcomments&post=16173"}],"version-history":[{"count":1,"href":"https:\/\/baralivres.ma\/index.php?rest_route=\/wp\/v2\/product\/16173\/revisions"}],"predecessor-version":[{"id":16182,"href":"https:\/\/baralivres.ma\/index.php?rest_route=\/wp\/v2\/product\/16173\/revisions\/16182"}],"wp:featuredmedia":[{"embeddable":true,"href":"https:\/\/baralivres.ma\/index.php?rest_route=\/wp\/v2\/media\/16181"}],"wp:attachment":[{"href":"https:\/\/baralivres.ma\/index.php?rest_route=%2Fwp%2Fv2%2Fmedia&parent=16173"}],"wp:term":[{"taxonomy":"product_cat","embeddable":true,"href":"https:\/\/baralivres.ma\/index.php?rest_route=%2Fwp%2Fv2%2Fproduct_cat&post=16173"},{"taxonomy":"product_tag","embeddable":true,"href":"https:\/\/baralivres.ma\/index.php?rest_route=%2Fwp%2Fv2%2Fproduct_tag&post=16173"}],"curies":[{"name":"wp","href":"https:\/\/api.w.org\/{rel}","templated":true}]}}