{"id":16169,"date":"2023-10-30T16:09:28","date_gmt":"2023-10-30T15:09:28","guid":{"rendered":"https:\/\/baralivres.ma\/?post_type=product&#038;p=16169"},"modified":"2023-12-04T11:49:15","modified_gmt":"2023-12-04T10:49:15","slug":"energie-vitale-et-autoguerison","status":"publish","type":"product","link":"https:\/\/baralivres.ma\/?product=energie-vitale-et-autoguerison","title":{"rendered":"Energie vitale et autogu\u00e9rison"},"content":{"rendered":"<p>Mantak Chia, un \u00e9minent ma\u00eetre tao\u00efste, pr\u00e9sente dans son ouvrage une tradition ancienne visant \u00e0 \u00e9veiller et \u00e0 faire circuler le \u00ab\u00a0chi\u00a0\u00bb, cette \u00e9nergie vitale fondamentale pr\u00e9sente en chacun de nous, qui exerce une influence notable sur notre bien-\u00eatre et notre vitalit\u00e9. \u00c0 travers des exercices simples pouvant \u00eatre pratiqu\u00e9s \u00e0 domicile, Mantak Chia nous guide dans l&rsquo;exploration de techniques \u00e9nerg\u00e9tiques autrefois gard\u00e9es secr\u00e8tes, afin de lib\u00e9rer les tensions internes, de rajeunir, et de restaurer la sant\u00e9.<\/p>\n","protected":false},"excerpt":{"rendered":"<p>Mantak Chia, ma\u00eetre tao\u00efste, partage techniques anciennes pour cultiver le \u00ab\u00a0chi\u00a0\u00bb et am\u00e9liorer vitalit\u00e9 et sant\u00e9.<\/p>\n","protected":false},"featured_media":16171,"comment_status":"open","ping_status":"closed","template":"","meta":{"inline_featured_image":false},"product_cat":[3673],"product_tag":[],"class_list":{"0":"post-16169","1":"product","2":"type-product","3":"status-publish","4":"has-post-thumbnail","6":"product_cat-aventire-secrete","7":"pa_auteurs-mantak-chia","9":"first","10":"instock","11":"shipping-taxable","12":"purchasable","13":"product-type-simple"},"_links":{"self":[{"href":"https:\/\/baralivres.ma\/index.php?rest_route=\/wp\/v2\/product\/16169","targetHints":{"allow":["GET"]}}],"collection":[{"href":"https:\/\/baralivres.ma\/index.php?rest_route=\/wp\/v2\/product"}],"about":[{"href":"https:\/\/baralivres.ma\/index.php?rest_route=\/wp\/v2\/types\/product"}],"replies":[{"embeddable":true,"href":"https:\/\/baralivres.ma\/index.php?rest_route=%2Fwp%2Fv2%2Fcomments&post=16169"}],"version-history":[{"count":1,"href":"https:\/\/baralivres.ma\/index.php?rest_route=\/wp\/v2\/product\/16169\/revisions"}],"predecessor-version":[{"id":16172,"href":"https:\/\/baralivres.ma\/index.php?rest_route=\/wp\/v2\/product\/16169\/revisions\/16172"}],"wp:featuredmedia":[{"embeddable":true,"href":"https:\/\/baralivres.ma\/index.php?rest_route=\/wp\/v2\/media\/16171"}],"wp:attachment":[{"href":"https:\/\/baralivres.ma\/index.php?rest_route=%2Fwp%2Fv2%2Fmedia&parent=16169"}],"wp:term":[{"taxonomy":"product_cat","embeddable":true,"href":"https:\/\/baralivres.ma\/index.php?rest_route=%2Fwp%2Fv2%2Fproduct_cat&post=16169"},{"taxonomy":"product_tag","embeddable":true,"href":"https:\/\/baralivres.ma\/index.php?rest_route=%2Fwp%2Fv2%2Fproduct_tag&post=16169"}],"curies":[{"name":"wp","href":"https:\/\/api.w.org\/{rel}","templated":true}]}}