{"id":16167,"date":"2023-10-30T16:11:07","date_gmt":"2023-10-30T15:11:07","guid":{"rendered":"https:\/\/baralivres.ma\/?post_type=product&#038;p=16167"},"modified":"2025-04-17T15:47:15","modified_gmt":"2025-04-17T14:47:15","slug":"hal-r-varian","status":"publish","type":"product","link":"https:\/\/baralivres.ma\/?product=hal-r-varian","title":{"rendered":"INTRODUCTION A LA MICROECONOMIE, et cat\u00e9gorie d\u00e9veloppement en fran\u00e7ais"},"content":{"rendered":"<div class=\"group w-full text-token-text-primary border-b border-black\/10 gizmo:border-0 dark:border-gray-900\/50 gizmo:dark:border-0 bg-gray-50 gizmo:bg-transparent dark:bg-[#444654] gizmo:dark:bg-transparent\" data-testid=\"conversation-turn-49\">\n<div class=\"p-4 gizmo:py-2 justify-center text-base md:gap-6 md:py-6 m-auto\">\n<div class=\"flex flex-1 gap-4 text-base mx-auto md:gap-6 gizmo:gap-3 gizmo:md:px-5 gizmo:lg:px-1 gizmo:xl:px-5 md:max-w-2xl lg:max-w-[38rem] gizmo:md:max-w-3xl gizmo:lg:max-w-[40rem] gizmo:xl:max-w-[48rem] xl:max-w-3xl }\">\n<div class=\"relative flex w-[calc(100%-50px)] flex-col gizmo:w-full lg:w-[calc(100%-115px)] agent-turn\">\n<div class=\"flex-col gap-1 md:gap-3\">\n<div class=\"flex flex-grow flex-col gap-3 max-w-full\">\n<div class=\"min-h-[20px] flex flex-col items-start gap-3 whitespace-pre-wrap break-words overflow-x-auto\" data-message-author-role=\"assistant\" data-message-id=\"aea6e85f-c8ca-45e4-88a9-ea280f7bea6c\">\n<div class=\"markdown prose w-full break-words dark:prose-invert light\">\n<p>\u00ab\u00a0Introduction \u00e0 la micro\u00e9conomie de Hal R. Varian offre une pr\u00e9sentation moderne et claire des concepts micro\u00e9conomiques fondamentaux. L&rsquo;ouvrage pr\u00e9pare les \u00e9tudiants \u00e0 appliquer l&rsquo;analyse \u00e9conomique de mani\u00e8re autonome. Il inclut de nombreux exemples pour illustrer les concepts, et cette septi\u00e8me \u00e9dition introduit un nouveau chapitre sur l&rsquo;\u00e9conomie comportementale, ainsi que des d\u00e9veloppements sur la technologie de l&rsquo;information. Chaque chapitre se concentre sur un sujet sp\u00e9cifique pour faciliter l&rsquo;apprentissage. L&rsquo;auteur est dipl\u00f4m\u00e9 du M.I.T. et titulaire d&rsquo;un Ph.D. de l&rsquo;Universit\u00e9 de Californie \u00e0 Berkeley, et il est un enseignant et chercheur renomm\u00e9.\u00a0\u00bb<\/p>\n<p>Note: La reformulation a \u00e9t\u00e9 effectu\u00e9e en supprimant les d\u00e9tails sp\u00e9cifiques tels que le nombre de chapitres, les noms des personnalit\u00e9s, et d&rsquo;autres informations non essentielles.<\/p>\n<\/div>\n<\/div>\n<\/div>\n<div class=\"flex justify-between empty:hidden gizmo:justify-start gizmo:gap-3 lg:block gizmo:lg:flex\">\n<div class=\"text-gray-400 flex self-end lg:self-center justify-center gizmo:lg:justify-start mt-2 gizmo:mt-0 visible lg:gap-1 lg:absolute lg:top-0 lg:translate-x-full lg:right-0 lg:mt-0 lg:pl-2 gap-2 md:gap-3\">\n<p>&nbsp;<\/p>\n<div class=\"flex gap-1\"><\/div>\n<\/div>\n<\/div>\n<\/div>\n<\/div>\n<\/div>\n<\/div>\n<\/div>\n","protected":false},"excerpt":{"rendered":"<p>\u00ab\u00a0Introduction \u00e0 la micro\u00e9conomie de Hal R. Varian, claire et moderne, pr\u00e9sente des concepts \u00e9conomiques fondamentaux.\u00a0\u00bb<\/p>\n","protected":false},"featured_media":16175,"comment_status":"open","ping_status":"closed","template":"","meta":{"inline_featured_image":false},"product_cat":[3896,91],"product_tag":[],"class_list":{"0":"post-16167","1":"product","2":"type-product","3":"status-publish","4":"has-post-thumbnail","6":"product_cat-developpement-francais","7":"product_cat-developpement","8":"pa_auteurs-hal-r-varian","10":"first","11":"instock","12":"shipping-taxable","13":"purchasable","14":"product-type-simple"},"_links":{"self":[{"href":"https:\/\/baralivres.ma\/index.php?rest_route=\/wp\/v2\/product\/16167","targetHints":{"allow":["GET"]}}],"collection":[{"href":"https:\/\/baralivres.ma\/index.php?rest_route=\/wp\/v2\/product"}],"about":[{"href":"https:\/\/baralivres.ma\/index.php?rest_route=\/wp\/v2\/types\/product"}],"replies":[{"embeddable":true,"href":"https:\/\/baralivres.ma\/index.php?rest_route=%2Fwp%2Fv2%2Fcomments&post=16167"}],"version-history":[{"count":3,"href":"https:\/\/baralivres.ma\/index.php?rest_route=\/wp\/v2\/product\/16167\/revisions"}],"predecessor-version":[{"id":20646,"href":"https:\/\/baralivres.ma\/index.php?rest_route=\/wp\/v2\/product\/16167\/revisions\/20646"}],"wp:featuredmedia":[{"embeddable":true,"href":"https:\/\/baralivres.ma\/index.php?rest_route=\/wp\/v2\/media\/16175"}],"wp:attachment":[{"href":"https:\/\/baralivres.ma\/index.php?rest_route=%2Fwp%2Fv2%2Fmedia&parent=16167"}],"wp:term":[{"taxonomy":"product_cat","embeddable":true,"href":"https:\/\/baralivres.ma\/index.php?rest_route=%2Fwp%2Fv2%2Fproduct_cat&post=16167"},{"taxonomy":"product_tag","embeddable":true,"href":"https:\/\/baralivres.ma\/index.php?rest_route=%2Fwp%2Fv2%2Fproduct_tag&post=16167"}],"curies":[{"name":"wp","href":"https:\/\/api.w.org\/{rel}","templated":true}]}}