{"id":16160,"date":"2023-10-30T16:06:10","date_gmt":"2023-10-30T15:06:10","guid":{"rendered":"https:\/\/baralivres.ma\/?post_type=product&#038;p=16160"},"modified":"2023-12-04T11:52:41","modified_gmt":"2023-12-04T10:52:41","slug":"la-prophetie-des-andes","status":"publish","type":"product","link":"https:\/\/baralivres.ma\/?product=la-prophetie-des-andes","title":{"rendered":"La proph\u00e9tie des Andes"},"content":{"rendered":"<p>ents ans avant J.-C. et portant en lui une proph\u00e9tie : notre soci\u00e9t\u00e9 est sur le point de subir une transformation majeure. Captiv\u00e9 par cette pr\u00e9diction, le protagoniste de notre r\u00e9cit s&#8217;embarque pour le P\u00e9rou \u00e0 la qu\u00eate du myst\u00e9rieux grimoire, un objet convoit\u00e9 par de nombreux, qui s&rsquo;appr\u00eate \u00e0 m\u00e9tamorphoser sa destin\u00e9e. Ce p\u00e9riple marque le commencement d&rsquo;une aventure magique et envo\u00fbtante, une initiation p\u00e9rilleuse : une qu\u00eate en neuf \u00e9tapes qui le conduit depuis les sommets des Andes jusqu&rsquo;au c\u0153ur de la for\u00eat amazonienne, sur la voie des r\u00e9v\u00e9lations de la vie. Lorsqu&rsquo;\u00e0 la fin de son voyage, le h\u00e9ros d\u00e9voile la v\u00e9ritable signification de son existence, c&rsquo;est \u00e0 ce moment-l\u00e0 que notre propre qu\u00eate prend son envol. Selon James Redfield, en demeurant attentifs et en sachant discerner le grand myst\u00e8re de l&rsquo;existence, nous comprendrons que nous avons \u00e9t\u00e9 astucieusement positionn\u00e9s au bon endroit&#8230; pour apporter un changement \u00e0 ce monde.<\/p>\n","protected":false},"excerpt":{"rendered":"<p>\u00c0 la recherche d&rsquo;un ancien manuscrit, un h\u00e9ros part au P\u00e9rou, entamant une aventure transformative et r\u00e9v\u00e9latrice.<\/p>\n","protected":false},"featured_media":16165,"comment_status":"open","ping_status":"closed","template":"","meta":{"inline_featured_image":false},"product_cat":[3673],"product_tag":[],"class_list":{"0":"post-16160","1":"product","2":"type-product","3":"status-publish","4":"has-post-thumbnail","6":"product_cat-aventire-secrete","7":"pa_auteurs-james-redfield","9":"first","10":"instock","11":"shipping-taxable","12":"purchasable","13":"product-type-simple"},"_links":{"self":[{"href":"https:\/\/baralivres.ma\/index.php?rest_route=\/wp\/v2\/product\/16160","targetHints":{"allow":["GET"]}}],"collection":[{"href":"https:\/\/baralivres.ma\/index.php?rest_route=\/wp\/v2\/product"}],"about":[{"href":"https:\/\/baralivres.ma\/index.php?rest_route=\/wp\/v2\/types\/product"}],"replies":[{"embeddable":true,"href":"https:\/\/baralivres.ma\/index.php?rest_route=%2Fwp%2Fv2%2Fcomments&post=16160"}],"version-history":[{"count":1,"href":"https:\/\/baralivres.ma\/index.php?rest_route=\/wp\/v2\/product\/16160\/revisions"}],"predecessor-version":[{"id":16166,"href":"https:\/\/baralivres.ma\/index.php?rest_route=\/wp\/v2\/product\/16160\/revisions\/16166"}],"wp:featuredmedia":[{"embeddable":true,"href":"https:\/\/baralivres.ma\/index.php?rest_route=\/wp\/v2\/media\/16165"}],"wp:attachment":[{"href":"https:\/\/baralivres.ma\/index.php?rest_route=%2Fwp%2Fv2%2Fmedia&parent=16160"}],"wp:term":[{"taxonomy":"product_cat","embeddable":true,"href":"https:\/\/baralivres.ma\/index.php?rest_route=%2Fwp%2Fv2%2Fproduct_cat&post=16160"},{"taxonomy":"product_tag","embeddable":true,"href":"https:\/\/baralivres.ma\/index.php?rest_route=%2Fwp%2Fv2%2Fproduct_tag&post=16160"}],"curies":[{"name":"wp","href":"https:\/\/api.w.org\/{rel}","templated":true}]}}