{"id":16156,"date":"2023-10-30T16:06:31","date_gmt":"2023-10-30T15:06:31","guid":{"rendered":"https:\/\/baralivres.ma\/?post_type=product&#038;p=16156"},"modified":"2023-10-30T16:06:32","modified_gmt":"2023-10-30T15:06:32","slug":"les-bienveillantes","status":"publish","type":"product","link":"https:\/\/baralivres.ma\/?product=les-bienveillantes","title":{"rendered":"Les Bienveillantes"},"content":{"rendered":"<p>En r\u00e9alit\u00e9, il aurait \u00e9t\u00e9 tout aussi possible pour moi de ne pas \u00e9crire du tout. Apr\u00e8s tout, cela n&rsquo;\u00e9tait en aucun cas une obligation. Depuis la guerre, je suis rest\u00e9 un individu discret, et je rends gr\u00e2ce \u00e0 Dieu de n&rsquo;avoir jamais ressenti le besoin, contrairement \u00e0 certains de mes anciens coll\u00e8gues, d&rsquo;\u00e9crire mes M\u00e9moires pour me justifier, car je n&rsquo;ai rien \u00e0 justifier, ni dans un but lucratif, car je gagne ma vie de mani\u00e8re suffisante ainsi. Je n&rsquo;\u00e9prouve aucun regret : j&rsquo;ai accompli mon travail, c&rsquo;est tout ce qui importe. En ce qui concerne mes affaires familiales, que je pourrais peut-\u00eatre \u00e9voquer aussi, elles ne concernent que moi. Quant au reste, vers la fin, il est possible que j&rsquo;aie pouss\u00e9 les limites, mais \u00e0 ce moment-l\u00e0, je n&rsquo;\u00e9tais plus tout \u00e0 fait moi-m\u00eame, je vacillais, le monde entier \u00e9tait en chaos, et je n&rsquo;ai pas \u00e9t\u00e9 le seul \u00e0 perdre la t\u00eate, il faut l&rsquo;admettre. Malgr\u00e9 mes nombreux d\u00e9fauts, je demeure convaincu que les seules choses essentielles dans la vie humaine sont l&rsquo;air, la nourriture, la boisson, l&rsquo;excr\u00e9tion et la qu\u00eate de la v\u00e9rit\u00e9. Le reste rel\u00e8ve du choix.\u00a0\u00bb<\/p>\n<p>\u00ab\u00a0Avec cette \u0153uvre, qui s&rsquo;inscrit aussi bien dans la lign\u00e9e d&rsquo;Eschyle que dans la tradition de &lsquo;Vie et destin&rsquo; de Vassili Grossman ou des &lsquo;Damn\u00e9s&rsquo; de Visconti, Jonathan Littell nous plonge dans les horreurs de la Seconde Guerre mondiale du point de vue des bourreaux, tout en nous pr\u00e9sentant un homme de mani\u00e8re in\u00e9dite : une \u00e9pop\u00e9e relatant le voyage int\u00e9rieur d&rsquo;un individu \u00e0 travers lui-m\u00eame et \u00e0 travers l&rsquo;Histoire.\u00a0\u00bb<\/p>\n","protected":false},"excerpt":{"rendered":"<p>Homme discret, pas d&rsquo;obligation d&rsquo;\u00e9crire. Travail accompli, recherche de v\u00e9rit\u00e9. Jonathan Littell relate les horreurs de la guerre.<\/p>\n","protected":false},"featured_media":16157,"comment_status":"open","ping_status":"closed","template":"","meta":{"inline_featured_image":false},"product_cat":[204,143],"product_tag":[],"class_list":{"0":"post-16156","1":"product","2":"type-product","3":"status-publish","4":"has-post-thumbnail","6":"product_cat-francais","7":"product_cat-roman","8":"pa_auteurs-jonathan-littell","10":"first","11":"instock","12":"shipping-taxable","13":"purchasable","14":"product-type-simple"},"_links":{"self":[{"href":"https:\/\/baralivres.ma\/index.php?rest_route=\/wp\/v2\/product\/16156","targetHints":{"allow":["GET"]}}],"collection":[{"href":"https:\/\/baralivres.ma\/index.php?rest_route=\/wp\/v2\/product"}],"about":[{"href":"https:\/\/baralivres.ma\/index.php?rest_route=\/wp\/v2\/types\/product"}],"replies":[{"embeddable":true,"href":"https:\/\/baralivres.ma\/index.php?rest_route=%2Fwp%2Fv2%2Fcomments&post=16156"}],"version-history":[{"count":1,"href":"https:\/\/baralivres.ma\/index.php?rest_route=\/wp\/v2\/product\/16156\/revisions"}],"predecessor-version":[{"id":16168,"href":"https:\/\/baralivres.ma\/index.php?rest_route=\/wp\/v2\/product\/16156\/revisions\/16168"}],"wp:featuredmedia":[{"embeddable":true,"href":"https:\/\/baralivres.ma\/index.php?rest_route=\/wp\/v2\/media\/16157"}],"wp:attachment":[{"href":"https:\/\/baralivres.ma\/index.php?rest_route=%2Fwp%2Fv2%2Fmedia&parent=16156"}],"wp:term":[{"taxonomy":"product_cat","embeddable":true,"href":"https:\/\/baralivres.ma\/index.php?rest_route=%2Fwp%2Fv2%2Fproduct_cat&post=16156"},{"taxonomy":"product_tag","embeddable":true,"href":"https:\/\/baralivres.ma\/index.php?rest_route=%2Fwp%2Fv2%2Fproduct_tag&post=16156"}],"curies":[{"name":"wp","href":"https:\/\/api.w.org\/{rel}","templated":true}]}}