{"id":16149,"date":"2023-10-30T16:04:42","date_gmt":"2023-10-30T15:04:42","guid":{"rendered":"https:\/\/baralivres.ma\/?post_type=product&#038;p=16149"},"modified":"2023-10-30T16:06:12","modified_gmt":"2023-10-30T15:06:12","slug":"paroles-2","status":"publish","type":"product","link":"https:\/\/baralivres.ma\/?product=paroles-2","title":{"rendered":"Paroles"},"content":{"rendered":"<p>\u00ab\u00a0Proc\u00e9dez alors d\u00e9licatement \u00e0 l&rsquo;arrachage d&rsquo;une plume de l&rsquo;oiseau et inscrivez votre nom discr\u00e8tement dans un coin du tableau.\u00a0\u00bb L&rsquo;oiseau, l&rsquo;un des motifs les plus r\u00e9currents de Paroles, le c\u00e9l\u00e8bre recueil de Pr\u00e9vert qui a imm\u00e9diatement conquis le public lors de sa publication en 1946. Cet oiseau, \u00ab\u00a0riant aux \u00e9clats\u00a0\u00bb et \u00ab\u00a0joyeux comme un enfant\u00a0\u00bb, exprime \u00e9galement une politesse exquise : \u00ab\u00a0Vous \u00eates pardonn\u00e9, tout le monde peut se tromper.\u00a0\u00bb Ce compagnon \u00ab\u00a0amusant\u00a0\u00bb, \u00ab\u00a0riant\u00a0\u00bb, \u00ab\u00a0libre\u00a0\u00bb, et \u00ab\u00a0fraternel\u00a0\u00bb se faufile \u00e0 travers les pages, prenant son envol d\u00e8s qu&rsquo;on ouvre sa cage, symbolisant ainsi la libert\u00e9, cette valeur fondamentale \u00e0 laquelle le po\u00e8te a donn\u00e9 une voix singuli\u00e8re. Une libert\u00e9 de ton, de r\u00eaverie, d&rsquo;espoir : ces po\u00e8mes sont con\u00e7us pour vous. En compl\u00e9ment, un dossier en quatre parties : D\u00e9couverte, Analyse, Expression, Approfondissements pour la classe de troisi\u00e8me.<\/p>\n","protected":false},"excerpt":{"rendered":"<p>Pr\u00e9vert c\u00e9l\u00e8bre libert\u00e9, humour et po\u00e9sie \u00e0 travers l&rsquo;oiseau dans \u00ab\u00a0Paroles\u00a0\u00bb : une lecture enrichissante.<\/p>\n","protected":false},"featured_media":16161,"comment_status":"open","ping_status":"closed","template":"","meta":{"inline_featured_image":false},"product_cat":[204,143],"product_tag":[],"class_list":{"0":"post-16149","1":"product","2":"type-product","3":"status-publish","4":"has-post-thumbnail","6":"product_cat-francais","7":"product_cat-roman","8":"pa_auteurs-jacques-prevert","10":"first","11":"instock","12":"shipping-taxable","13":"purchasable","14":"product-type-simple"},"_links":{"self":[{"href":"https:\/\/baralivres.ma\/index.php?rest_route=\/wp\/v2\/product\/16149","targetHints":{"allow":["GET"]}}],"collection":[{"href":"https:\/\/baralivres.ma\/index.php?rest_route=\/wp\/v2\/product"}],"about":[{"href":"https:\/\/baralivres.ma\/index.php?rest_route=\/wp\/v2\/types\/product"}],"replies":[{"embeddable":true,"href":"https:\/\/baralivres.ma\/index.php?rest_route=%2Fwp%2Fv2%2Fcomments&post=16149"}],"version-history":[{"count":1,"href":"https:\/\/baralivres.ma\/index.php?rest_route=\/wp\/v2\/product\/16149\/revisions"}],"predecessor-version":[{"id":16163,"href":"https:\/\/baralivres.ma\/index.php?rest_route=\/wp\/v2\/product\/16149\/revisions\/16163"}],"wp:featuredmedia":[{"embeddable":true,"href":"https:\/\/baralivres.ma\/index.php?rest_route=\/wp\/v2\/media\/16161"}],"wp:attachment":[{"href":"https:\/\/baralivres.ma\/index.php?rest_route=%2Fwp%2Fv2%2Fmedia&parent=16149"}],"wp:term":[{"taxonomy":"product_cat","embeddable":true,"href":"https:\/\/baralivres.ma\/index.php?rest_route=%2Fwp%2Fv2%2Fproduct_cat&post=16149"},{"taxonomy":"product_tag","embeddable":true,"href":"https:\/\/baralivres.ma\/index.php?rest_route=%2Fwp%2Fv2%2Fproduct_tag&post=16149"}],"curies":[{"name":"wp","href":"https:\/\/api.w.org\/{rel}","templated":true}]}}