{"id":16144,"date":"2023-10-30T16:01:15","date_gmt":"2023-10-30T15:01:15","guid":{"rendered":"https:\/\/baralivres.ma\/?post_type=product&#038;p=16144"},"modified":"2023-10-30T16:01:16","modified_gmt":"2023-10-30T15:01:16","slug":"1984","status":"publish","type":"product","link":"https:\/\/baralivres.ma\/?product=1984","title":{"rendered":"1984"},"content":{"rendered":"<p>L&rsquo;ann\u00e9e 1984 en Oc\u00e9anie est entour\u00e9e de myst\u00e8re. Pour Winston, il semble que ce soit bien 1984, mais il ne peut en \u00eatre certain. Le pass\u00e9 a \u00e9t\u00e9 r\u00e9\u00e9crit, et les \u00e9v\u00e9nements r\u00e9cents sont susceptibles d&rsquo;\u00eatre modifi\u00e9s. Winston lui-m\u00eame est charg\u00e9 de falsifier les archives qui contredisent la version actuelle de la r\u00e9alit\u00e9 et les promesses de Big Brother. Gr\u00e2ce \u00e0 une technologie avanc\u00e9e, Big Brother surveille tout et sait tout. Les slogans du r\u00e9gime sont clairs : \u00ab\u00a0Libert\u00e9, c&rsquo;est l&rsquo;Esclavage\u00a0\u00bb et \u00ab\u00a0Ignorance, c&rsquo;est la Puissance\u00a0\u00bb. Malgr\u00e9 tout, Winston refuse de perdre espoir. Avec Julia, une rebelle, ils d\u00e9cident de rejoindre la Fraternit\u00e9, une organisation qui vise \u00e0 renverser Big Brother. Cependant, Big Brother reste vigilant&#8230;<\/p>\n","protected":false},"excerpt":{"rendered":"<p>En 1984, Winston et Julia d\u00e9fient Big Brother pour rejoindre la Fraternit\u00e9 et renverser le r\u00e9gime totalitaire.<\/p>\n","protected":false},"featured_media":16154,"comment_status":"open","ping_status":"closed","template":"","meta":{"inline_featured_image":false},"product_cat":[204,143],"product_tag":[],"class_list":{"0":"post-16144","1":"product","2":"type-product","3":"status-publish","4":"has-post-thumbnail","6":"product_cat-francais","7":"product_cat-roman","8":"pa_auteurs-george-orwell","10":"first","11":"instock","12":"shipping-taxable","13":"purchasable","14":"product-type-simple"},"_links":{"self":[{"href":"https:\/\/baralivres.ma\/index.php?rest_route=\/wp\/v2\/product\/16144","targetHints":{"allow":["GET"]}}],"collection":[{"href":"https:\/\/baralivres.ma\/index.php?rest_route=\/wp\/v2\/product"}],"about":[{"href":"https:\/\/baralivres.ma\/index.php?rest_route=\/wp\/v2\/types\/product"}],"replies":[{"embeddable":true,"href":"https:\/\/baralivres.ma\/index.php?rest_route=%2Fwp%2Fv2%2Fcomments&post=16144"}],"version-history":[{"count":1,"href":"https:\/\/baralivres.ma\/index.php?rest_route=\/wp\/v2\/product\/16144\/revisions"}],"predecessor-version":[{"id":16155,"href":"https:\/\/baralivres.ma\/index.php?rest_route=\/wp\/v2\/product\/16144\/revisions\/16155"}],"wp:featuredmedia":[{"embeddable":true,"href":"https:\/\/baralivres.ma\/index.php?rest_route=\/wp\/v2\/media\/16154"}],"wp:attachment":[{"href":"https:\/\/baralivres.ma\/index.php?rest_route=%2Fwp%2Fv2%2Fmedia&parent=16144"}],"wp:term":[{"taxonomy":"product_cat","embeddable":true,"href":"https:\/\/baralivres.ma\/index.php?rest_route=%2Fwp%2Fv2%2Fproduct_cat&post=16144"},{"taxonomy":"product_tag","embeddable":true,"href":"https:\/\/baralivres.ma\/index.php?rest_route=%2Fwp%2Fv2%2Fproduct_tag&post=16144"}],"curies":[{"name":"wp","href":"https:\/\/api.w.org\/{rel}","templated":true}]}}