{"id":16142,"date":"2023-10-30T16:00:11","date_gmt":"2023-10-30T15:00:11","guid":{"rendered":"https:\/\/baralivres.ma\/?post_type=product&#038;p=16142"},"modified":"2023-12-04T11:58:50","modified_gmt":"2023-12-04T10:58:50","slug":"comment-reussir-votre-vie","status":"publish","type":"product","link":"https:\/\/baralivres.ma\/?product=comment-reussir-votre-vie","title":{"rendered":"Comment r\u00e9ussir votre vie"},"content":{"rendered":"<p>Beaucoup de gens aspirent \u00e0 la joie et \u00e0 la prosp\u00e9rit\u00e9, et dans son livre, Joseph Murphy illustre, \u00e0 travers des exemples concrets, que gr\u00e2ce \u00e0 l&rsquo;application correcte des lois fondamentales de l&rsquo;esprit, tout le monde a la possibilit\u00e9 d&rsquo;atteindre les bienfaits de la vie tels que la richesse, la sant\u00e9, le succ\u00e8s et l&rsquo;\u00e9panouissement personnel. La cl\u00e9 r\u00e9side dans la capacit\u00e9 \u00e0 \u00e9tablir une communication efficace avec les ressources extraordinaires enfouies dans notre subconscient. Ce livre, r\u00e9dig\u00e9 de mani\u00e8re simple et compr\u00e9hensible, s&rsquo;appuie sur les principes de sagesse tir\u00e9s de la Bible, ce qui en fait une lecture int\u00e9ressante, accessible \u00e0 un public vari\u00e9, qu&rsquo;il soit croyant ou non.<\/p>\n","protected":false},"excerpt":{"rendered":"<p>Joseph Murphy explore la r\u00e9alisation personnelle \u00e0 travers les lois de l&rsquo;esprit et la sagesse biblique. Accessible \u00e0 tous.<\/p>\n","protected":false},"featured_media":16147,"comment_status":"open","ping_status":"closed","template":"","meta":{"inline_featured_image":false},"product_cat":[3673],"product_tag":[],"class_list":{"0":"post-16142","1":"product","2":"type-product","3":"status-publish","4":"has-post-thumbnail","6":"product_cat-aventire-secrete","7":"pa_auteurs-joseph-murphy","9":"first","10":"instock","11":"shipping-taxable","12":"purchasable","13":"product-type-simple"},"_links":{"self":[{"href":"https:\/\/baralivres.ma\/index.php?rest_route=\/wp\/v2\/product\/16142","targetHints":{"allow":["GET"]}}],"collection":[{"href":"https:\/\/baralivres.ma\/index.php?rest_route=\/wp\/v2\/product"}],"about":[{"href":"https:\/\/baralivres.ma\/index.php?rest_route=\/wp\/v2\/types\/product"}],"replies":[{"embeddable":true,"href":"https:\/\/baralivres.ma\/index.php?rest_route=%2Fwp%2Fv2%2Fcomments&post=16142"}],"version-history":[{"count":1,"href":"https:\/\/baralivres.ma\/index.php?rest_route=\/wp\/v2\/product\/16142\/revisions"}],"predecessor-version":[{"id":16148,"href":"https:\/\/baralivres.ma\/index.php?rest_route=\/wp\/v2\/product\/16142\/revisions\/16148"}],"wp:featuredmedia":[{"embeddable":true,"href":"https:\/\/baralivres.ma\/index.php?rest_route=\/wp\/v2\/media\/16147"}],"wp:attachment":[{"href":"https:\/\/baralivres.ma\/index.php?rest_route=%2Fwp%2Fv2%2Fmedia&parent=16142"}],"wp:term":[{"taxonomy":"product_cat","embeddable":true,"href":"https:\/\/baralivres.ma\/index.php?rest_route=%2Fwp%2Fv2%2Fproduct_cat&post=16142"},{"taxonomy":"product_tag","embeddable":true,"href":"https:\/\/baralivres.ma\/index.php?rest_route=%2Fwp%2Fv2%2Fproduct_tag&post=16142"}],"curies":[{"name":"wp","href":"https:\/\/api.w.org\/{rel}","templated":true}]}}