{"id":16135,"date":"2023-10-30T15:58:08","date_gmt":"2023-10-30T14:58:08","guid":{"rendered":"https:\/\/baralivres.ma\/?post_type=product&#038;p=16135"},"modified":"2023-10-30T15:58:08","modified_gmt":"2023-10-30T14:58:08","slug":"le-deuxieme-sexe-2","status":"publish","type":"product","link":"https:\/\/baralivres.ma\/?product=le-deuxieme-sexe-2","title":{"rendered":"Le deuxi\u00e8me sexe"},"content":{"rendered":"<p>\u00ab\u00a0Nous entamerons notre discussion en examinant les perspectives offertes par la biologie, la psychanalyse et le mat\u00e9rialisme historique en ce qui concerne la notion de la femme. Nous tenterons ensuite de d\u00e9montrer comment la notion de la \u00ab\u00a0r\u00e9alit\u00e9 f\u00e9minine\u00a0\u00bb s&rsquo;est progressivement \u00e9labor\u00e9e, pourquoi la femme a \u00e9t\u00e9 conceptualis\u00e9e en tant qu&rsquo;Autre, et quelles r\u00e9percussions cela a eu du point de vue masculin. Ensuite, nous aborderons le monde tel qu&rsquo;il est pr\u00e9sent\u00e9 aux femmes, du point de vue de ces derni\u00e8res. Cela nous permettra de comprendre les difficult\u00e9s auxquelles elles sont confront\u00e9es lorsqu&rsquo;elles cherchent \u00e0 s&rsquo;affranchir de la sph\u00e8re qui leur a traditionnellement \u00e9t\u00e9 attribu\u00e9e, afin de participer pleinement \u00e0 la coexistence humaine.\u00a0\u00bb &#8211; Simone de Beauvoir.<\/p>\n","protected":false},"excerpt":{"rendered":"<p>Analyse des perspectives biologiques, psychanalytiques et historiques sur les femmes, suivie de l&rsquo;examen de leurs exp\u00e9riences.<\/p>\n","protected":false},"featured_media":16136,"comment_status":"open","ping_status":"closed","template":"","meta":{"inline_featured_image":false},"product_cat":[204,143],"product_tag":[],"class_list":{"0":"post-16135","1":"product","2":"type-product","3":"status-publish","4":"has-post-thumbnail","6":"product_cat-francais","7":"product_cat-roman","8":"pa_auteurs-simone-de-beauvoir","10":"first","11":"instock","12":"shipping-taxable","13":"purchasable","14":"product-type-simple"},"_links":{"self":[{"href":"https:\/\/baralivres.ma\/index.php?rest_route=\/wp\/v2\/product\/16135","targetHints":{"allow":["GET"]}}],"collection":[{"href":"https:\/\/baralivres.ma\/index.php?rest_route=\/wp\/v2\/product"}],"about":[{"href":"https:\/\/baralivres.ma\/index.php?rest_route=\/wp\/v2\/types\/product"}],"replies":[{"embeddable":true,"href":"https:\/\/baralivres.ma\/index.php?rest_route=%2Fwp%2Fv2%2Fcomments&post=16135"}],"version-history":[{"count":1,"href":"https:\/\/baralivres.ma\/index.php?rest_route=\/wp\/v2\/product\/16135\/revisions"}],"predecessor-version":[{"id":16143,"href":"https:\/\/baralivres.ma\/index.php?rest_route=\/wp\/v2\/product\/16135\/revisions\/16143"}],"wp:featuredmedia":[{"embeddable":true,"href":"https:\/\/baralivres.ma\/index.php?rest_route=\/wp\/v2\/media\/16136"}],"wp:attachment":[{"href":"https:\/\/baralivres.ma\/index.php?rest_route=%2Fwp%2Fv2%2Fmedia&parent=16135"}],"wp:term":[{"taxonomy":"product_cat","embeddable":true,"href":"https:\/\/baralivres.ma\/index.php?rest_route=%2Fwp%2Fv2%2Fproduct_cat&post=16135"},{"taxonomy":"product_tag","embeddable":true,"href":"https:\/\/baralivres.ma\/index.php?rest_route=%2Fwp%2Fv2%2Fproduct_tag&post=16135"}],"curies":[{"name":"wp","href":"https:\/\/api.w.org\/{rel}","templated":true}]}}