{"id":16134,"date":"2023-10-30T15:57:01","date_gmt":"2023-10-30T14:57:01","guid":{"rendered":"https:\/\/baralivres.ma\/?post_type=product&#038;p=16134"},"modified":"2023-12-04T12:07:43","modified_gmt":"2023-12-04T11:07:43","slug":"les-petits-livres-de-khalil-gibran-la-vie","status":"publish","type":"product","link":"https:\/\/baralivres.ma\/?product=les-petits-livres-de-khalil-gibran-la-vie","title":{"rendered":"Les petits livres de Khalil Gibran &#8211; La vie"},"content":{"rendered":"<p>La s\u00e9rie \u00ab\u00a0Les petits livres de Khalil Gibran\u00a0\u00bb nous offre une perspective profonde sur le sens de la vie selon Khalil Gibran. Pour cet auteur, la vie repr\u00e9sente une force omnipr\u00e9sente qui anime tout ce que nous percevons, ressentons, et m\u00eame ce que notre imagination peut concevoir. Ce recueil comprend plus de cent fables, aphorismes, paraboles, r\u00e9cits et po\u00e8mes, tous issus de l&rsquo;inspiration visionnaire de Khalil Gibran. \u00c0 travers ses \u00e9crits, Gibran nous r\u00e9conforte, nous parle d&rsquo;amour et nous encourage \u00e0 embrasser la tol\u00e9rance. Cette nouvelle compilation nous invite \u00e0 \u00e9couter la m\u00e9lodie de la vie, \u00e0 contempler sa beaut\u00e9, \u00e0 plonger au c\u0153ur de son essence, et \u00e0 vivre cette existence comme un voyage.<\/p>\n","protected":false},"excerpt":{"rendered":"<div class=\"group w-full text-token-text-primary border-b border-black\/10 gizmo:border-0 dark:border-gray-900\/50 gizmo:dark:border-0 bg-gray-50 gizmo:bg-transparent dark:bg-[#444654] gizmo:dark:bg-transparent\" data-testid=\"conversation-turn-5\">\n<div class=\"p-4 gizmo:py-2 justify-center text-base md:gap-6 md:py-6 m-auto\">\n<div class=\"flex flex-1 gap-4 text-base mx-auto md:gap-6 gizmo:gap-3 gizmo:md:px-5 gizmo:lg:px-1 gizmo:xl:px-5 md:max-w-2xl lg:max-w-[38rem] gizmo:md:max-w-3xl gizmo:lg:max-w-[40rem] gizmo:xl:max-w-[48rem] xl:max-w-3xl }\">\n<div class=\"relative flex w-[calc(100%-50px)] flex-col gizmo:w-full lg:w-[calc(100%-115px)] agent-turn\">\n<div class=\"flex-col gap-1 md:gap-3\">\n<div class=\"flex flex-grow flex-col gap-3 max-w-full\">\n<div class=\"min-h-[20px] flex flex-col items-start gap-3 whitespace-pre-wrap break-words overflow-x-auto\" data-message-author-role=\"assistant\" data-message-id=\"67178758-f495-43e8-9cdc-56f4a3a401e6\">\n<div class=\"markdown prose w-full break-words dark:prose-invert light\">\n<p>Khalil Gibran explore la vie comme une force universelle \u00e0 travers des fables, po\u00e8mes et paraboles inspirants.<\/p>\n<\/div>\n<\/div>\n<\/div>\n<\/div>\n<\/div>\n<\/div>\n<\/div>\n<\/div>\n","protected":false},"featured_media":16140,"comment_status":"open","ping_status":"closed","template":"","meta":{"inline_featured_image":false},"product_cat":[3673],"product_tag":[],"class_list":{"0":"post-16134","1":"product","2":"type-product","3":"status-publish","4":"has-post-thumbnail","6":"product_cat-aventire-secrete","7":"pa_auteurs-khalil-gibran","9":"first","10":"instock","11":"shipping-taxable","12":"purchasable","13":"product-type-simple"},"_links":{"self":[{"href":"https:\/\/baralivres.ma\/index.php?rest_route=\/wp\/v2\/product\/16134","targetHints":{"allow":["GET"]}}],"collection":[{"href":"https:\/\/baralivres.ma\/index.php?rest_route=\/wp\/v2\/product"}],"about":[{"href":"https:\/\/baralivres.ma\/index.php?rest_route=\/wp\/v2\/types\/product"}],"replies":[{"embeddable":true,"href":"https:\/\/baralivres.ma\/index.php?rest_route=%2Fwp%2Fv2%2Fcomments&post=16134"}],"version-history":[{"count":1,"href":"https:\/\/baralivres.ma\/index.php?rest_route=\/wp\/v2\/product\/16134\/revisions"}],"predecessor-version":[{"id":16141,"href":"https:\/\/baralivres.ma\/index.php?rest_route=\/wp\/v2\/product\/16134\/revisions\/16141"}],"wp:featuredmedia":[{"embeddable":true,"href":"https:\/\/baralivres.ma\/index.php?rest_route=\/wp\/v2\/media\/16140"}],"wp:attachment":[{"href":"https:\/\/baralivres.ma\/index.php?rest_route=%2Fwp%2Fv2%2Fmedia&parent=16134"}],"wp:term":[{"taxonomy":"product_cat","embeddable":true,"href":"https:\/\/baralivres.ma\/index.php?rest_route=%2Fwp%2Fv2%2Fproduct_cat&post=16134"},{"taxonomy":"product_tag","embeddable":true,"href":"https:\/\/baralivres.ma\/index.php?rest_route=%2Fwp%2Fv2%2Fproduct_tag&post=16134"}],"curies":[{"name":"wp","href":"https:\/\/api.w.org\/{rel}","templated":true}]}}