{"id":16130,"date":"2023-10-30T15:55:28","date_gmt":"2023-10-30T14:55:28","guid":{"rendered":"https:\/\/baralivres.ma\/?post_type=product&#038;p=16130"},"modified":"2023-10-30T15:55:29","modified_gmt":"2023-10-30T14:55:29","slug":"ci-git-lamer","status":"publish","type":"product","link":"https:\/\/baralivres.ma\/?product=ci-git-lamer","title":{"rendered":"Ci-g\u00eet l&rsquo;amer"},"content":{"rendered":"<p>La philosophie politique et la psychanalyse partagent un enjeu fondamental concernant le malaise latent qui affecte la vie des individus et des soci\u00e9t\u00e9s. Bien que l&rsquo;analyse se concentre sur la qu\u00eate des origines et la compr\u00e9hension des aspects intimes de l&rsquo;\u00eatre humain, incluant ses lacunes, ses troubles et ses d\u00e9sirs, il arrive un moment o\u00f9 la connaissance seule ne suffit pas \u00e0 gu\u00e9rir, \u00e0 apaiser ou \u00e0 soulager. Pour cela, il est n\u00e9cessaire de transcender la douleur, la col\u00e8re, le deuil, le renoncement et surtout le ressentiment, une amertume qui peut nous consumer alors m\u00eame que nous pourrions d\u00e9couvrir en lui une saveur subtile et lib\u00e9ratrice.<\/p>\n<p>L&rsquo;aventure d\u00e9mocratique elle-m\u00eame est confront\u00e9e \u00e0 la ruminante victimisation. La question du bon gouvernement peut c\u00e9der le pas \u00e0 une interrogation plus cruciale : comment, \u00e0 tous les niveaux, que ce soit institutionnel ou autre, agir pour que cette entit\u00e9 d\u00e9mocratique puisse contenir la pulsion du ressentiment, la seule force capable de menacer sa p\u00e9rennit\u00e9 ? Ainsi, individus et \u00c9tat de droit se retrouvent face \u00e0 un d\u00e9fi commun : diagnostiquer le ressentiment, sa puissance obscure, et r\u00e9sister \u00e0 la tentation d&rsquo;en faire le moteur des r\u00e9cits individuels et collectifs.<\/p>\n<p>&nbsp;<\/p>\n","protected":false},"excerpt":{"rendered":"<p>Malaise partag\u00e9 entre philosophie politique et psychanalyse : d\u00e9passer le ressentiment pour \u00e9voluer.<\/p>\n","protected":false},"featured_media":16137,"comment_status":"open","ping_status":"closed","template":"","meta":{"inline_featured_image":false},"product_cat":[204,143],"product_tag":[],"class_list":{"0":"post-16130","1":"product","2":"type-product","3":"status-publish","4":"has-post-thumbnail","6":"product_cat-francais","7":"product_cat-roman","8":"pa_auteurs-cynthia-fleury","10":"first","11":"instock","12":"shipping-taxable","13":"purchasable","14":"product-type-simple"},"_links":{"self":[{"href":"https:\/\/baralivres.ma\/index.php?rest_route=\/wp\/v2\/product\/16130","targetHints":{"allow":["GET"]}}],"collection":[{"href":"https:\/\/baralivres.ma\/index.php?rest_route=\/wp\/v2\/product"}],"about":[{"href":"https:\/\/baralivres.ma\/index.php?rest_route=\/wp\/v2\/types\/product"}],"replies":[{"embeddable":true,"href":"https:\/\/baralivres.ma\/index.php?rest_route=%2Fwp%2Fv2%2Fcomments&post=16130"}],"version-history":[{"count":1,"href":"https:\/\/baralivres.ma\/index.php?rest_route=\/wp\/v2\/product\/16130\/revisions"}],"predecessor-version":[{"id":16138,"href":"https:\/\/baralivres.ma\/index.php?rest_route=\/wp\/v2\/product\/16130\/revisions\/16138"}],"wp:featuredmedia":[{"embeddable":true,"href":"https:\/\/baralivres.ma\/index.php?rest_route=\/wp\/v2\/media\/16137"}],"wp:attachment":[{"href":"https:\/\/baralivres.ma\/index.php?rest_route=%2Fwp%2Fv2%2Fmedia&parent=16130"}],"wp:term":[{"taxonomy":"product_cat","embeddable":true,"href":"https:\/\/baralivres.ma\/index.php?rest_route=%2Fwp%2Fv2%2Fproduct_cat&post=16130"},{"taxonomy":"product_tag","embeddable":true,"href":"https:\/\/baralivres.ma\/index.php?rest_route=%2Fwp%2Fv2%2Fproduct_tag&post=16130"}],"curies":[{"name":"wp","href":"https:\/\/api.w.org\/{rel}","templated":true}]}}