{"id":16128,"date":"2023-10-30T16:00:36","date_gmt":"2023-10-30T15:00:36","guid":{"rendered":"https:\/\/baralivres.ma\/?post_type=product&#038;p=16128"},"modified":"2023-10-31T09:46:03","modified_gmt":"2023-10-31T08:46:03","slug":"les-outils-des-geants","status":"publish","type":"product","link":"https:\/\/baralivres.ma\/?product=les-outils-des-geants","title":{"rendered":"LES OUTILS DES GEANTS"},"content":{"rendered":"<div class=\"group w-full text-token-text-primary border-b border-black\/10 gizmo:border-0 dark:border-gray-900\/50 gizmo:dark:border-0 bg-gray-50 gizmo:bg-transparent dark:bg-[#444654] gizmo:dark:bg-transparent\" data-testid=\"conversation-turn-41\">\n<div class=\"p-4 gizmo:py-2 justify-center text-base md:gap-6 md:py-6 m-auto\">\n<div class=\"flex flex-1 gap-4 text-base mx-auto md:gap-6 gizmo:gap-3 gizmo:md:px-5 gizmo:lg:px-1 gizmo:xl:px-5 md:max-w-2xl lg:max-w-[38rem] gizmo:md:max-w-3xl gizmo:lg:max-w-[40rem] gizmo:xl:max-w-[48rem] xl:max-w-3xl }\">\n<div class=\"relative flex w-[calc(100%-50px)] flex-col gizmo:w-full lg:w-[calc(100%-115px)] agent-turn\">\n<div class=\"flex-col gap-1 md:gap-3\">\n<div class=\"flex flex-grow flex-col gap-3 max-w-full\">\n<div class=\"min-h-[20px] flex flex-col items-start gap-3 whitespace-pre-wrap break-words overflow-x-auto\" data-message-author-role=\"assistant\" data-message-id=\"dbe4504c-bece-4e51-a7d0-f7a74c21ff94\">\n<div class=\"markdown prose w-full break-words dark:prose-invert light\">\n<p>\u00ab\u00a0Cet ouvrage recueille des entretiens avec des personnalit\u00e9s de renom, issus du Tim Ferriss Show, un podcast populaire. Ces experts partagent des habitudes, des routines et des conseils pour inspirer les lecteurs \u00e0 am\u00e9liorer leur quotidien. Ils r\u00e9v\u00e8lent leurs actions matinales, leurs routines, leurs choix de lecture, et les plus grandes pertes de temps \u00e0 \u00e9viter. Les entretiens incluent des personnalit\u00e9s telles qu&rsquo;Arnold Schwarzenegger, Jamie Foxx, Paulo Coelho, et d&rsquo;autres. Ce livre de Timothy Ferriss offre des conseils pratiques pour transformer sa vie \u00e0 partir des enseignements de ces individus d&rsquo;exception.\u00a0\u00bb<\/p>\n<\/div>\n<\/div>\n<\/div>\n<div class=\"flex justify-between empty:hidden gizmo:justify-start gizmo:gap-3 lg:block gizmo:lg:flex\">\n<div class=\"text-gray-400 flex self-end lg:self-center justify-center gizmo:lg:justify-start mt-2 gizmo:mt-0 visible lg:gap-1 lg:absolute lg:top-0 lg:translate-x-full lg:right-0 lg:mt-0 lg:pl-2 gap-2 md:gap-3\">\n<p>&nbsp;<\/p>\n<div class=\"flex gap-1\"><\/div>\n<\/div>\n<\/div>\n<\/div>\n<\/div>\n<\/div>\n<\/div>\n<\/div>\n","protected":false},"excerpt":{"rendered":"<p>\u00ab\u00a0Recueil d&rsquo;entretiens inspirants avec des personnalit\u00e9s, partageant habitudes et conseils pour am\u00e9liorer sa vie quotidienne.\u00a0\u00bb<\/p>\n","protected":false},"featured_media":16150,"comment_status":"open","ping_status":"closed","template":"","meta":{"inline_featured_image":false},"product_cat":[204,91],"product_tag":[],"class_list":{"0":"post-16128","1":"product","2":"type-product","3":"status-publish","4":"has-post-thumbnail","6":"product_cat-francais","7":"product_cat-developpement","8":"pa_auteurs-timothy-ferriss","10":"first","11":"instock","12":"shipping-taxable","13":"purchasable","14":"product-type-simple"},"_links":{"self":[{"href":"https:\/\/baralivres.ma\/index.php?rest_route=\/wp\/v2\/product\/16128","targetHints":{"allow":["GET"]}}],"collection":[{"href":"https:\/\/baralivres.ma\/index.php?rest_route=\/wp\/v2\/product"}],"about":[{"href":"https:\/\/baralivres.ma\/index.php?rest_route=\/wp\/v2\/types\/product"}],"replies":[{"embeddable":true,"href":"https:\/\/baralivres.ma\/index.php?rest_route=%2Fwp%2Fv2%2Fcomments&post=16128"}],"version-history":[{"count":2,"href":"https:\/\/baralivres.ma\/index.php?rest_route=\/wp\/v2\/product\/16128\/revisions"}],"predecessor-version":[{"id":16320,"href":"https:\/\/baralivres.ma\/index.php?rest_route=\/wp\/v2\/product\/16128\/revisions\/16320"}],"wp:featuredmedia":[{"embeddable":true,"href":"https:\/\/baralivres.ma\/index.php?rest_route=\/wp\/v2\/media\/16150"}],"wp:attachment":[{"href":"https:\/\/baralivres.ma\/index.php?rest_route=%2Fwp%2Fv2%2Fmedia&parent=16128"}],"wp:term":[{"taxonomy":"product_cat","embeddable":true,"href":"https:\/\/baralivres.ma\/index.php?rest_route=%2Fwp%2Fv2%2Fproduct_cat&post=16128"},{"taxonomy":"product_tag","embeddable":true,"href":"https:\/\/baralivres.ma\/index.php?rest_route=%2Fwp%2Fv2%2Fproduct_tag&post=16128"}],"curies":[{"name":"wp","href":"https:\/\/api.w.org\/{rel}","templated":true}]}}