{"id":16125,"date":"2023-10-30T15:53:10","date_gmt":"2023-10-30T14:53:10","guid":{"rendered":"https:\/\/baralivres.ma\/?post_type=product&#038;p=16125"},"modified":"2023-12-04T12:08:59","modified_gmt":"2023-12-04T11:08:59","slug":"le-retour-du-guerrier-pacifique","status":"publish","type":"product","link":"https:\/\/baralivres.ma\/?product=le-retour-du-guerrier-pacifique","title":{"rendered":"Le retour du guerrier pacifique"},"content":{"rendered":"<p>Poursuivant son p\u00e9riple d\u00e9but\u00e9 dans \u00ab\u00a0Le guerrier pacifique\u00a0\u00bb, Dan quitte Honolulu et se dirige vers le d\u00e9sert des Mojaves, avant de se retrouver au c\u0153ur d&rsquo;une profonde for\u00eat en Chine, toujours en qu\u00eate du myst\u00e8re entourant une \u00e9cole secr\u00e8te. Au fil de son voyage, il fait des d\u00e9couvertes qui renferment des le\u00e7ons de vie inaccessibles au commun des mortels, des r\u00e9v\u00e9lations qui tracent la voie d&rsquo;une existence inspir\u00e9e, ancr\u00e9e dans le pr\u00e9sent \u00e9ternel, ainsi qu&rsquo;un secret aussi ancien que les fondements du monde. \u00c0 travers ce livre, vous explorerez le potentiel cach\u00e9 du paradoxe, de l&rsquo;humour et du changement, tout en embrassant une perspective susceptible de r\u00e9volutionner votre perception des promesses et du potentiel de la vie.<\/p>\n","protected":false},"excerpt":{"rendered":"<p>Dan voyage, du d\u00e9sert des Mojaves \u00e0 la for\u00eat chinoise, d\u00e9couvrant des le\u00e7ons de vie inspirantes et un ancien secret.<\/p>\n","protected":false},"featured_media":16131,"comment_status":"open","ping_status":"closed","template":"","meta":{"inline_featured_image":false},"product_cat":[3673],"product_tag":[],"class_list":{"0":"post-16125","1":"product","2":"type-product","3":"status-publish","4":"has-post-thumbnail","6":"product_cat-aventire-secrete","7":"pa_auteurs-dan-millman","9":"first","10":"instock","11":"shipping-taxable","12":"product-type-simple"},"_links":{"self":[{"href":"https:\/\/baralivres.ma\/index.php?rest_route=\/wp\/v2\/product\/16125","targetHints":{"allow":["GET"]}}],"collection":[{"href":"https:\/\/baralivres.ma\/index.php?rest_route=\/wp\/v2\/product"}],"about":[{"href":"https:\/\/baralivres.ma\/index.php?rest_route=\/wp\/v2\/types\/product"}],"replies":[{"embeddable":true,"href":"https:\/\/baralivres.ma\/index.php?rest_route=%2Fwp%2Fv2%2Fcomments&post=16125"}],"version-history":[{"count":1,"href":"https:\/\/baralivres.ma\/index.php?rest_route=\/wp\/v2\/product\/16125\/revisions"}],"predecessor-version":[{"id":16132,"href":"https:\/\/baralivres.ma\/index.php?rest_route=\/wp\/v2\/product\/16125\/revisions\/16132"}],"wp:featuredmedia":[{"embeddable":true,"href":"https:\/\/baralivres.ma\/index.php?rest_route=\/wp\/v2\/media\/16131"}],"wp:attachment":[{"href":"https:\/\/baralivres.ma\/index.php?rest_route=%2Fwp%2Fv2%2Fmedia&parent=16125"}],"wp:term":[{"taxonomy":"product_cat","embeddable":true,"href":"https:\/\/baralivres.ma\/index.php?rest_route=%2Fwp%2Fv2%2Fproduct_cat&post=16125"},{"taxonomy":"product_tag","embeddable":true,"href":"https:\/\/baralivres.ma\/index.php?rest_route=%2Fwp%2Fv2%2Fproduct_tag&post=16125"}],"curies":[{"name":"wp","href":"https:\/\/api.w.org\/{rel}","templated":true}]}}