{"id":16122,"date":"2023-10-30T15:53:51","date_gmt":"2023-10-30T14:53:51","guid":{"rendered":"https:\/\/baralivres.ma\/?post_type=product&#038;p=16122"},"modified":"2023-10-30T15:53:51","modified_gmt":"2023-10-30T14:53:51","slug":"le-deuxieme-sexe","status":"publish","type":"product","link":"https:\/\/baralivres.ma\/?product=le-deuxieme-sexe","title":{"rendered":"Le deuxi\u00e8me sexe"},"content":{"rendered":"<p>Comment la femme acquiert-elle la conscience de sa situation, comment la ressent-elle, dans quel environnement se trouve-t-elle confin\u00e9e, quelles \u00e9chappatoires lui sont accessibles, c&rsquo;est ce que je m&rsquo;efforcerai de d\u00e9peindre. Seulement alors pourrons-nous appr\u00e9hender les d\u00e9fis auxquels les femmes sont confront\u00e9es, h\u00e9ritant d&rsquo;un pass\u00e9 pesant, tout en cherchant \u00e0 construire un avenir in\u00e9dit. Lorsque j&rsquo;utilise les termes \u00ab\u00a0femme\u00a0\u00bb ou \u00ab\u00a0f\u00e9minin\u00a0\u00bb, je ne fais \u00e9videmment r\u00e9f\u00e9rence \u00e0 aucun mod\u00e8le pr\u00e9\u00e9tabli, \u00e0 aucune essence immuable ; il est imp\u00e9ratif de sous-entendre \u00ab\u00a0dans le contexte actuel de l&rsquo;\u00e9ducation et des normes sociales\u00a0\u00bb apr\u00e8s la plupart de mes d\u00e9clarations. Mon propos n&rsquo;est pas de formuler des v\u00e9rit\u00e9s \u00e9ternelles, mais plut\u00f4t de d\u00e9crire le substrat commun sur lequel se b\u00e2tit chaque exp\u00e9rience individuelle de la f\u00e9minit\u00e9.\u00a0\u00bb &#8211; Simone de Beauvoir<\/p>\n","protected":false},"excerpt":{"rendered":"<p>D\u00e9crire l&rsquo;apprentissage de la condition f\u00e9minine, son ressenti et les d\u00e9fis dans un contexte social actuel.<\/p>\n","protected":false},"featured_media":16129,"comment_status":"open","ping_status":"closed","template":"","meta":{"inline_featured_image":false},"product_cat":[204,143],"product_tag":[],"class_list":{"0":"post-16122","1":"product","2":"type-product","3":"status-publish","4":"has-post-thumbnail","6":"product_cat-francais","7":"product_cat-roman","8":"pa_auteurs-simone-de-beauvoir","10":"first","11":"instock","12":"shipping-taxable","13":"purchasable","14":"product-type-simple"},"_links":{"self":[{"href":"https:\/\/baralivres.ma\/index.php?rest_route=\/wp\/v2\/product\/16122","targetHints":{"allow":["GET"]}}],"collection":[{"href":"https:\/\/baralivres.ma\/index.php?rest_route=\/wp\/v2\/product"}],"about":[{"href":"https:\/\/baralivres.ma\/index.php?rest_route=\/wp\/v2\/types\/product"}],"replies":[{"embeddable":true,"href":"https:\/\/baralivres.ma\/index.php?rest_route=%2Fwp%2Fv2%2Fcomments&post=16122"}],"version-history":[{"count":1,"href":"https:\/\/baralivres.ma\/index.php?rest_route=\/wp\/v2\/product\/16122\/revisions"}],"predecessor-version":[{"id":16133,"href":"https:\/\/baralivres.ma\/index.php?rest_route=\/wp\/v2\/product\/16122\/revisions\/16133"}],"wp:featuredmedia":[{"embeddable":true,"href":"https:\/\/baralivres.ma\/index.php?rest_route=\/wp\/v2\/media\/16129"}],"wp:attachment":[{"href":"https:\/\/baralivres.ma\/index.php?rest_route=%2Fwp%2Fv2%2Fmedia&parent=16122"}],"wp:term":[{"taxonomy":"product_cat","embeddable":true,"href":"https:\/\/baralivres.ma\/index.php?rest_route=%2Fwp%2Fv2%2Fproduct_cat&post=16122"},{"taxonomy":"product_tag","embeddable":true,"href":"https:\/\/baralivres.ma\/index.php?rest_route=%2Fwp%2Fv2%2Fproduct_tag&post=16122"}],"curies":[{"name":"wp","href":"https:\/\/api.w.org\/{rel}","templated":true}]}}