{"id":16120,"date":"2023-10-30T15:51:02","date_gmt":"2023-10-30T14:51:02","guid":{"rendered":"https:\/\/baralivres.ma\/?post_type=product&#038;p=16120"},"modified":"2023-10-30T15:51:02","modified_gmt":"2023-10-30T14:51:02","slug":"les-chemins-de-leducation","status":"publish","type":"product","link":"https:\/\/baralivres.ma\/?product=les-chemins-de-leducation","title":{"rendered":"Les chemins de l&rsquo;\u00e9ducation"},"content":{"rendered":"<p>La lecture des articles et conf\u00e9rences de Fran\u00e7oise Dolto aujourd&rsquo;hui, rassembl\u00e9s pour la premi\u00e8re fois, offre une vision \u00e9clairante de sa libert\u00e9, de son caract\u00e8re \u00e9tonnant et de sa pertinence dans notre \u00e9poque. On d\u00e9couvre la puissance d&rsquo;une \u00e9thique qui la pousse \u00e0 communiquer avec un large public, des parents aux \u00e9ducateurs, plaidant inlassablement en faveur des enfants et int\u00e9grant les enseignements de la psychanalyse pour am\u00e9liorer l&rsquo;\u00e9ducation.<\/p>\n<p>De mani\u00e8re concr\u00e8te, elle aborde les exp\u00e9riences d&rsquo;enfants qu&rsquo;elle a c\u00f4toy\u00e9s, tant dans sa vie professionnelle que personnelle, confront\u00e9s \u00e0 des r\u00e9alit\u00e9s familiales mettant en p\u00e9ril leur \u00e9quilibre : l&rsquo;arriv\u00e9e d&rsquo;un nouvel enfant, les s\u00e9parations ou divorces des parents, les difficult\u00e9s scolaires, entre autres. Avec une attention aigu\u00eb, elle nous invite \u00e0 d\u00e9crypter les mots, gestes, comportements et signes exprimant les tourments des enfants. Elle souligne que l&rsquo;enfant est \u00ab\u00a0un \u00eatre de langage\u00a0\u00bb et que de nombreuses difficult\u00e9s peuvent se r\u00e9soudre en lui expliquant les choses selon son stade de d\u00e9veloppement.<\/p>\n<p>Pour elle, \u00e9duquer signifie stimuler l&rsquo;intelligence et les capacit\u00e9s cr\u00e9atives de l&rsquo;enfant tout en lui fixant des limites propres, lui permettant ainsi de se sentir libre de penser, de ressentir et de juger, sans n\u00e9cessairement adopter nos propres perspectives, tout en maintenant un lien d&rsquo;amour.<\/p>\n","protected":false},"excerpt":{"rendered":"<div class=\"flex-1 overflow-hidden\">\n<div class=\"react-scroll-to-bottom--css-payrw-79elbk h-full\">\n<div class=\"react-scroll-to-bottom--css-payrw-1n7m0yu\">\n<div class=\"flex flex-col text-sm gizmo:pb-9 dark:bg-gray-800 gizmo:dark:bg-transparent\">\n<div class=\"group w-full text-token-text-primary border-b border-black\/10 gizmo:border-0 dark:border-gray-900\/50 gizmo:dark:border-0 bg-gray-50 gizmo:bg-transparent dark:bg-[#444654] gizmo:dark:bg-transparent\" data-testid=\"conversation-turn-5\">\n<div class=\"p-4 gizmo:py-2 justify-center text-base md:gap-6 md:py-6 m-auto\">\n<div class=\"flex flex-1 gap-4 text-base mx-auto md:gap-6 gizmo:gap-3 gizmo:md:px-5 gizmo:lg:px-1 gizmo:xl:px-5 md:max-w-2xl lg:max-w-[38rem] gizmo:md:max-w-3xl gizmo:lg:max-w-[40rem] gizmo:xl:max-w-[48rem] xl:max-w-3xl }\">\n<div class=\"relative flex w-[calc(100%-50px)] flex-col gizmo:w-full lg:w-[calc(100%-115px)] agent-turn\">\n<div class=\"flex-col gap-1 md:gap-3\">\n<div class=\"flex flex-grow flex-col gap-3 max-w-full\">\n<div class=\"min-h-[20px] flex flex-col items-start gap-3 whitespace-pre-wrap break-words overflow-x-auto\" data-message-author-role=\"assistant\" data-message-id=\"1f657128-8652-4b0f-b2a7-09bee3d8cf0f\">\n<div class=\"markdown prose w-full break-words dark:prose-invert light\">\n<p>Fran\u00e7oise Dolto : \u00e9thique, enfance, psychanalyse, \u00e9ducation, libert\u00e9, limites, intelligence, communication, compr\u00e9hension bienveillante.<\/p>\n<\/div>\n<\/div>\n<\/div>\n<\/div>\n<\/div>\n<\/div>\n<\/div>\n<\/div>\n<p><button class=\"cursor-pointer absolute z-10 rounded-full gizmo:bg-clip-padding border text-gray-600 dark:border-white\/10 dark:bg-white\/10 dark:text-gray-200 right-6 bottom-[124px] md:bottom-[180px] gizmo:md:bottom-[143px] lg:bottom-[120px] border-gray-200 bg-gray-50\"><\/button><\/div>\n<\/div>\n<\/div>\n<\/div>\n","protected":false},"featured_media":16126,"comment_status":"open","ping_status":"closed","template":"","meta":{"inline_featured_image":false},"product_cat":[204,143],"product_tag":[],"class_list":{"0":"post-16120","1":"product","2":"type-product","3":"status-publish","4":"has-post-thumbnail","6":"product_cat-francais","7":"product_cat-roman","8":"pa_auteurs-francoise-dolto","10":"first","11":"instock","12":"shipping-taxable","13":"purchasable","14":"product-type-simple"},"_links":{"self":[{"href":"https:\/\/baralivres.ma\/index.php?rest_route=\/wp\/v2\/product\/16120","targetHints":{"allow":["GET"]}}],"collection":[{"href":"https:\/\/baralivres.ma\/index.php?rest_route=\/wp\/v2\/product"}],"about":[{"href":"https:\/\/baralivres.ma\/index.php?rest_route=\/wp\/v2\/types\/product"}],"replies":[{"embeddable":true,"href":"https:\/\/baralivres.ma\/index.php?rest_route=%2Fwp%2Fv2%2Fcomments&post=16120"}],"version-history":[{"count":1,"href":"https:\/\/baralivres.ma\/index.php?rest_route=\/wp\/v2\/product\/16120\/revisions"}],"predecessor-version":[{"id":16127,"href":"https:\/\/baralivres.ma\/index.php?rest_route=\/wp\/v2\/product\/16120\/revisions\/16127"}],"wp:featuredmedia":[{"embeddable":true,"href":"https:\/\/baralivres.ma\/index.php?rest_route=\/wp\/v2\/media\/16126"}],"wp:attachment":[{"href":"https:\/\/baralivres.ma\/index.php?rest_route=%2Fwp%2Fv2%2Fmedia&parent=16120"}],"wp:term":[{"taxonomy":"product_cat","embeddable":true,"href":"https:\/\/baralivres.ma\/index.php?rest_route=%2Fwp%2Fv2%2Fproduct_cat&post=16120"},{"taxonomy":"product_tag","embeddable":true,"href":"https:\/\/baralivres.ma\/index.php?rest_route=%2Fwp%2Fv2%2Fproduct_tag&post=16120"}],"curies":[{"name":"wp","href":"https:\/\/api.w.org\/{rel}","templated":true}]}}