{"id":16119,"date":"2023-10-30T15:49:46","date_gmt":"2023-10-30T14:49:46","guid":{"rendered":"https:\/\/baralivres.ma\/?post_type=product&#038;p=16119"},"modified":"2023-12-04T12:10:03","modified_gmt":"2023-12-04T11:10:03","slug":"les-familles-dames","status":"publish","type":"product","link":"https:\/\/baralivres.ma\/?product=les-familles-dames","title":{"rendered":"Les familles d&rsquo;\u00e2mes"},"content":{"rendered":"<p>Dans ce captivant ouvrage, Marie Lise Labont\u00e9 partage une connaissance spirituelle enrichissante concernant l&rsquo;\u00e2me, avec une emphase particuli\u00e8re sur les familles d&rsquo;\u00e2mes. Selon les enseignements qu&rsquo;elle transmet, chaque individu d\u00e9tient une \u00e2me qui est affili\u00e9e \u00e0 l&rsquo;une des douze familles qui englobent tous les \u00eatres actuellement incarn\u00e9s sur notre plan\u00e8te. En d\u00e9couvrant votre famille d&rsquo;\u00e2me, vous obtiendrez une meilleure compr\u00e9hension du sens de certains \u00e9v\u00e9nements dans votre vie, ainsi que de votre mission personnelle. Lorsque vous \u00e9tablissez une connexion profonde avec votre nature int\u00e9rieure, cela engendre une ouverture qui se traduit par la paix, la gu\u00e9rison, et l&rsquo;harmonie \u00e0 la fois en vous-m\u00eame et autour de vous.<\/p>\n","protected":false},"excerpt":{"rendered":"<p>Marie Lise Labont\u00e9 explore les familles d&rsquo;\u00e2mes, offrant une meilleure compr\u00e9hension de la vie et de la mission spirituelle.<\/p>\n","protected":false},"featured_media":16123,"comment_status":"open","ping_status":"closed","template":"","meta":{"inline_featured_image":false},"product_cat":[3673],"product_tag":[],"class_list":{"0":"post-16119","1":"product","2":"type-product","3":"status-publish","4":"has-post-thumbnail","6":"product_cat-aventire-secrete","7":"pa_auteurs-marie-lise-labonte","9":"first","10":"instock","11":"shipping-taxable","12":"purchasable","13":"product-type-simple"},"_links":{"self":[{"href":"https:\/\/baralivres.ma\/index.php?rest_route=\/wp\/v2\/product\/16119","targetHints":{"allow":["GET"]}}],"collection":[{"href":"https:\/\/baralivres.ma\/index.php?rest_route=\/wp\/v2\/product"}],"about":[{"href":"https:\/\/baralivres.ma\/index.php?rest_route=\/wp\/v2\/types\/product"}],"replies":[{"embeddable":true,"href":"https:\/\/baralivres.ma\/index.php?rest_route=%2Fwp%2Fv2%2Fcomments&post=16119"}],"version-history":[{"count":1,"href":"https:\/\/baralivres.ma\/index.php?rest_route=\/wp\/v2\/product\/16119\/revisions"}],"predecessor-version":[{"id":16124,"href":"https:\/\/baralivres.ma\/index.php?rest_route=\/wp\/v2\/product\/16119\/revisions\/16124"}],"wp:featuredmedia":[{"embeddable":true,"href":"https:\/\/baralivres.ma\/index.php?rest_route=\/wp\/v2\/media\/16123"}],"wp:attachment":[{"href":"https:\/\/baralivres.ma\/index.php?rest_route=%2Fwp%2Fv2%2Fmedia&parent=16119"}],"wp:term":[{"taxonomy":"product_cat","embeddable":true,"href":"https:\/\/baralivres.ma\/index.php?rest_route=%2Fwp%2Fv2%2Fproduct_cat&post=16119"},{"taxonomy":"product_tag","embeddable":true,"href":"https:\/\/baralivres.ma\/index.php?rest_route=%2Fwp%2Fv2%2Fproduct_tag&post=16119"}],"curies":[{"name":"wp","href":"https:\/\/api.w.org\/{rel}","templated":true}]}}