{"id":16114,"date":"2023-10-30T15:46:26","date_gmt":"2023-10-30T14:46:26","guid":{"rendered":"https:\/\/baralivres.ma\/?post_type=product&#038;p=16114"},"modified":"2023-10-30T15:46:27","modified_gmt":"2023-10-30T14:46:27","slug":"aux-origines-des-sciences-humaines","status":"publish","type":"product","link":"https:\/\/baralivres.ma\/?product=aux-origines-des-sciences-humaines","title":{"rendered":"Aux origines des sciences humaines"},"content":{"rendered":"<p>\u00ab\u00a0Origines des Sciences Humaines\u00a0\u00bb explore l&rsquo;histoire des id\u00e9es et des penseurs des XIXe et XXe si\u00e8cles, mettant en lumi\u00e8re les disciplines \u00e9mergentes telles que les sciences du langage, la psychologie, les math\u00e9matiques, la logique et la philosophie. Cette approche interdisciplinaire examine les interactions, les \u00e9changes et les influences mutuelles entre ces domaines, tous centr\u00e9s sur la compr\u00e9hension de l&rsquo;esprit humain, des langues et des cultures. Dans le contexte des bouleversements politiques, \u00e9conomiques et sociaux entre 1840 et 1940, se dessine une histoire intellectuelle o\u00f9 se forme la vision moderne de l&rsquo;homme et \u00e9merge le champ des sciences humaines et sociales.<\/p>\n<p>La linguistique occupe une place pr\u00e9pond\u00e9rante dans cette \u00e9tude, ayant \u00e9t\u00e9 largement nourrie par les autres disciplines des sciences humaines. Cette discipline a profond\u00e9ment transform\u00e9 l&rsquo;ancienne philologie et grammaire pour donner naissance \u00e0 une nouvelle science : celle du langage. Le livre relate l&rsquo;histoire des penseurs qui, au c\u0153ur de d\u00e9bats passionn\u00e9s marqu\u00e9s par des ruptures et des continuit\u00e9s ni\u00e9es, ont \u00e9t\u00e9 les artisans de ce changement majeur. Il explore \u00e9galement l&rsquo;influence et les apports des intellectuels qui ont enrichi leur r\u00e9flexion.<\/p>\n","protected":false},"excerpt":{"rendered":"<p>\u00c9tude XIXe-XXe si\u00e8cles : \u00e9mergence disciplines humaines, langage, influences, bouleversements, intellectuels, mutations conceptuelles.<\/p>\n","protected":false},"featured_media":16115,"comment_status":"open","ping_status":"closed","template":"","meta":{"inline_featured_image":false},"product_cat":[204,143],"product_tag":[],"class_list":{"0":"post-16114","1":"product","2":"type-product","3":"status-publish","4":"has-post-thumbnail","6":"product_cat-francais","7":"product_cat-roman","8":"pa_auteurs-john-goldsmith","10":"first","11":"instock","12":"shipping-taxable","13":"purchasable","14":"product-type-simple"},"_links":{"self":[{"href":"https:\/\/baralivres.ma\/index.php?rest_route=\/wp\/v2\/product\/16114","targetHints":{"allow":["GET"]}}],"collection":[{"href":"https:\/\/baralivres.ma\/index.php?rest_route=\/wp\/v2\/product"}],"about":[{"href":"https:\/\/baralivres.ma\/index.php?rest_route=\/wp\/v2\/types\/product"}],"replies":[{"embeddable":true,"href":"https:\/\/baralivres.ma\/index.php?rest_route=%2Fwp%2Fv2%2Fcomments&post=16114"}],"version-history":[{"count":1,"href":"https:\/\/baralivres.ma\/index.php?rest_route=\/wp\/v2\/product\/16114\/revisions"}],"predecessor-version":[{"id":16116,"href":"https:\/\/baralivres.ma\/index.php?rest_route=\/wp\/v2\/product\/16114\/revisions\/16116"}],"wp:featuredmedia":[{"embeddable":true,"href":"https:\/\/baralivres.ma\/index.php?rest_route=\/wp\/v2\/media\/16115"}],"wp:attachment":[{"href":"https:\/\/baralivres.ma\/index.php?rest_route=%2Fwp%2Fv2%2Fmedia&parent=16114"}],"wp:term":[{"taxonomy":"product_cat","embeddable":true,"href":"https:\/\/baralivres.ma\/index.php?rest_route=%2Fwp%2Fv2%2Fproduct_cat&post=16114"},{"taxonomy":"product_tag","embeddable":true,"href":"https:\/\/baralivres.ma\/index.php?rest_route=%2Fwp%2Fv2%2Fproduct_tag&post=16114"}],"curies":[{"name":"wp","href":"https:\/\/api.w.org\/{rel}","templated":true}]}}