{"id":16111,"date":"2023-10-30T15:46:35","date_gmt":"2023-10-30T14:46:35","guid":{"rendered":"https:\/\/baralivres.ma\/?post_type=product&#038;p=16111"},"modified":"2023-12-04T12:11:15","modified_gmt":"2023-12-04T11:11:15","slug":"le-miracle-de-la-pleine-conscience","status":"publish","type":"product","link":"https:\/\/baralivres.ma\/?product=le-miracle-de-la-pleine-conscience","title":{"rendered":"Le miracle de la pleine conscience"},"content":{"rendered":"<p>La Pleine Conscience est un v\u00e9ritable miracle qui nous permet de vivre intens\u00e9ment chaque moment de la vie, que ce soit en d\u00e9gustant une simple mandarine, en jouant avec des enfants, ou en accomplissant des t\u00e2ches aussi simples que la vaisselle. Les principes clairs et universels expos\u00e9s par le c\u00e9l\u00e8bre ma\u00eetre zen Thich Nhat Hanh sont accessibles \u00e0 tous, renfermant des tr\u00e9sors \u00e0 d\u00e9couvrir. \u00c0 travers son enseignement, qui int\u00e8gre m\u00e9ditation et action de mani\u00e8re indissociable, nous sommes convi\u00e9s \u00e0 red\u00e9couvrir la v\u00e9ritable beaut\u00e9 de la vie au c\u0153ur de notre routine quotidienne, \u00e0 savourer chaque minute, chaque seconde du miracle de la r\u00e9alit\u00e9 qui nous entoure. Gr\u00e2ce \u00e0 la Pleine Conscience, nous r\u00e9apprenons \u00e0 ressentir l&rsquo;\u00e9merveillement d&rsquo;un enfant face au monde, tout en trouvant la qui\u00e9tude et la paix qui r\u00e9sident au plus profond de notre \u00eatre.<\/p>\n","protected":false},"excerpt":{"rendered":"<p>La Pleine Conscience permet d&rsquo;appr\u00e9cier chaque instant, red\u00e9couvrir la beaut\u00e9 de la vie, et trouver la paix int\u00e9rieure.<\/p>\n","protected":false},"featured_media":16117,"comment_status":"open","ping_status":"closed","template":"","meta":{"inline_featured_image":false},"product_cat":[3673],"product_tag":[],"class_list":{"0":"post-16111","1":"product","2":"type-product","3":"status-publish","4":"has-post-thumbnail","6":"product_cat-aventire-secrete","7":"pa_auteurs-thich-nhat-hanh","9":"first","10":"instock","11":"shipping-taxable","12":"purchasable","13":"product-type-simple"},"_links":{"self":[{"href":"https:\/\/baralivres.ma\/index.php?rest_route=\/wp\/v2\/product\/16111","targetHints":{"allow":["GET"]}}],"collection":[{"href":"https:\/\/baralivres.ma\/index.php?rest_route=\/wp\/v2\/product"}],"about":[{"href":"https:\/\/baralivres.ma\/index.php?rest_route=\/wp\/v2\/types\/product"}],"replies":[{"embeddable":true,"href":"https:\/\/baralivres.ma\/index.php?rest_route=%2Fwp%2Fv2%2Fcomments&post=16111"}],"version-history":[{"count":1,"href":"https:\/\/baralivres.ma\/index.php?rest_route=\/wp\/v2\/product\/16111\/revisions"}],"predecessor-version":[{"id":16118,"href":"https:\/\/baralivres.ma\/index.php?rest_route=\/wp\/v2\/product\/16111\/revisions\/16118"}],"wp:featuredmedia":[{"embeddable":true,"href":"https:\/\/baralivres.ma\/index.php?rest_route=\/wp\/v2\/media\/16117"}],"wp:attachment":[{"href":"https:\/\/baralivres.ma\/index.php?rest_route=%2Fwp%2Fv2%2Fmedia&parent=16111"}],"wp:term":[{"taxonomy":"product_cat","embeddable":true,"href":"https:\/\/baralivres.ma\/index.php?rest_route=%2Fwp%2Fv2%2Fproduct_cat&post=16111"},{"taxonomy":"product_tag","embeddable":true,"href":"https:\/\/baralivres.ma\/index.php?rest_route=%2Fwp%2Fv2%2Fproduct_tag&post=16111"}],"curies":[{"name":"wp","href":"https:\/\/api.w.org\/{rel}","templated":true}]}}