{"id":16108,"date":"2023-10-30T15:42:16","date_gmt":"2023-10-30T14:42:16","guid":{"rendered":"https:\/\/baralivres.ma\/?post_type=product&#038;p=16108"},"modified":"2023-10-30T15:42:17","modified_gmt":"2023-10-30T14:42:17","slug":"lintention","status":"publish","type":"product","link":"https:\/\/baralivres.ma\/?product=lintention","title":{"rendered":"L&rsquo;intention"},"content":{"rendered":"<p>En 1957, la philosophe britannique Elizabeth Anscombe a contest\u00e9 vigoureusement les th\u00e9ories mentalistes qui localisent l&rsquo;intention d&rsquo;une action dans un \u00e9v\u00e9nement ant\u00e9c\u00e9dent se d\u00e9roulant dans l&rsquo;esprit de l&rsquo;agent. Pour elle, il est difficile de distinguer clairement l&rsquo;intention d&rsquo;un simple d\u00e9sir. S&rsquo;agit-il simplement d&rsquo;une caract\u00e9ristique suppl\u00e9mentaire de nos actions ? Cette intentionnalit\u00e9 pourrait-elle alors rendre pardonnable toute action r\u00e9alis\u00e9e avec de \u00ab\u00a0bonnes intentions\u00a0\u00bb ? Apr\u00e8s la Seconde Guerre mondiale, de tels arguments semblent faibles et insuffisants du point de vue moral.<\/p>\n<p>Dans son ouvrage \u00ab\u00a0L&rsquo;intention\u00a0\u00bb, Elizabeth Anscombe cherche \u00e0 apporter une clarification essentielle sur la structure logique des actions intentionnelles. Son approche analytique s&rsquo;inscrit dans la lign\u00e9e des travaux de Wittgenstein, son professeur et ult\u00e9rieurement son ex\u00e9cutrice testamentaire. La clarification conceptuelle propos\u00e9e dans \u00ab\u00a0L&rsquo;intention\u00a0\u00bb s&rsquo;inscrit dans un projet plus vaste pr\u00e9sent tout au long de l&rsquo;\u0153uvre d&rsquo;Anscombe : \u00e9difier une philosophie solide de la psychologie afin de soutenir une philosophie rigoureuse de l&rsquo;action.<\/p>\n","protected":false},"excerpt":{"rendered":"<p>Anscombe d\u00e9construit la nature de l&rsquo;intention, critiquant son lien avec les actions morales.<\/p>\n","protected":false},"featured_media":16112,"comment_status":"open","ping_status":"closed","template":"","meta":{"inline_featured_image":false},"product_cat":[204,143],"product_tag":[],"class_list":{"0":"post-16108","1":"product","2":"type-product","3":"status-publish","4":"has-post-thumbnail","6":"product_cat-francais","7":"product_cat-roman","8":"pa_auteurs-g-e-m-anscombe","10":"first","11":"instock","12":"shipping-taxable","13":"purchasable","14":"product-type-simple"},"_links":{"self":[{"href":"https:\/\/baralivres.ma\/index.php?rest_route=\/wp\/v2\/product\/16108","targetHints":{"allow":["GET"]}}],"collection":[{"href":"https:\/\/baralivres.ma\/index.php?rest_route=\/wp\/v2\/product"}],"about":[{"href":"https:\/\/baralivres.ma\/index.php?rest_route=\/wp\/v2\/types\/product"}],"replies":[{"embeddable":true,"href":"https:\/\/baralivres.ma\/index.php?rest_route=%2Fwp%2Fv2%2Fcomments&post=16108"}],"version-history":[{"count":1,"href":"https:\/\/baralivres.ma\/index.php?rest_route=\/wp\/v2\/product\/16108\/revisions"}],"predecessor-version":[{"id":16113,"href":"https:\/\/baralivres.ma\/index.php?rest_route=\/wp\/v2\/product\/16108\/revisions\/16113"}],"wp:featuredmedia":[{"embeddable":true,"href":"https:\/\/baralivres.ma\/index.php?rest_route=\/wp\/v2\/media\/16112"}],"wp:attachment":[{"href":"https:\/\/baralivres.ma\/index.php?rest_route=%2Fwp%2Fv2%2Fmedia&parent=16108"}],"wp:term":[{"taxonomy":"product_cat","embeddable":true,"href":"https:\/\/baralivres.ma\/index.php?rest_route=%2Fwp%2Fv2%2Fproduct_cat&post=16108"},{"taxonomy":"product_tag","embeddable":true,"href":"https:\/\/baralivres.ma\/index.php?rest_route=%2Fwp%2Fv2%2Fproduct_tag&post=16108"}],"curies":[{"name":"wp","href":"https:\/\/api.w.org\/{rel}","templated":true}]}}