{"id":16107,"date":"2023-10-30T15:39:42","date_gmt":"2023-10-30T14:39:42","guid":{"rendered":"https:\/\/baralivres.ma\/?post_type=product&#038;p=16107"},"modified":"2023-12-04T12:13:01","modified_gmt":"2023-12-04T11:13:01","slug":"le-moine-qui-vendit-sa-ferrari","status":"publish","type":"product","link":"https:\/\/baralivres.ma\/?product=le-moine-qui-vendit-sa-ferrari","title":{"rendered":"Le moine qui vendit sa Ferrari"},"content":{"rendered":"<p>Julian Mantle, un \u00e9minent avocat, voit sa vie chaotique le conduire inexorablement \u00e0 une crise cardiaque en pleine salle d&rsquo;audience. Apr\u00e8s avoir fr\u00f4l\u00e9 la mort, il traverse une crise spirituelle qui le pousse \u00e0 r\u00e9fl\u00e9chir aux questions fondamentales de l&rsquo;existence. Dans sa qu\u00eate du bonheur, il d\u00e9cide de se rendre dans l&rsquo;Himalaya, o\u00f9 il fait la rencontre d&rsquo;une communaut\u00e9 qui d\u00e9tient les cl\u00e9s des sept vertus \u00e9ternelles. Ce livre-guide nous ouvre la voie pour acc\u00e9der \u00e0 une source in\u00e9puisable de courage, de joie et d&rsquo;\u00e9quilibre.<\/p>\n","protected":false},"excerpt":{"rendered":"<p>Avocat Julian Mantle subit une crise cardiaque, explore l&rsquo;Himalaya, d\u00e9couvre les sept vertus pour bonheur et \u00e9quilibre.<\/p>\n","protected":false},"featured_media":16109,"comment_status":"open","ping_status":"closed","template":"","meta":{"inline_featured_image":false},"product_cat":[3673],"product_tag":[],"class_list":{"0":"post-16107","1":"product","2":"type-product","3":"status-publish","4":"has-post-thumbnail","6":"product_cat-aventire-secrete","7":"pa_auteurs-robin-shilp-sharma","9":"first","10":"instock","11":"shipping-taxable","12":"purchasable","13":"product-type-simple"},"_links":{"self":[{"href":"https:\/\/baralivres.ma\/index.php?rest_route=\/wp\/v2\/product\/16107","targetHints":{"allow":["GET"]}}],"collection":[{"href":"https:\/\/baralivres.ma\/index.php?rest_route=\/wp\/v2\/product"}],"about":[{"href":"https:\/\/baralivres.ma\/index.php?rest_route=\/wp\/v2\/types\/product"}],"replies":[{"embeddable":true,"href":"https:\/\/baralivres.ma\/index.php?rest_route=%2Fwp%2Fv2%2Fcomments&post=16107"}],"version-history":[{"count":1,"href":"https:\/\/baralivres.ma\/index.php?rest_route=\/wp\/v2\/product\/16107\/revisions"}],"predecessor-version":[{"id":16110,"href":"https:\/\/baralivres.ma\/index.php?rest_route=\/wp\/v2\/product\/16107\/revisions\/16110"}],"wp:featuredmedia":[{"embeddable":true,"href":"https:\/\/baralivres.ma\/index.php?rest_route=\/wp\/v2\/media\/16109"}],"wp:attachment":[{"href":"https:\/\/baralivres.ma\/index.php?rest_route=%2Fwp%2Fv2%2Fmedia&parent=16107"}],"wp:term":[{"taxonomy":"product_cat","embeddable":true,"href":"https:\/\/baralivres.ma\/index.php?rest_route=%2Fwp%2Fv2%2Fproduct_cat&post=16107"},{"taxonomy":"product_tag","embeddable":true,"href":"https:\/\/baralivres.ma\/index.php?rest_route=%2Fwp%2Fv2%2Fproduct_tag&post=16107"}],"curies":[{"name":"wp","href":"https:\/\/api.w.org\/{rel}","templated":true}]}}