{"id":16101,"date":"2023-10-30T15:48:24","date_gmt":"2023-10-30T14:48:24","guid":{"rendered":"https:\/\/baralivres.ma\/?post_type=product&#038;p=16101"},"modified":"2023-10-30T15:48:25","modified_gmt":"2023-10-30T14:48:25","slug":"huis-clos-suivi-de-les-mouches","status":"publish","type":"product","link":"https:\/\/baralivres.ma\/?product=huis-clos-suivi-de-les-mouches","title":{"rendered":"Huis clos suivi de Les Mouches"},"content":{"rendered":"<p>Garcin : &#8211; Le bronze&#8230; (Il le caresse.) Voil\u00e0, le moment est venu. Je me tiens ici devant le bronze, je le contemple, et soudain, je r\u00e9alise que je me trouve dans un enfer. Tout cela \u00e9tait pr\u00e9vu. Ils avaient anticip\u00e9 que je me tiendrais ici, devant cette chemin\u00e9e, en train de caresser ce bronze, sous le regard de tous ceux qui m&rsquo;entourent. Tous ces regards qui me scrutent&#8230; (Il se retourne brusquement.) Ha ! Vous n&rsquo;\u00eates que deux ? Je pensais que vous seriez beaucoup plus nombreux. (Il rit.) C&rsquo;est donc \u00e7a, l&rsquo;enfer. C&rsquo;est bien diff\u00e9rent de ce que j&rsquo;imaginais&#8230; Vous vous souvenez des descriptions : le soufre, le b\u00fbcher, le gril&#8230; Ah, quelle plaisanterie. Pas besoin de tout cela : l&rsquo;enfer, ce sont les Autres.<\/p>\n","protected":false},"excerpt":{"rendered":"<p>Garcin, confront\u00e9 \u00e0 un bronze, r\u00e9alise qu&rsquo;il est en enfer, o\u00f9 les regards des Autres le tourmentent.<\/p>\n","protected":false},"featured_media":16102,"comment_status":"open","ping_status":"closed","template":"","meta":{"inline_featured_image":false},"product_cat":[204,143],"product_tag":[],"class_list":{"0":"post-16101","1":"product","2":"type-product","3":"status-publish","4":"has-post-thumbnail","6":"product_cat-francais","7":"product_cat-roman","8":"pa_auteurs-jean-paul-sartre","10":"first","11":"instock","12":"shipping-taxable","13":"purchasable","14":"product-type-simple"},"_links":{"self":[{"href":"https:\/\/baralivres.ma\/index.php?rest_route=\/wp\/v2\/product\/16101","targetHints":{"allow":["GET"]}}],"collection":[{"href":"https:\/\/baralivres.ma\/index.php?rest_route=\/wp\/v2\/product"}],"about":[{"href":"https:\/\/baralivres.ma\/index.php?rest_route=\/wp\/v2\/types\/product"}],"replies":[{"embeddable":true,"href":"https:\/\/baralivres.ma\/index.php?rest_route=%2Fwp%2Fv2%2Fcomments&post=16101"}],"version-history":[{"count":1,"href":"https:\/\/baralivres.ma\/index.php?rest_route=\/wp\/v2\/product\/16101\/revisions"}],"predecessor-version":[{"id":16121,"href":"https:\/\/baralivres.ma\/index.php?rest_route=\/wp\/v2\/product\/16101\/revisions\/16121"}],"wp:featuredmedia":[{"embeddable":true,"href":"https:\/\/baralivres.ma\/index.php?rest_route=\/wp\/v2\/media\/16102"}],"wp:attachment":[{"href":"https:\/\/baralivres.ma\/index.php?rest_route=%2Fwp%2Fv2%2Fmedia&parent=16101"}],"wp:term":[{"taxonomy":"product_cat","embeddable":true,"href":"https:\/\/baralivres.ma\/index.php?rest_route=%2Fwp%2Fv2%2Fproduct_cat&post=16101"},{"taxonomy":"product_tag","embeddable":true,"href":"https:\/\/baralivres.ma\/index.php?rest_route=%2Fwp%2Fv2%2Fproduct_tag&post=16101"}],"curies":[{"name":"wp","href":"https:\/\/api.w.org\/{rel}","templated":true}]}}