{"id":16100,"date":"2023-10-30T15:36:15","date_gmt":"2023-10-30T14:36:15","guid":{"rendered":"https:\/\/baralivres.ma\/?post_type=product&#038;p=16100"},"modified":"2023-10-30T15:36:16","modified_gmt":"2023-10-30T14:36:16","slug":"sartre","status":"publish","type":"product","link":"https:\/\/baralivres.ma\/?product=sartre","title":{"rendered":"Sartre"},"content":{"rendered":"<p>\u00c9crire sur la vie d&rsquo;un penseur aussi vorace, d&rsquo;un \u00e9crivain aussi diversifi\u00e9 et d&rsquo;un pol\u00e9miste qui a d\u00e9fi\u00e9 toute autorit\u00e9, presque tous les dogmes, repr\u00e9sente un d\u00e9fi majeur. Il est tout aussi complexe de rendre compte de son influence pr\u00e9dominante sur les chemins culturels de notre \u00e8re, d&rsquo;autant plus que, malgr\u00e9 sa disparition, sa l\u00e9gende est d\u00e9j\u00e0 solidement \u00e9tablie.<\/p>\n<p>Cet ouvrage marque un moment culturel important : la biographie d&rsquo;une figure intellectuelle embl\u00e9matique du XXe si\u00e8cle rena\u00eet dans un r\u00e9cit \u00e0 la fois pr\u00e9cis et accessible. Une abondance de documents, de correspondances et de t\u00e9moignages in\u00e9dits offre un nouvel \u00e9clairage sur les multiples facettes de ce \u00ab\u00a0petit homme\u00a0\u00bb qui, seul parmi les \u00e9crivains, a refus\u00e9 le prix Nobel de litt\u00e9rature. De plus, le g\u00e9n\u00e9ral de Gaulle l&rsquo;a un jour qualifi\u00e9 de \u00ab\u00a0Voltaire du XXe si\u00e8cle\u00a0\u00bb.<\/p>\n","protected":false},"excerpt":{"rendered":"<p>Biographie rigoureuse de Sartre, intellectuel boulimique et contestataire, d\u00e9voilant ses multiples facettes marquantes.<\/p>\n","protected":false},"featured_media":16105,"comment_status":"open","ping_status":"closed","template":"","meta":{"inline_featured_image":false},"product_cat":[204,143],"product_tag":[],"class_list":{"0":"post-16100","1":"product","2":"type-product","3":"status-publish","4":"has-post-thumbnail","6":"product_cat-francais","7":"product_cat-roman","8":"pa_auteurs-annie-cohen-solal","10":"first","11":"instock","12":"shipping-taxable","13":"purchasable","14":"product-type-simple"},"_links":{"self":[{"href":"https:\/\/baralivres.ma\/index.php?rest_route=\/wp\/v2\/product\/16100","targetHints":{"allow":["GET"]}}],"collection":[{"href":"https:\/\/baralivres.ma\/index.php?rest_route=\/wp\/v2\/product"}],"about":[{"href":"https:\/\/baralivres.ma\/index.php?rest_route=\/wp\/v2\/types\/product"}],"replies":[{"embeddable":true,"href":"https:\/\/baralivres.ma\/index.php?rest_route=%2Fwp%2Fv2%2Fcomments&post=16100"}],"version-history":[{"count":1,"href":"https:\/\/baralivres.ma\/index.php?rest_route=\/wp\/v2\/product\/16100\/revisions"}],"predecessor-version":[{"id":16106,"href":"https:\/\/baralivres.ma\/index.php?rest_route=\/wp\/v2\/product\/16100\/revisions\/16106"}],"wp:featuredmedia":[{"embeddable":true,"href":"https:\/\/baralivres.ma\/index.php?rest_route=\/wp\/v2\/media\/16105"}],"wp:attachment":[{"href":"https:\/\/baralivres.ma\/index.php?rest_route=%2Fwp%2Fv2%2Fmedia&parent=16100"}],"wp:term":[{"taxonomy":"product_cat","embeddable":true,"href":"https:\/\/baralivres.ma\/index.php?rest_route=%2Fwp%2Fv2%2Fproduct_cat&post=16100"},{"taxonomy":"product_tag","embeddable":true,"href":"https:\/\/baralivres.ma\/index.php?rest_route=%2Fwp%2Fv2%2Fproduct_tag&post=16100"}],"curies":[{"name":"wp","href":"https:\/\/api.w.org\/{rel}","templated":true}]}}