{"id":16097,"date":"2023-10-30T15:35:37","date_gmt":"2023-10-30T14:35:37","guid":{"rendered":"https:\/\/baralivres.ma\/?post_type=product&#038;p=16097"},"modified":"2023-12-04T12:14:24","modified_gmt":"2023-12-04T11:14:24","slug":"la-vie-secrete-de-la-nature","status":"publish","type":"product","link":"https:\/\/baralivres.ma\/?product=la-vie-secrete-de-la-nature","title":{"rendered":"La vie secr\u00e8te de la nature"},"content":{"rendered":"<p>Par sa perspective novatrice et souvent inattendue sur les esprits de la nature, Peter Tompkins nous am\u00e8ne \u00e0 envisager s\u00e9rieusement l&rsquo;existence des f\u00e9es, des gnomes et des farfadets. \u00c0 travers son ouvrage, nous sommes invit\u00e9s \u00e0 explorer une connexion authentique avec les plantes et la nature, bien loin de toute m\u00e9taphore. Cependant, l&rsquo;urgence est palpable, car la d\u00e9gradation des \u00e9cosyst\u00e8mes naturels et la menace d&rsquo;extinction qui p\u00e8se sur de nombreuses esp\u00e8ces animales et v\u00e9g\u00e9tales atteignent des niveaux critiques. Ce livre a le pouvoir de profond\u00e9ment alt\u00e9rer votre perception du monde qui vous entoure et de vous inciter \u00e0 agir de mani\u00e8re plus responsable envers notre environnement.<\/p>\n","protected":false},"excerpt":{"rendered":"<p>Peter Tompkins r\u00e9v\u00e8le l&rsquo;existence des esprits de la nature, incitant \u00e0 agir face \u00e0 la crise environnementale.<\/p>\n","protected":false},"featured_media":16103,"comment_status":"open","ping_status":"closed","template":"","meta":{"inline_featured_image":false},"product_cat":[3673],"product_tag":[],"class_list":{"0":"post-16097","1":"product","2":"type-product","3":"status-publish","4":"has-post-thumbnail","6":"product_cat-aventire-secrete","7":"pa_auteurs-peter-tompkins","9":"first","10":"instock","11":"shipping-taxable","12":"purchasable","13":"product-type-simple"},"_links":{"self":[{"href":"https:\/\/baralivres.ma\/index.php?rest_route=\/wp\/v2\/product\/16097","targetHints":{"allow":["GET"]}}],"collection":[{"href":"https:\/\/baralivres.ma\/index.php?rest_route=\/wp\/v2\/product"}],"about":[{"href":"https:\/\/baralivres.ma\/index.php?rest_route=\/wp\/v2\/types\/product"}],"replies":[{"embeddable":true,"href":"https:\/\/baralivres.ma\/index.php?rest_route=%2Fwp%2Fv2%2Fcomments&post=16097"}],"version-history":[{"count":1,"href":"https:\/\/baralivres.ma\/index.php?rest_route=\/wp\/v2\/product\/16097\/revisions"}],"predecessor-version":[{"id":16104,"href":"https:\/\/baralivres.ma\/index.php?rest_route=\/wp\/v2\/product\/16097\/revisions\/16104"}],"wp:featuredmedia":[{"embeddable":true,"href":"https:\/\/baralivres.ma\/index.php?rest_route=\/wp\/v2\/media\/16103"}],"wp:attachment":[{"href":"https:\/\/baralivres.ma\/index.php?rest_route=%2Fwp%2Fv2%2Fmedia&parent=16097"}],"wp:term":[{"taxonomy":"product_cat","embeddable":true,"href":"https:\/\/baralivres.ma\/index.php?rest_route=%2Fwp%2Fv2%2Fproduct_cat&post=16097"},{"taxonomy":"product_tag","embeddable":true,"href":"https:\/\/baralivres.ma\/index.php?rest_route=%2Fwp%2Fv2%2Fproduct_tag&post=16097"}],"curies":[{"name":"wp","href":"https:\/\/api.w.org\/{rel}","templated":true}]}}