{"id":16090,"date":"2023-10-30T15:29:19","date_gmt":"2023-10-30T14:29:19","guid":{"rendered":"https:\/\/baralivres.ma\/?post_type=product&#038;p=16090"},"modified":"2023-12-04T12:16:18","modified_gmt":"2023-12-04T11:16:18","slug":"les-7-bonnes-raisons-de-croire-a-lau-dela","status":"publish","type":"product","link":"https:\/\/baralivres.ma\/?product=les-7-bonnes-raisons-de-croire-a-lau-dela","title":{"rendered":"Les 7 bonnes raisons de croire \u00e0 l&rsquo;Au-Del\u00e0"},"content":{"rendered":"<p>Le Dr. Charbonier est un expert renomm\u00e9 en France dans le domaine des exp\u00e9riences de mort imminente. Dans son ouvrage \u00ab\u00a0Les 7 bonnes raisons de croire \u00e0 l&rsquo;au-del\u00e0,\u00a0\u00bb il offre une exploration compl\u00e8te de ce que chacun, y compris les plus sceptiques, devrait conna\u00eetre sur la vie apr\u00e8s la mort. En d\u00e9taillant les sept ph\u00e9nom\u00e8nes \u00e9tudi\u00e9s par la science, tels que les exp\u00e9riences de mort imminente, la m\u00e9diumnit\u00e9 et les sorties hors du corps, il pr\u00e9sente des preuves convaincantes que la vie continue apr\u00e8s notre d\u00e9c\u00e8s physique. Cet ouvrage document\u00e9 et pr\u00e9cieux, agr\u00e9ment\u00e9 de t\u00e9moignages, remettra en question les croyances de nombreux individus concernant l&rsquo;existence d&rsquo;un au-del\u00e0.<\/p>\n","protected":false},"excerpt":{"rendered":"<p>Le Dr. Charbonier explore les preuves scientifiques de la vie apr\u00e8s la mort dans \u00ab\u00a0Les 7 bonnes raisons.\u00a0\u00bb<\/p>\n","protected":false},"featured_media":16095,"comment_status":"open","ping_status":"closed","template":"","meta":{"inline_featured_image":false},"product_cat":[3673],"product_tag":[],"class_list":{"0":"post-16090","1":"product","2":"type-product","3":"status-publish","4":"has-post-thumbnail","6":"product_cat-aventire-secrete","7":"pa_auteurs-jean-jacques-charbonier-2","9":"first","10":"instock","11":"shipping-taxable","12":"purchasable","13":"product-type-simple"},"_links":{"self":[{"href":"https:\/\/baralivres.ma\/index.php?rest_route=\/wp\/v2\/product\/16090","targetHints":{"allow":["GET"]}}],"collection":[{"href":"https:\/\/baralivres.ma\/index.php?rest_route=\/wp\/v2\/product"}],"about":[{"href":"https:\/\/baralivres.ma\/index.php?rest_route=\/wp\/v2\/types\/product"}],"replies":[{"embeddable":true,"href":"https:\/\/baralivres.ma\/index.php?rest_route=%2Fwp%2Fv2%2Fcomments&post=16090"}],"version-history":[{"count":1,"href":"https:\/\/baralivres.ma\/index.php?rest_route=\/wp\/v2\/product\/16090\/revisions"}],"predecessor-version":[{"id":16096,"href":"https:\/\/baralivres.ma\/index.php?rest_route=\/wp\/v2\/product\/16090\/revisions\/16096"}],"wp:featuredmedia":[{"embeddable":true,"href":"https:\/\/baralivres.ma\/index.php?rest_route=\/wp\/v2\/media\/16095"}],"wp:attachment":[{"href":"https:\/\/baralivres.ma\/index.php?rest_route=%2Fwp%2Fv2%2Fmedia&parent=16090"}],"wp:term":[{"taxonomy":"product_cat","embeddable":true,"href":"https:\/\/baralivres.ma\/index.php?rest_route=%2Fwp%2Fv2%2Fproduct_cat&post=16090"},{"taxonomy":"product_tag","embeddable":true,"href":"https:\/\/baralivres.ma\/index.php?rest_route=%2Fwp%2Fv2%2Fproduct_tag&post=16090"}],"curies":[{"name":"wp","href":"https:\/\/api.w.org\/{rel}","templated":true}]}}