{"id":16086,"date":"2023-10-30T15:27:47","date_gmt":"2023-10-30T14:27:47","guid":{"rendered":"https:\/\/baralivres.ma\/?post_type=product&#038;p=16086"},"modified":"2023-10-30T15:27:48","modified_gmt":"2023-10-30T14:27:48","slug":"la-genealogie-de-la-morale","status":"publish","type":"product","link":"https:\/\/baralivres.ma\/?product=la-genealogie-de-la-morale","title":{"rendered":"La g\u00e9n\u00e9alogie de la morale"},"content":{"rendered":"<p>\u00c0 premi\u00e8re vue, le dilemme concernant la valeur de la compassion et de la moralit\u00e9 de la compassion semble \u00eatre une question isol\u00e9e, distincte, en apparence. Pourtant, pour quiconque s&rsquo;attarde sur ce sujet, qui s&rsquo;engage \u00e0 sonder ses profondeurs, ce qui m&rsquo;est arriv\u00e9 peut \u00e9galement lui arriver : une toute nouvelle perspective d&rsquo;une ampleur consid\u00e9rable se r\u00e9v\u00e9lera, remettant en question la foi non seulement en une forme sp\u00e9cifique de moralit\u00e9, mais en toute morale. Cela suscitera une nouvelle exigence. Nous avons besoin d&rsquo;une \u00e9valuation critique des principes moraux. Il est imp\u00e9ratif de remettre en question la valeur m\u00eame de ces principes, ce qui exige une compr\u00e9hension qui, jusqu&rsquo;\u00e0 pr\u00e9sent, n&rsquo;a pas \u00e9t\u00e9 atteinte et m\u00eame pas envisag\u00e9e.<\/p>\n","protected":false},"excerpt":{"rendered":"<p>Interrogation sur la compassion remet en cause la foi et la valeur morale \u00e9tabli<\/p>\n","protected":false},"featured_media":16091,"comment_status":"open","ping_status":"closed","template":"","meta":{"inline_featured_image":false},"product_cat":[204,143],"product_tag":[],"class_list":{"0":"post-16086","1":"product","2":"type-product","3":"status-publish","4":"has-post-thumbnail","6":"product_cat-francais","7":"product_cat-roman","8":"pa_auteurs-friedrich-nietzsche","10":"first","11":"instock","12":"shipping-taxable","13":"purchasable","14":"product-type-simple"},"_links":{"self":[{"href":"https:\/\/baralivres.ma\/index.php?rest_route=\/wp\/v2\/product\/16086","targetHints":{"allow":["GET"]}}],"collection":[{"href":"https:\/\/baralivres.ma\/index.php?rest_route=\/wp\/v2\/product"}],"about":[{"href":"https:\/\/baralivres.ma\/index.php?rest_route=\/wp\/v2\/types\/product"}],"replies":[{"embeddable":true,"href":"https:\/\/baralivres.ma\/index.php?rest_route=%2Fwp%2Fv2%2Fcomments&post=16086"}],"version-history":[{"count":1,"href":"https:\/\/baralivres.ma\/index.php?rest_route=\/wp\/v2\/product\/16086\/revisions"}],"predecessor-version":[{"id":16092,"href":"https:\/\/baralivres.ma\/index.php?rest_route=\/wp\/v2\/product\/16086\/revisions\/16092"}],"wp:featuredmedia":[{"embeddable":true,"href":"https:\/\/baralivres.ma\/index.php?rest_route=\/wp\/v2\/media\/16091"}],"wp:attachment":[{"href":"https:\/\/baralivres.ma\/index.php?rest_route=%2Fwp%2Fv2%2Fmedia&parent=16086"}],"wp:term":[{"taxonomy":"product_cat","embeddable":true,"href":"https:\/\/baralivres.ma\/index.php?rest_route=%2Fwp%2Fv2%2Fproduct_cat&post=16086"},{"taxonomy":"product_tag","embeddable":true,"href":"https:\/\/baralivres.ma\/index.php?rest_route=%2Fwp%2Fv2%2Fproduct_tag&post=16086"}],"curies":[{"name":"wp","href":"https:\/\/api.w.org\/{rel}","templated":true}]}}