{"id":16083,"date":"2023-10-30T15:28:21","date_gmt":"2023-10-30T14:28:21","guid":{"rendered":"https:\/\/baralivres.ma\/?post_type=product&#038;p=16083"},"modified":"2023-10-30T15:28:22","modified_gmt":"2023-10-30T14:28:22","slug":"le-mur","status":"publish","type":"product","link":"https:\/\/baralivres.ma\/?product=le-mur","title":{"rendered":"Le Mur"},"content":{"rendered":"<p>Comment se nomment ces trois individus ? &#8211; Steinbock, Ibbieta et Mirbal, d\u00e9clara le gardien. Le commandant ajusta ses lorgnons et consulta sa liste : &#8211; Steinbock&#8230; Steinbock&#8230; Trouv\u00e9. Vous \u00eates condamn\u00e9 \u00e0 la peine de mort. L&rsquo;ex\u00e9cution aura lieu demain matin. Il examina ensuite : &#8211; Les deux autres aussi, confirma-t-il. &#8211; C&rsquo;est impossible, r\u00e9pliqua Juan. Pas moi. Le commandant le scruta, manifestant sa surprise&#8230;\u00a0\u00bb<\/p>\n<p>Ce volume comprend \u00ab\u00a0Le mur\u00a0\u00bb, \u00ab\u00a0La chambre\u00a0\u00bb, \u00ab\u00a0\u00c9rostrate\u00a0\u00bb, \u00ab\u00a0Intimit\u00e9\u00a0\u00bb et \u00ab\u00a0L&rsquo;enfance d&rsquo;un chef\u00a0\u00bb : \u00ab\u00a0Voici cinq courtes histoires tragiques ou comiques&#8230; Toutes ces \u00e9vasions sont stopp\u00e9es par un obstacle infranchissable.\u00a0\u00bb (Jean-Paul Sartre)<\/p>\n","protected":false},"excerpt":{"rendered":"<p>Trois hommes nomm\u00e9s Steinbock, Ibbieta et Mirbal sont condamn\u00e9s \u00e0 mort par erreur, provoquant l&rsquo;incompr\u00e9hension.<\/p>\n","protected":false},"featured_media":16087,"comment_status":"open","ping_status":"closed","template":"","meta":{"inline_featured_image":false},"product_cat":[204,143],"product_tag":[],"class_list":{"0":"post-16083","1":"product","2":"type-product","3":"status-publish","4":"has-post-thumbnail","6":"product_cat-francais","7":"product_cat-roman","8":"pa_auteurs-jean-paul-sartre","10":"first","11":"instock","12":"shipping-taxable","13":"purchasable","14":"product-type-simple"},"_links":{"self":[{"href":"https:\/\/baralivres.ma\/index.php?rest_route=\/wp\/v2\/product\/16083","targetHints":{"allow":["GET"]}}],"collection":[{"href":"https:\/\/baralivres.ma\/index.php?rest_route=\/wp\/v2\/product"}],"about":[{"href":"https:\/\/baralivres.ma\/index.php?rest_route=\/wp\/v2\/types\/product"}],"replies":[{"embeddable":true,"href":"https:\/\/baralivres.ma\/index.php?rest_route=%2Fwp%2Fv2%2Fcomments&post=16083"}],"version-history":[{"count":1,"href":"https:\/\/baralivres.ma\/index.php?rest_route=\/wp\/v2\/product\/16083\/revisions"}],"predecessor-version":[{"id":16093,"href":"https:\/\/baralivres.ma\/index.php?rest_route=\/wp\/v2\/product\/16083\/revisions\/16093"}],"wp:featuredmedia":[{"embeddable":true,"href":"https:\/\/baralivres.ma\/index.php?rest_route=\/wp\/v2\/media\/16087"}],"wp:attachment":[{"href":"https:\/\/baralivres.ma\/index.php?rest_route=%2Fwp%2Fv2%2Fmedia&parent=16083"}],"wp:term":[{"taxonomy":"product_cat","embeddable":true,"href":"https:\/\/baralivres.ma\/index.php?rest_route=%2Fwp%2Fv2%2Fproduct_cat&post=16083"},{"taxonomy":"product_tag","embeddable":true,"href":"https:\/\/baralivres.ma\/index.php?rest_route=%2Fwp%2Fv2%2Fproduct_tag&post=16083"}],"curies":[{"name":"wp","href":"https:\/\/api.w.org\/{rel}","templated":true}]}}