{"id":16081,"date":"2023-10-30T15:26:22","date_gmt":"2023-10-30T14:26:22","guid":{"rendered":"https:\/\/baralivres.ma\/?post_type=product&#038;p=16081"},"modified":"2023-12-04T12:17:50","modified_gmt":"2023-12-04T11:17:50","slug":"les-preuves-scientifiques-dune-vie-apres-la-vie","status":"publish","type":"product","link":"https:\/\/baralivres.ma\/?product=les-preuves-scientifiques-dune-vie-apres-la-vie","title":{"rendered":"Les preuves scientifiques d&rsquo;une Vie apr\u00e8s la vie"},"content":{"rendered":"<p>Cet ouvrage remet en question la perspective occidentale sur la mort en pr\u00e9sentant une argumentation rationnelle qui sugg\u00e8re que la notion de n\u00e9ant absolu n&rsquo;est plus tenable dans le domaine de la croyance, \u00e9tant donn\u00e9 que les preuves scientifiques d&rsquo;aujourd&rsquo;hui renforcent la notion de notre immortalit\u00e9. \u00c0 travers de nombreux t\u00e9moignages de personnes ayant v\u00e9cu des exp\u00e9riences de mort imminente, auxquelles le Dr. Charbonier a assist\u00e9 dans le cadre de ses activit\u00e9s professionnelles, ainsi qu&rsquo;en s&rsquo;appuyant sur ses propres recherches personnelles, il partage avec nous ses convictions profondes concernant l&rsquo;existence d&rsquo;une vie apr\u00e8s la mort et les diff\u00e9rentes possibilit\u00e9s de communication avec le monde invisible.<\/p>\n","protected":false},"excerpt":{"rendered":"<p>Cet ouvrage remet en question la mort, s&rsquo;appuyant sur preuves scientifiques, \u00e9voque l&rsquo;immortalit\u00e9 et la communication avec l&rsquo;invisible.<\/p>\n","protected":false},"featured_media":16088,"comment_status":"open","ping_status":"closed","template":"","meta":{"inline_featured_image":false},"product_cat":[3673],"product_tag":[],"class_list":{"0":"post-16081","1":"product","2":"type-product","3":"status-publish","4":"has-post-thumbnail","6":"product_cat-aventire-secrete","7":"pa_auteurs-jean-jacques-charbonier","9":"first","10":"instock","11":"shipping-taxable","12":"purchasable","13":"product-type-simple"},"_links":{"self":[{"href":"https:\/\/baralivres.ma\/index.php?rest_route=\/wp\/v2\/product\/16081","targetHints":{"allow":["GET"]}}],"collection":[{"href":"https:\/\/baralivres.ma\/index.php?rest_route=\/wp\/v2\/product"}],"about":[{"href":"https:\/\/baralivres.ma\/index.php?rest_route=\/wp\/v2\/types\/product"}],"replies":[{"embeddable":true,"href":"https:\/\/baralivres.ma\/index.php?rest_route=%2Fwp%2Fv2%2Fcomments&post=16081"}],"version-history":[{"count":1,"href":"https:\/\/baralivres.ma\/index.php?rest_route=\/wp\/v2\/product\/16081\/revisions"}],"predecessor-version":[{"id":16089,"href":"https:\/\/baralivres.ma\/index.php?rest_route=\/wp\/v2\/product\/16081\/revisions\/16089"}],"wp:featuredmedia":[{"embeddable":true,"href":"https:\/\/baralivres.ma\/index.php?rest_route=\/wp\/v2\/media\/16088"}],"wp:attachment":[{"href":"https:\/\/baralivres.ma\/index.php?rest_route=%2Fwp%2Fv2%2Fmedia&parent=16081"}],"wp:term":[{"taxonomy":"product_cat","embeddable":true,"href":"https:\/\/baralivres.ma\/index.php?rest_route=%2Fwp%2Fv2%2Fproduct_cat&post=16081"},{"taxonomy":"product_tag","embeddable":true,"href":"https:\/\/baralivres.ma\/index.php?rest_route=%2Fwp%2Fv2%2Fproduct_tag&post=16081"}],"curies":[{"name":"wp","href":"https:\/\/api.w.org\/{rel}","templated":true}]}}