{"id":16079,"date":"2023-10-30T15:24:34","date_gmt":"2023-10-30T14:24:34","guid":{"rendered":"https:\/\/baralivres.ma\/?post_type=product&#038;p=16079"},"modified":"2023-10-30T15:24:35","modified_gmt":"2023-10-30T14:24:35","slug":"lanomalie","status":"publish","type":"product","link":"https:\/\/baralivres.ma\/?product=lanomalie","title":{"rendered":"L&rsquo;anomalie"},"content":{"rendered":"<p>Ce qui demeure v\u00e9ritablement \u00e9tonnant, et qui transcende toujours la connaissance, l&rsquo;intelligence, voire m\u00eame le g\u00e9nie, c&rsquo;est l&rsquo;opacit\u00e9 de la compr\u00e9hension.\u00a0\u00bb En juin 2021, un \u00e9v\u00e9nement compl\u00e8tement irrationnel perturbe profond\u00e9ment les existences de plusieurs centaines d&rsquo;hommes et de femmes voyageant \u00e0 bord d&rsquo;un vol entre Paris et New York. Parmi eux se trouvent Blake, un p\u00e8re de famille respect\u00e9 qui cache pourtant un sombre pass\u00e9 de tueur \u00e0 gages ; Slimboy, une star de la pop nig\u00e9riane lass\u00e9e de vivre dans le mensonge ; Joanna, une avocate redoutable rattrap\u00e9e par ses vuln\u00e9rabilit\u00e9s ; ainsi que Victor Miesel, un \u00e9crivain obscur soudainement \u00e9lev\u00e9 au statut de culte. Tous pensaient avoir des vies secr\u00e8tes, mais personne ne pouvait imaginer \u00e0 quel point c&rsquo;\u00e9tait r\u00e9ellement le cas.<\/p>\n","protected":false},"excerpt":{"rendered":"<p>En juin 2021, un \u00e9v\u00e9nement absurde transforme la vie de passagers secrets d&rsquo;un vol Paris-New York.<\/p>\n","protected":false},"featured_media":16080,"comment_status":"open","ping_status":"closed","template":"","meta":{"inline_featured_image":false},"product_cat":[204,143],"product_tag":[],"class_list":{"0":"post-16079","1":"product","2":"type-product","3":"status-publish","4":"has-post-thumbnail","6":"product_cat-francais","7":"product_cat-roman","8":"pa_auteurs-herve-le-tellier","10":"first","11":"instock","12":"shipping-taxable","13":"purchasable","14":"product-type-simple"},"_links":{"self":[{"href":"https:\/\/baralivres.ma\/index.php?rest_route=\/wp\/v2\/product\/16079","targetHints":{"allow":["GET"]}}],"collection":[{"href":"https:\/\/baralivres.ma\/index.php?rest_route=\/wp\/v2\/product"}],"about":[{"href":"https:\/\/baralivres.ma\/index.php?rest_route=\/wp\/v2\/types\/product"}],"replies":[{"embeddable":true,"href":"https:\/\/baralivres.ma\/index.php?rest_route=%2Fwp%2Fv2%2Fcomments&post=16079"}],"version-history":[{"count":1,"href":"https:\/\/baralivres.ma\/index.php?rest_route=\/wp\/v2\/product\/16079\/revisions"}],"predecessor-version":[{"id":16082,"href":"https:\/\/baralivres.ma\/index.php?rest_route=\/wp\/v2\/product\/16079\/revisions\/16082"}],"wp:featuredmedia":[{"embeddable":true,"href":"https:\/\/baralivres.ma\/index.php?rest_route=\/wp\/v2\/media\/16080"}],"wp:attachment":[{"href":"https:\/\/baralivres.ma\/index.php?rest_route=%2Fwp%2Fv2%2Fmedia&parent=16079"}],"wp:term":[{"taxonomy":"product_cat","embeddable":true,"href":"https:\/\/baralivres.ma\/index.php?rest_route=%2Fwp%2Fv2%2Fproduct_cat&post=16079"},{"taxonomy":"product_tag","embeddable":true,"href":"https:\/\/baralivres.ma\/index.php?rest_route=%2Fwp%2Fv2%2Fproduct_tag&post=16079"}],"curies":[{"name":"wp","href":"https:\/\/api.w.org\/{rel}","templated":true}]}}