{"id":16074,"date":"2023-10-30T15:20:56","date_gmt":"2023-10-30T14:20:56","guid":{"rendered":"https:\/\/baralivres.ma\/?post_type=product&#038;p=16074"},"modified":"2023-10-30T15:20:56","modified_gmt":"2023-10-30T14:20:56","slug":"ravage","status":"publish","type":"product","link":"https:\/\/baralivres.ma\/?product=ravage","title":{"rendered":"Ravage"},"content":{"rendered":"<p>Ignoriez-vous les \u00e9v\u00e9nements d&rsquo;hier ? \u00c0 la m\u00eame heure, tous les moteurs d&rsquo;avion se sont subitement \u00e9teints, juste lorsque l&rsquo;\u00e9lectricit\u00e9 a flanch\u00e9 partout. Ceux qui \u00e9taient en train de descendre pour atterrir sur la piste ont chut\u00e9 comme une pluie de gr\u00eale. Vous n&rsquo;avez pas entendu quoi que ce soit \u00e0 ce sujet ? Personnellement, dans mon petit appartement pr\u00e8s du garage, c&rsquo;est un v\u00e9ritable miracle que je n&rsquo;aie pas \u00e9t\u00e9 \u00e9cras\u00e9. Quand le bus de la ligne 2 est tomb\u00e9, j&rsquo;ai bondi comme une cr\u00eape&#8230; Allez jeter un coup d&rsquo;\u0153il dehors, vous verrez le spectacle \u00e9tonnant !<\/p>\n","protected":false},"excerpt":{"rendered":"<p>Hier, tous les avions ont soudainement perdu de la puissance, causant des accidents. Le narrateur a fr\u00f4l\u00e9 la catastrophe.<\/p>\n","protected":false},"featured_media":16075,"comment_status":"open","ping_status":"closed","template":"","meta":{"inline_featured_image":false},"product_cat":[204,143],"product_tag":[],"class_list":{"0":"post-16074","1":"product","2":"type-product","3":"status-publish","4":"has-post-thumbnail","6":"product_cat-francais","7":"product_cat-roman","8":"pa_auteurs-rene-barjavel","10":"first","11":"instock","12":"shipping-taxable","13":"purchasable","14":"product-type-simple"},"_links":{"self":[{"href":"https:\/\/baralivres.ma\/index.php?rest_route=\/wp\/v2\/product\/16074","targetHints":{"allow":["GET"]}}],"collection":[{"href":"https:\/\/baralivres.ma\/index.php?rest_route=\/wp\/v2\/product"}],"about":[{"href":"https:\/\/baralivres.ma\/index.php?rest_route=\/wp\/v2\/types\/product"}],"replies":[{"embeddable":true,"href":"https:\/\/baralivres.ma\/index.php?rest_route=%2Fwp%2Fv2%2Fcomments&post=16074"}],"version-history":[{"count":1,"href":"https:\/\/baralivres.ma\/index.php?rest_route=\/wp\/v2\/product\/16074\/revisions"}],"predecessor-version":[{"id":16078,"href":"https:\/\/baralivres.ma\/index.php?rest_route=\/wp\/v2\/product\/16074\/revisions\/16078"}],"wp:featuredmedia":[{"embeddable":true,"href":"https:\/\/baralivres.ma\/index.php?rest_route=\/wp\/v2\/media\/16075"}],"wp:attachment":[{"href":"https:\/\/baralivres.ma\/index.php?rest_route=%2Fwp%2Fv2%2Fmedia&parent=16074"}],"wp:term":[{"taxonomy":"product_cat","embeddable":true,"href":"https:\/\/baralivres.ma\/index.php?rest_route=%2Fwp%2Fv2%2Fproduct_cat&post=16074"},{"taxonomy":"product_tag","embeddable":true,"href":"https:\/\/baralivres.ma\/index.php?rest_route=%2Fwp%2Fv2%2Fproduct_tag&post=16074"}],"curies":[{"name":"wp","href":"https:\/\/api.w.org\/{rel}","templated":true}]}}