{"id":16072,"date":"2023-10-30T15:20:14","date_gmt":"2023-10-30T14:20:14","guid":{"rendered":"https:\/\/baralivres.ma\/?post_type=product&#038;p=16072"},"modified":"2024-10-29T18:12:38","modified_gmt":"2024-10-29T17:12:38","slug":"un-alchimiste-raconte","status":"publish","type":"product","link":"https:\/\/baralivres.ma\/?product=un-alchimiste-raconte","title":{"rendered":"Un alchimiste raconte"},"content":{"rendered":"<p>Les alchimistes sont une raret\u00e9, se comptant au nombre de dix par si\u00e8cle, et parmi eux se trouve Patrick Burensteinas. Avec une formation scientifique, il a d\u00e9di\u00e9 des ann\u00e9es \u00e0 ses exp\u00e9riences en alchimie. Son voyage a d\u00e9but\u00e9 par un d\u00e9sir de prouver que cela n&rsquo;\u00e9tait pas possible, pour finalement aboutir \u00e0 une r\u00e9ussite qui a rendu l&rsquo;impossible possible. Dans son autobiographie, il d\u00e9taille sa qu\u00eate de la pierre philosophale, qui permet non seulement de transformer le plomb en or, comme le souhaitaient les alchimistes, mais surtout d&rsquo;atteindre une lumi\u00e8re spirituelle. Il explore des questions essentielles, telles que l&rsquo;existence d&rsquo;une \u00e2me au-del\u00e0 de la mati\u00e8re, les origines de notre monde, la signification de la mort et ce qui se trouve au-del\u00e0 de celle-ci, ainsi que l&rsquo;existence d&rsquo;une r\u00e9alit\u00e9 invisible. \u00c0 travers son regard personnel, il partage une pr\u00e9cieuse le\u00e7on de sagesse qui se fraie un chemin entre l&rsquo;ordinaire et l&rsquo;extraordinaire, dans le but de la partager avec un large public.<\/p>\n","protected":false},"excerpt":{"rendered":"<p>Patrick Burensteinas, alchimiste scientifique, partage sa transformation de l&rsquo;impossible \u00e0 la lumi\u00e8re spirituelle et explore des questions profondes.<\/p>\n","protected":false},"featured_media":16076,"comment_status":"open","ping_status":"closed","template":"","meta":{"inline_featured_image":false},"product_cat":[3673],"product_tag":[],"class_list":{"0":"post-16072","1":"product","2":"type-product","3":"status-publish","4":"has-post-thumbnail","6":"product_cat-aventire-secrete","7":"pa_auteurs-patrick-burensteinas","9":"first","10":"instock","11":"shipping-taxable","12":"purchasable","13":"product-type-simple"},"_links":{"self":[{"href":"https:\/\/baralivres.ma\/index.php?rest_route=\/wp\/v2\/product\/16072","targetHints":{"allow":["GET"]}}],"collection":[{"href":"https:\/\/baralivres.ma\/index.php?rest_route=\/wp\/v2\/product"}],"about":[{"href":"https:\/\/baralivres.ma\/index.php?rest_route=\/wp\/v2\/types\/product"}],"replies":[{"embeddable":true,"href":"https:\/\/baralivres.ma\/index.php?rest_route=%2Fwp%2Fv2%2Fcomments&post=16072"}],"version-history":[{"count":1,"href":"https:\/\/baralivres.ma\/index.php?rest_route=\/wp\/v2\/product\/16072\/revisions"}],"predecessor-version":[{"id":16077,"href":"https:\/\/baralivres.ma\/index.php?rest_route=\/wp\/v2\/product\/16072\/revisions\/16077"}],"wp:featuredmedia":[{"embeddable":true,"href":"https:\/\/baralivres.ma\/index.php?rest_route=\/wp\/v2\/media\/16076"}],"wp:attachment":[{"href":"https:\/\/baralivres.ma\/index.php?rest_route=%2Fwp%2Fv2%2Fmedia&parent=16072"}],"wp:term":[{"taxonomy":"product_cat","embeddable":true,"href":"https:\/\/baralivres.ma\/index.php?rest_route=%2Fwp%2Fv2%2Fproduct_cat&post=16072"},{"taxonomy":"product_tag","embeddable":true,"href":"https:\/\/baralivres.ma\/index.php?rest_route=%2Fwp%2Fv2%2Fproduct_tag&post=16072"}],"curies":[{"name":"wp","href":"https:\/\/api.w.org\/{rel}","templated":true}]}}